{"id":20004,"date":"2025-04-10T14:05:08","date_gmt":"2025-04-10T11:05:08","guid":{"rendered":"https:\/\/inspital.com\/%d0%b2%d1%8b%d1%85%d0%be%d0%b4%d0%bd%d1%8b%d0%b5-%d0%b4%d0%b0%d0%bd%d0%bd%d1%8b%d0%b5\/"},"modified":"2026-04-23T11:38:36","modified_gmt":"2026-04-23T08:38:36","slug":"%d0%b2%d1%8b%d1%85%d0%be%d0%b4%d0%bd%d1%8b%d0%b5-%d0%b4%d0%b0%d0%bd%d0%bd%d1%8b%d0%b5","status":"publish","type":"page","link":"https:\/\/inspital.com\/ru\/%d0%b2%d1%8b%d1%85%d0%be%d0%b4%d0%bd%d1%8b%d0%b5-%d0%b4%d0%b0%d0%bd%d0%bd%d1%8b%d0%b5\/","title":{"rendered":"\u0412\u044b\u0445\u043e\u0434\u043d\u044b\u0435 \u0434\u0430\u043d\u043d\u044b\u0435"},"content":{"rendered":"\t\t<div data-elementor-type=\"wp-page\" data-elementor-id=\"20004\" class=\"elementor elementor-20004 elementor-7932\" data-elementor-post-type=\"page\">\n\t\t\t\t<div class=\"wd-negative-gap elementor-element elementor-element-08e0108 wd-section-stretch e-flex e-con-boxed e-con e-parent\" data-id=\"08e0108\" data-element_type=\"container\" data-e-type=\"container\" data-settings=\"{&quot;background_background&quot;:&quot;classic&quot;}\">\n\t\t\t\t\t<div class=\"e-con-inner\">\n\t\t<div class=\"elementor-element elementor-element-f54ba50 e-con-full e-flex e-con e-child\" data-id=\"f54ba50\" data-element_type=\"container\" data-e-type=\"container\">\n\t\t\t\t<div class=\"elementor-element elementor-element-28a7c7a elementor-widget elementor-widget-heading\" data-id=\"28a7c7a\" data-element_type=\"widget\" data-e-type=\"widget\" data-widget_type=\"heading.default\">\n\t\t\t\t<div class=\"elementor-widget-container\">\n\t\t\t\t\t<h1 class=\"elementor-heading-title elementor-size-default\">\u0412\u044b\u0445\u043e\u0434\u043d\u044b\u0435 \u0434\u0430\u043d\u043d\u044b\u0435\/\u0418\u043d\u0444\u043e\u0440\u043c\u0430\u0446\u0438\u044f \u043e \u0441\u0430\u0439\u0442\u0435<\/h1>\t\t\t\t<\/div>\n\t\t\t\t<\/div>\n\t\t\t\t<div class=\"elementor-element elementor-element-7bc4ed4 wd-nowrap-md wd-el-breadcrumbs text-left elementor-widget elementor-widget-wd_wc_breadcrumb\" data-id=\"7bc4ed4\" data-element_type=\"widget\" data-e-type=\"widget\" data-widget_type=\"wd_wc_breadcrumb.default\">\n\t\t\t\t<div class=\"elementor-widget-container\">\n\t\t\t\t\t<nav class=\"wd-breadcrumbs woocommerce-breadcrumb\" aria-label=\"Breadcrumb\">\t\t\t\t<span class=\"wd-last\">\n\t\t\t\t\t\u0413\u043b\u0430\u0432\u043d\u0430\u044f\t\t\t\t<\/span>\n\t\t\t<\/nav>\t\t\t\t<\/div>\n\t\t\t\t<\/div>\n\t\t\t\t<\/div>\n\t\t<div class=\"elementor-element elementor-element-ec2fe17 e-con-full elementor-hidden-mobile e-flex e-con e-child\" data-id=\"ec2fe17\" data-element_type=\"container\" data-e-type=\"container\">\n\t\t\t\t<div class=\"elementor-element elementor-element-6638c7e elementor-widget elementor-widget-image\" data-id=\"6638c7e\" data-element_type=\"widget\" data-e-type=\"widget\" data-widget_type=\"image.default\">\n\t\t\t\t<div class=\"elementor-widget-container\">\n\t\t\t\t\t\t\t\t\t\t\t\t\t\t\t<img loading=\"lazy\" decoding=\"async\" width=\"1024\" height=\"291\" src=\"https:\/\/inspital.com\/wp-content\/uploads\/2024\/03\/Benotigen-Sie-Hilfe-neu001-1024x291.png\" class=\"attachment-large size-large wp-image-19003\" alt=\"\" srcset=\"https:\/\/inspital.com\/wp-content\/uploads\/2024\/03\/Benotigen-Sie-Hilfe-neu001-1024x291.png 1024w, https:\/\/inspital.com\/wp-content\/uploads\/2024\/03\/Benotigen-Sie-Hilfe-neu001-300x85.png 300w, https:\/\/inspital.com\/wp-content\/uploads\/2024\/03\/Benotigen-Sie-Hilfe-neu001-768x218.png 768w, https:\/\/inspital.com\/wp-content\/uploads\/2024\/03\/Benotigen-Sie-Hilfe-neu001-1200x341.png 1200w, https:\/\/inspital.com\/wp-content\/uploads\/2024\/03\/Benotigen-Sie-Hilfe-neu001-150x43.png 150w, https:\/\/inspital.com\/wp-content\/uploads\/2024\/03\/Benotigen-Sie-Hilfe-neu001.png 1408w\" sizes=\"auto, (max-width: 1024px) 100vw, 1024px\" \/>\t\t\t\t\t\t\t\t\t\t\t\t\t\t\t<\/div>\n\t\t\t\t<\/div>\n\t\t\t\t<div class=\"elementor-element elementor-element-c7b83a9 elementor-widget elementor-widget-wd_text_block\" data-id=\"c7b83a9\" data-element_type=\"widget\" data-e-type=\"widget\" data-widget_type=\"wd_text_block.default\">\n\t\t\t\t<div class=\"elementor-widget-container\">\n\t\t\t\t\t\t\t<div class=\"wd-text-block reset-last-child text-left color-title color-scheme-dark\">\n\t\t\t\n\t\t\t<p>\u041d\u0443\u0436\u043d\u0430 \u043f\u043e\u043c\u043e\u0449\u044c?<span style=\"font-size: 16px;\"><\/span><\/p>\n\t\t\t\t\t<\/div>\n\t\t\t\t\t\t<\/div>\n\t\t\t\t<\/div>\n\t\t\t\t<div class=\"elementor-element elementor-element-6176918 elementor-widget elementor-widget-button\" data-id=\"6176918\" data-element_type=\"widget\" data-e-type=\"widget\" data-widget_type=\"button.default\">\n\t\t\t\t<div class=\"elementor-widget-container\">\n\t\t\t\t\t\t\t\t\t<div class=\"elementor-button-wrapper\">\n\t\t\t\t\t<a class=\"elementor-button elementor-size-sm\" role=\"button\">\n\t\t\t\t\t\t<span class=\"elementor-button-content-wrapper\">\n\t\t\t\t\t\t<span class=\"elementor-button-icon\">\n\t\t\t\t<svg aria-hidden=\"true\" class=\"e-font-icon-svg e-fas-arrow-right\" viewBox=\"0 0 448 512\" xmlns=\"http:\/\/www.w3.org\/2000\/svg\"><path d=\"M190.5 66.9l22.2-22.2c9.4-9.4 24.6-9.4 33.9 0L441 239c9.4 9.4 9.4 24.6 0 33.9L246.6 467.3c-9.4 9.4-24.6 9.4-33.9 0l-22.2-22.2c-9.5-9.5-9.3-25 .4-34.3L311.4 296H24c-13.3 0-24-10.7-24-24v-32c0-13.3 10.7-24 24-24h287.4L190.9 101.2c-9.8-9.3-10-24.8-.4-34.3z\"><\/path><\/svg>\t\t\t<\/span>\n\t\t\t\t\t\t\t\t\t<span class=\"elementor-button-text\">\u0423\u0437\u043d\u0430\u0442\u044c \u0431\u043e\u043b\u044c\u0448\u0435<\/span>\n\t\t\t\t\t<\/span>\n\t\t\t\t\t<\/a>\n\t\t\t\t<\/div>\n\t\t\t\t\t\t\t\t<\/div>\n\t\t\t\t<\/div>\n\t\t\t\t<\/div>\n\t\t\t\t\t<\/div>\n\t\t\t\t<\/div>\n\t\t<div class=\"elementor-element elementor-element-54dc60d e-con-full e-flex e-con e-child\" data-id=\"54dc60d\" data-element_type=\"container\" data-e-type=\"container\">\n\t\t<div class=\"elementor-element elementor-element-ae8ff0e e-con-full e-flex e-con e-child\" data-id=\"ae8ff0e\" data-element_type=\"container\" data-e-type=\"container\" data-settings=\"{&quot;background_background&quot;:&quot;classic&quot;}\">\n\t\t\t\t<div class=\"elementor-element elementor-element-c23de8d color-scheme-inherit text-left elementor-widget elementor-widget-text-editor\" data-id=\"c23de8d\" data-element_type=\"widget\" data-e-type=\"widget\" data-widget_type=\"text-editor.default\">\n\t\t\t\t<div class=\"elementor-widget-container\">\n\t\t\t\t\t\t\t\t\t<h1>\u0412\u044b\u0445\u043e\u0434\u043d\u044b\u0435 \u0434\u0430\u043d\u043d\u044b\u0435\/\u0418\u043d\u0444\u043e\u0440\u043c\u0430\u0446\u0438\u044f \u043e \u0441\u0430\u0439\u0442\u0435<\/h1>\n\n<p>Inspital Medical Technology GmbH<br>Mosel Str. 23<br>41464 \u041d\u043e\u0439\u0441 <\/p>\n\n<p>\u0422\u043e\u0440\u0433\u043e\u0432\u044b\u0439 \u0440\u0435\u0435\u0441\u0442\u0440: HRB 86533<br>\u0420\u0435\u0433\u0438\u0441\u0442\u0440\u0430\u0446\u0438\u043e\u043d\u043d\u044b\u0439 \u0441\u0443\u0434: Amtsgericht \u0414\u044e\u0441\u0441\u0435\u043b\u044c\u0434\u043e\u0440\u0444<\/p>\n\n<p>\u041f\u0440\u0435\u0434\u0441\u0442\u0430\u0432\u043b\u0435\u043d\u043e:<br>Gesch\u00e4ftsf\u00fchrer:<br>\u0130brahim Elis<br>Taha Beser<\/p>\n\n<h2>\u041a\u043e\u043d\u0442\u0430\u043a\u0442\u044b<\/h2>\n<p>\u0422\u0435\u043b\u0435\u0444\u043e\u043d: +49 2131 291 75 00<br>\u042d\u043b\u0435\u043a\u0442\u0440\u043e\u043d\u043d\u0430\u044f \u043f\u043e\u0447\u0442\u0430: info@inspital.com<\/p>\n\n<h2>\u0418\u0434\u0435\u043d\u0442\u0438\u0444\u0438\u043a\u0430\u0446\u0438\u043e\u043d\u043d\u044b\u0439 \u043d\u043e\u043c\u0435\u0440 \u043f\u043b\u0430\u0442\u0435\u043b\u044c\u0449\u0438\u043a\u0430 \u041d\u0414\u0421<br><br><\/h2>\n<p>\u0418\u0434\u0435\u043d\u0442\u0438\u0444\u0438\u043a\u0430\u0446\u0438\u043e\u043d\u043d\u044b\u0439 \u043d\u043e\u043c\u0435\u0440 \u043f\u043b\u0430\u0442\u0435\u043b\u044c\u0449\u0438\u043a\u0430 \u043d\u0430\u043b\u043e\u0433\u0430 \u0441 \u043f\u0440\u043e\u0434\u0430\u0436 \u0441\u043e\u0433\u043b\u0430\u0441\u043d\u043e \u0440\u0430\u0437\u0434\u0435\u043b\u0443 27 a \u0417\u0430\u043a\u043e\u043d\u0430 \u043e \u043d\u0430\u043b\u043e\u0433\u0435 \u0441 \u043f\u0440\u043e\u0434\u0430\u0436:<br>DE 324739636 <\/p>\n\n<h2>\u041b\u0438\u0446\u043e, \u043e\u0442\u0432\u0435\u0442\u0441\u0442\u0432\u0435\u043d\u043d\u043e\u0435 \u0437\u0430 \u0440\u0435\u0434\u0430\u043a\u0446\u0438\u043e\u043d\u043d\u043e\u0435 \u0441\u043e\u0434\u0435\u0440\u0436\u0430\u043d\u0438\u0435<\/h2>\n<p>Taha Beser, Mosel Str. 23 41464 \u041d\u043e\u0439\u0441 <\/p>\n\n<h2>\u041f\u0440\u043e\u0446\u0435\u0434\u0443\u0440\u0430 \u0440\u0430\u0437\u0440\u0435\u0448\u0435\u043d\u0438\u044f \u0441\u043f\u043e\u0440\u043e\u0432 \u043f\u0435\u0440\u0435\u0434 \u0430\u0440\u0431\u0438\u0442\u0440\u0430\u0436\u043d\u044b\u043c \u0441\u043e\u0432\u0435\u0442\u043e\u043c \u043f\u043e \u0434\u0435\u043b\u0430\u043c \u043f\u043e\u0442\u0440\u0435\u0431\u0438\u0442\u0435\u043b\u0435\u0439<\/h2>\n<p>\u041c\u044b \u043d\u0435 \u0436\u0435\u043b\u0430\u0435\u043c \u0438 \u043d\u0435 \u043e\u0431\u044f\u0437\u0430\u043d\u044b \u0443\u0447\u0430\u0441\u0442\u0432\u043e\u0432\u0430\u0442\u044c \u0432 \u043f\u0440\u043e\u0446\u0435\u0434\u0443\u0440\u0430\u0445 \u0440\u0430\u0437\u0440\u0435\u0448\u0435\u043d\u0438\u044f \u0441\u043f\u043e\u0440\u043e\u0432 \u043f\u0435\u0440\u0435\u0434 \u0430\u0440\u0431\u0438\u0442\u0440\u0430\u0436\u043d\u044b\u043c \u0441\u043e\u0432\u0435\u0442\u043e\u043c \u043f\u043e \u0434\u0435\u043b\u0430\u043c \u043f\u043e\u0442\u0440\u0435\u0431\u0438\u0442\u0435\u043b\u0435\u0439.<\/p>\n\n\u0421\u0441\u044b\u043b\u043a\u0438 \u0438 \u0433\u0438\u043f\u0435\u0440\u0441\u0441\u044b\u043b\u043a\u0438\n\u0414\u0430\u043d\u043d\u044b\u0439 \u0432\u0435\u0431-\u0441\u0430\u0439\u0442 \u043c\u043e\u0436\u0435\u0442 \u0441\u043e\u0434\u0435\u0440\u0436\u0430\u0442\u044c \u0433\u0438\u043f\u0435\u0440\u0441\u0441\u044b\u043b\u043a\u0438 \u043d\u0430 \u0441\u0442\u043e\u0440\u043e\u043d\u043d\u0438\u0435 \u0432\u0435\u0431-\u0441\u0430\u0439\u0442\u044b. Inspital Medical Technology GmbH \u043f\u0440\u044f\u043c\u043e \u0437\u0430\u044f\u0432\u043b\u044f\u0435\u0442, \u0447\u0442\u043e \u043d\u0430 \u043c\u043e\u043c\u0435\u043d\u0442 \u0441\u043e\u0437\u0434\u0430\u043d\u0438\u044f \u0441\u0441\u044b\u043b\u043e\u043a \u043d\u0430 \u0441\u0432\u044f\u0437\u0430\u043d\u043d\u044b\u0445 \u0441\u0442\u0440\u0430\u043d\u0438\u0446\u0430\u0445 \u043d\u0435 \u0431\u044b\u043b\u043e \u043e\u0431\u043d\u0430\u0440\u0443\u0436\u0435\u043d\u043e \u043d\u0435\u0437\u0430\u043a\u043e\u043d\u043d\u043e\u0433\u043e \u0441\u043e\u0434\u0435\u0440\u0436\u0430\u043d\u0438\u044f. Inspital Medical Technology GmbH \u043d\u0435 \u0438\u043c\u0435\u0435\u0442 \u0432\u043b\u0438\u044f\u043d\u0438\u044f \u043d\u0430 \u0442\u0435\u043a\u0443\u0449\u0435\u0435 \u0438 \u0431\u0443\u0434\u0443\u0449\u0435\u0435 \u043e\u0444\u043e\u0440\u043c\u043b\u0435\u043d\u0438\u0435, \u0441\u043e\u0434\u0435\u0440\u0436\u0430\u043d\u0438\u0435 \u0438\u043b\u0438 \u0430\u0432\u0442\u043e\u0440\u0441\u0442\u0432\u043e \u0441\u0432\u044f\u0437\u0430\u043d\u043d\u044b\u0445 \u0441\u0442\u0440\u0430\u043d\u0438\u0446. Inspital Medical Technology \u043d\u0435 \u043d\u0435\u0441\u0451\u0442 \u043d\u0438\u043a\u0430\u043a\u043e\u0439 \u043e\u0442\u0432\u0435\u0442\u0441\u0442\u0432\u0435\u043d\u043d\u043e\u0441\u0442\u0438 \u0437\u0430 \u0441\u043e\u0434\u0435\u0440\u0436\u0430\u043d\u0438\u0435 \u044d\u0442\u0438\u0445 \u0432\u0435\u0431-\u0441\u0430\u0439\u0442\u043e\u0432, \u0430 \u0442\u0430\u043a\u0436\u0435 Inspital Medical Technology GmbH \u043d\u0435 \u043f\u0440\u0438\u043d\u0438\u043c\u0430\u0435\u0442 \u044d\u0442\u0438 \u0432\u0435\u0431-\u0441\u0430\u0439\u0442\u044b \u0438 \u0438\u0445 \u0441\u043e\u0434\u0435\u0440\u0436\u0430\u043d\u0438\u0435 \u043a\u0430\u043a \u0441\u0432\u043e\u0438 \u0441\u043e\u0431\u0441\u0442\u0432\u0435\u043d\u043d\u044b\u0435, \u043f\u043e\u0441\u043a\u043e\u043b\u044c\u043a\u0443 Inspital Medical Technology GmbH \u043d\u0435 \u043a\u043e\u043d\u0442\u0440\u043e\u043b\u0438\u0440\u0443\u0435\u0442 \u0441\u0432\u044f\u0437\u0430\u043d\u043d\u0443\u044e \u0438\u043d\u0444\u043e\u0440\u043c\u0430\u0446\u0438\u044e \u0438 \u043d\u0435 \u043d\u0435\u0441\u0451\u0442 \u043e\u0442\u0432\u0435\u0442\u0441\u0442\u0432\u0435\u043d\u043d\u043e\u0441\u0442\u0438 \u0437\u0430 \u043f\u0440\u0435\u0434\u043e\u0441\u0442\u0430\u0432\u043b\u0435\u043d\u043d\u043e\u0435 \u0442\u0430\u043c \u0441\u043e\u0434\u0435\u0440\u0436\u0430\u043d\u0438\u0435 \u0438 \u0438\u043d\u0444\u043e\u0440\u043c\u0430\u0446\u0438\u044e. \u0418\u0445 \u0438\u0441\u043f\u043e\u043b\u044c\u0437\u043e\u0432\u0430\u043d\u0438\u0435 \u043e\u0441\u0443\u0449\u0435\u0441\u0442\u0432\u043b\u044f\u0435\u0442\u0441\u044f \u043d\u0430 \u0440\u0438\u0441\u043a \u043f\u043e\u043b\u044c\u0437\u043e\u0432\u0430\u0442\u0435\u043b\u044f.     \n\n\u0417\u0430\u0449\u0438\u0442\u0430 \u0430\u0432\u0442\u043e\u0440\u0441\u043a\u0438\u0445 \u043f\u0440\u0430\u0432 \u0438 \u0442\u043e\u0432\u0430\u0440\u043d\u044b\u0445 \u0437\u043d\u0430\u043a\u043e\u0432\n\u0412\u0441\u0435 \u043f\u0440\u0430\u0432\u0430 \u0437\u0430\u0449\u0438\u0449\u0435\u043d\u044b. \u0412\u0441\u0435 \u0442\u0435\u043a\u0441\u0442\u044b, \u0438\u0437\u043e\u0431\u0440\u0430\u0436\u0435\u043d\u0438\u044f, \u0433\u0440\u0430\u0444\u0438\u043a\u0430, \u043c\u0443\u043b\u044c\u0442\u0438\u043c\u0435\u0434\u0438\u0439\u043d\u044b\u0435 \u0444\u0430\u0439\u043b\u044b \u0438 \u043c\u0430\u043a\u0435\u0442 \u043f\u043e\u0434\u043b\u0435\u0436\u0430\u0442 \u0437\u0430\u0449\u0438\u0442\u0435 \u0432 \u0441\u043e\u043e\u0442\u0432\u0435\u0442\u0441\u0442\u0432\u0438\u0438 \u0441 \u0437\u0430\u043a\u043e\u043d\u0430\u043c\u0438 \u043e\u0431 \u0430\u0432\u0442\u043e\u0440\u0441\u043a\u043e\u043c \u043f\u0440\u0430\u0432\u0435 \u0438 \u0438\u043d\u0442\u0435\u043b\u043b\u0435\u043a\u0442\u0443\u0430\u043b\u044c\u043d\u043e\u0439 \u0441\u043e\u0431\u0441\u0442\u0432\u0435\u043d\u043d\u043e\u0441\u0442\u0438. \u041b\u044e\u0431\u043e\u0435 \u0434\u0430\u043b\u044c\u043d\u0435\u0439\u0448\u0435\u0435 \u0438\u0441\u043f\u043e\u043b\u044c\u0437\u043e\u0432\u0430\u043d\u0438\u0435 \u0442\u0440\u0435\u0431\u0443\u0435\u0442 \u044f\u0432\u043d\u043e\u0433\u043e \u0441\u043e\u0433\u043b\u0430\u0441\u0438\u044f Inspital Medical Technology GmbH.\n\u0415\u0441\u043b\u0438 \u0447\u0430\u0441\u0442\u0438 \u0438\u043b\u0438 \u043e\u0442\u0434\u0435\u043b\u044c\u043d\u044b\u0435 \u0444\u043e\u0440\u043c\u0443\u043b\u0438\u0440\u043e\u0432\u043a\u0438 \u0434\u0430\u043d\u043d\u043e\u0433\u043e \u0442\u0435\u043a\u0441\u0442\u0430 \u043d\u0435 \u0441\u043e\u043e\u0442\u0432\u0435\u0442\u0441\u0442\u0432\u0443\u044e\u0442, \u0431\u043e\u043b\u0435\u0435 \u043d\u0435 \u0441\u043e\u043e\u0442\u0432\u0435\u0442\u0441\u0442\u0432\u0443\u044e\u0442 \u0438\u043b\u0438 \u043d\u0435 \u043f\u043e\u043b\u043d\u043e\u0441\u0442\u044c\u044e \u0441\u043e\u043e\u0442\u0432\u0435\u0442\u0441\u0442\u0432\u0443\u044e\u0442 \u0434\u0435\u0439\u0441\u0442\u0432\u0443\u044e\u0449\u0435\u0439 \u043f\u0440\u0430\u0432\u043e\u0432\u043e\u0439 \u0441\u0438\u0442\u0443\u0430\u0446\u0438\u0438, \u043e\u0441\u0442\u0430\u043b\u044c\u043d\u044b\u0435 \u0447\u0430\u0441\u0442\u0438 \u0434\u043e\u043a\u0443\u043c\u0435\u043d\u0442\u0430 \u043e\u0441\u0442\u0430\u044e\u0442\u0441\u044f \u043d\u0435\u0438\u0437\u043c\u0435\u043d\u043d\u044b\u043c\u0438 \u043f\u043e \u0441\u0432\u043e\u0435\u043c\u0443 \u0441\u043e\u0434\u0435\u0440\u0436\u0430\u043d\u0438\u044e \u0438 \u0434\u0435\u0439\u0441\u0442\u0432\u0438\u0442\u0435\u043b\u044c\u043d\u043e\u0441\u0442\u0438.   \t\t\t\t\t\t\t\t<\/div>\n\t\t\t\t<\/div>\n\t\t\t\t<\/div>\n\t\t\t\t<\/div>\n\t\t\t\t<\/div>\n\t\t","protected":false},"excerpt":{"rendered":"<p>\u0412\u044b\u0445\u043e\u0434\u043d\u044b\u0435 \u0434\u0430\u043d\u043d\u044b\u0435\/\u0418\u043d\u0444\u043e\u0440\u043c\u0430\u0446\u0438\u044f \u043e \u0441\u0430\u0439\u0442\u0435 Home \u041d\u0443\u0436\u043d\u0430 \u043f\u043e\u043c\u043e\u0449\u044c? \u0423\u0437\u043d\u0430\u0442\u044c \u0431\u043e\u043b\u044c\u0448\u0435 \u0412\u044b\u0445\u043e\u0434\u043d\u044b\u0435 \u0434\u0430\u043d\u043d\u044b\u0435\/\u0418\u043d\u0444\u043e\u0440\u043c\u0430\u0446\u0438\u044f \u043e \u0441\u0430\u0439\u0442\u0435 Inspital Medical Technology GmbHMosel Str. 2341464 \u041d\u043e\u0439\u0441<\/p>\n","protected":false},"author":1,"featured_media":0,"parent":0,"menu_order":0,"comment_status":"closed","ping_status":"closed","template":"","meta":{"_acf_changed":false,"footnotes":""},"class_list":["post-20004","page","type-page","status-publish","hentry"],"acf":[],"_links":{"self":[{"href":"https:\/\/inspital.com\/ru\/wp-json\/wp\/v2\/pages\/20004","targetHints":{"allow":["GET"]}}],"collection":[{"href":"https:\/\/inspital.com\/ru\/wp-json\/wp\/v2\/pages"}],"about":[{"href":"https:\/\/inspital.com\/ru\/wp-json\/wp\/v2\/types\/page"}],"author":[{"embeddable":true,"href":"https:\/\/inspital.com\/ru\/wp-json\/wp\/v2\/users\/1"}],"replies":[{"embeddable":true,"href":"https:\/\/inspital.com\/ru\/wp-json\/wp\/v2\/comments?post=20004"}],"version-history":[{"count":1,"href":"https:\/\/inspital.com\/ru\/wp-json\/wp\/v2\/pages\/20004\/revisions"}],"predecessor-version":[{"id":20006,"href":"https:\/\/inspital.com\/ru\/wp-json\/wp\/v2\/pages\/20004\/revisions\/20006"}],"wp:attachment":[{"href":"https:\/\/inspital.com\/ru\/wp-json\/wp\/v2\/media?parent=20004"}],"curies":[{"name":"wp","href":"https:\/\/api.w.org\/{rel}","templated":true}]}}