{"id":16704,"date":"2025-03-03T15:05:48","date_gmt":"2025-03-03T12:05:48","guid":{"rendered":"https:\/\/inspital.com\/product\/lampe-dexamen-ld02-08\/"},"modified":"2026-03-06T12:57:03","modified_gmt":"2026-03-06T09:57:03","slug":"lampe-dexamen-ld02-08","status":"publish","type":"product","link":"https:\/\/inspital.com\/fr\/product\/lampe-dexamen-ld02-08\/","title":{"rendered":"Lampe d&rsquo;examen mobile LD02.08"},"content":{"rendered":"","protected":false},"excerpt":{"rendered":"<div class=\"detail\">\n<div class=\"cnt\">\n<p>Les lampes d&rsquo;examen LED INSPITAL r\u00e9pondent \u00e0 toutes les exigences d&rsquo;\u00e9clairage chirurgical des salles d&rsquo;op\u00e9ration. La technologie LED de nouvelle g\u00e9n\u00e9ration aide les chirurgiens \u00e0 op\u00e9rer et \u00e0 visualiser clairement le champ op\u00e9ratoire. Les lampes LED INSPITAL peuvent \u00eatre adapt\u00e9es \u00e0 toutes les tailles de salles d&rsquo;op\u00e9ration, y compris les grands types hybrides, avec une grande vari\u00e9t\u00e9 de mod\u00e8les et de combinaisons.  <\/p>\n<\/div>\n<\/div>\n","protected":false},"featured_media":16705,"template":"","meta":{"_acf_changed":false},"product_brand":[],"product_cat":[354,344,352,347,355,350,353,376,348,349,351,345,346,656,631,475,488,497,491,478,481,494],"product_tag":[],"class_list":{"0":"post-16704","1":"product","2":"type-product","3":"status-publish","4":"has-post-thumbnail","6":"product_cat-eclairage-bloc-operatoire","7":"product_cat-eclairage-chirugical","8":"product_cat-eclairage-operatoire","9":"product_cat-lampe-dexamen","10":"product_cat-lampe-dexamen-led","11":"product_cat-lampe-doperation","12":"product_cat-lampe-doperation-dispositif-medical","13":"product_cat-lampe-doperation-mobile-2","14":"product_cat-lampe-doperation-mobile","15":"product_cat-lampe-operatoire-mobile","16":"product_cat-lampes-dexamen-mobiles","17":"product_cat-lampes-operatoires","18":"product_cat-lampes-operatoires-led","19":"product_cat-acheter-un-eclairage-operatoire","20":"product_cat-eclairage-operatoire-au-dessus-de-la-table-doperation","21":"product_cat-fabricant-declairage-operatoire","22":"product_cat-fabricant-del-scialytiques","23":"product_cat-lampe-doperation-murale","25":"product_cat-les-entreprises-de-technologie-medicale","26":"product_cat-montage-de-scialytique","27":"product_cat-scialytique-led","29":"first","30":"instock","31":"taxable","32":"shipping-taxable","33":"purchasable","34":"product-type-simple"},"acf":[],"_links":{"self":[{"href":"https:\/\/inspital.com\/fr\/wp-json\/wp\/v2\/product\/16704","targetHints":{"allow":["GET"]}}],"collection":[{"href":"https:\/\/inspital.com\/fr\/wp-json\/wp\/v2\/product"}],"about":[{"href":"https:\/\/inspital.com\/fr\/wp-json\/wp\/v2\/types\/product"}],"version-history":[{"count":2,"href":"https:\/\/inspital.com\/fr\/wp-json\/wp\/v2\/product\/16704\/revisions"}],"predecessor-version":[{"id":18450,"href":"https:\/\/inspital.com\/fr\/wp-json\/wp\/v2\/product\/16704\/revisions\/18450"}],"wp:featuredmedia":[{"embeddable":true,"href":"https:\/\/inspital.com\/fr\/wp-json\/wp\/v2\/media\/16705"}],"wp:attachment":[{"href":"https:\/\/inspital.com\/fr\/wp-json\/wp\/v2\/media?parent=16704"}],"wp:term":[{"taxonomy":"product_brand","embeddable":true,"href":"https:\/\/inspital.com\/fr\/wp-json\/wp\/v2\/product_brand?post=16704"},{"taxonomy":"product_cat","embeddable":true,"href":"https:\/\/inspital.com\/fr\/wp-json\/wp\/v2\/product_cat?post=16704"},{"taxonomy":"product_tag","embeddable":true,"href":"https:\/\/inspital.com\/fr\/wp-json\/wp\/v2\/product_tag?post=16704"}],"curies":[{"name":"wp","href":"https:\/\/api.w.org\/{rel}","templated":true}]}}