{"id":16685,"date":"2025-03-03T15:16:30","date_gmt":"2025-03-03T12:16:30","guid":{"rendered":"https:\/\/inspital.com\/product\/unite-daspiration-portable-su60-06t\/"},"modified":"2026-03-06T12:49:54","modified_gmt":"2026-03-06T09:49:54","slug":"unite-daspiration-portable-su60-06t","status":"publish","type":"product","link":"https:\/\/inspital.com\/fr\/product\/unite-daspiration-portable-su60-06t\/","title":{"rendered":"Aspirateur mobile SU60.06T"},"content":{"rendered":"\t\t<div data-elementor-type=\"product-post\" data-elementor-id=\"16685\" class=\"elementor elementor-16685 elementor-3423\" data-elementor-post-type=\"product\">\n\t\t\t\t<div class=\"elementor-element elementor-element-4113506 e-con-full wd-section-stretch e-flex e-con e-parent\" data-id=\"4113506\" data-element_type=\"container\" data-e-type=\"container\">\n\t\t<div class=\"elementor-element elementor-element-48fae3b e-con-full wd-section-stretch-content e-flex e-con e-child\" data-id=\"48fae3b\" data-element_type=\"container\" data-e-type=\"container\" data-settings=\"{&quot;background_background&quot;:&quot;classic&quot;}\">\n\t\t<div class=\"elementor-element elementor-element-83e7ad1 e-flex e-con-boxed e-con e-child\" data-id=\"83e7ad1\" data-element_type=\"container\" data-e-type=\"container\">\n\t\t\t\t\t<div class=\"e-con-inner\">\n\t\t\t\t<div class=\"elementor-element elementor-element-4b900f0 wd-width-100 elementor-widget elementor-widget-wd_title\" data-id=\"4b900f0\" data-element_type=\"widget\" data-e-type=\"widget\" data-widget_type=\"wd_title.default\">\n\t\t\t\t<div class=\"elementor-widget-container\">\n\t\t\t\t\t\t\t<div class=\"title-wrapper wd-set-mb reset-last-child wd-title-color-white wd-title-style-default wd-title-size-default text-left\">\n\n\t\t\t\n\t\t\t<div class=\"liner-continer\">\n\t\t\t\t<h2 class=\"woodmart-title-container title wd-fontsize-l\">Les points forts.<br \/>\n<\/h2> \n\t\t\t\t\t\t\t<\/div>\n\n\t\t\t\t\t<\/div>\n\t\t\t\t\t\t<\/div>\n\t\t\t\t<\/div>\n\t\t\t\t<div class=\"elementor-element elementor-element-b02176f elementor-hidden-mobile elementor-widget elementor-widget-wd_button\" data-id=\"b02176f\" data-element_type=\"widget\" data-e-type=\"widget\" data-widget_type=\"wd_button.default\">\n\t\t\t\t<div class=\"elementor-widget-container\">\n\t\t\t\t\t\t\t<div class=\"wd-button-wrapper text-center\" >\n\t\t\t<a class=\"btn btn-style-default btn-shape-round btn-size-large btn-color-white btn-icon-pos-right\"  href=\"#\">\n\t\t\t\t<span class=\"wd-btn-text\" data-elementor-setting-key=\"text\">\n\t\t\t\t\tDemander un devis\t\t\t\t<\/span>\n\n\t\t\t\t\t\t\t<\/a>\n\t\t<\/div>\n\t\t\t\t\t\t<\/div>\n\t\t\t\t<\/div>\n\t\t\t\t\t<\/div>\n\t\t\t\t<\/div>\n\t\t<div class=\"elementor-element elementor-element-56807f5 e-con-full e-flex e-con e-child\" data-id=\"56807f5\" data-element_type=\"container\" data-e-type=\"container\">\n\t\t\t\t<div class=\"elementor-element elementor-element-5748056 elementor-widget elementor-widget-n-carousel\" data-id=\"5748056\" data-element_type=\"widget\" data-e-type=\"widget\" data-settings=\"{&quot;carousel_items&quot;:[{&quot;slide_title&quot;:&quot;Slide #1&quot;,&quot;_id&quot;:&quot;0d7a077&quot;},{&quot;slide_title&quot;:&quot;Slide #1&quot;,&quot;_id&quot;:&quot;4691987&quot;},{&quot;slide_title&quot;:&quot;Slide #1&quot;,&quot;_id&quot;:&quot;aeaf665&quot;}],&quot;slides_to_show&quot;:&quot;3&quot;,&quot;image_spacing_custom&quot;:{&quot;unit&quot;:&quot;px&quot;,&quot;size&quot;:30,&quot;sizes&quot;:[]},&quot;autoplay_speed&quot;:1500,&quot;speed&quot;:5000,&quot;slides_to_show_laptop&quot;:&quot;3&quot;,&quot;slides_to_show_tablet&quot;:&quot;2&quot;,&quot;slides_to_show_mobile&quot;:&quot;1&quot;,&quot;autoplay&quot;:&quot;yes&quot;,&quot;pause_on_hover&quot;:&quot;yes&quot;,&quot;pause_on_interaction&quot;:&quot;yes&quot;,&quot;infinite&quot;:&quot;yes&quot;,&quot;offset_sides&quot;:&quot;none&quot;,&quot;image_spacing_custom_laptop&quot;:{&quot;unit&quot;:&quot;px&quot;,&quot;size&quot;:&quot;&quot;,&quot;sizes&quot;:[]},&quot;image_spacing_custom_tablet&quot;:{&quot;unit&quot;:&quot;px&quot;,&quot;size&quot;:&quot;&quot;,&quot;sizes&quot;:[]},&quot;image_spacing_custom_mobile&quot;:{&quot;unit&quot;:&quot;px&quot;,&quot;size&quot;:&quot;&quot;,&quot;sizes&quot;:[]}}\" data-widget_type=\"nested-carousel.default\">\n\t\t\t\t<div class=\"elementor-widget-container\">\n\t\t\t\t\t\t\t<div class=\"e-n-carousel swiper\" role=\"region\" aria-roledescription=\"carousel\" aria-label=\"Karussell\" dir=\"ltr\">\n\t\t\t<div class=\"swiper-wrapper\" aria-live=\"off\">\n\t\t\t\t\t\t\t\t\t\t<div class=\"swiper-slide\" data-slide=\"1\" role=\"group\" aria-roledescription=\"slide\" aria-label=\"1 sur 3\">\n\t\t\t\t\t\t\t<div class=\"wd-negative-gap elementor-element elementor-element-51988ca e-flex e-con-boxed e-con e-child\" data-id=\"51988ca\" data-element_type=\"container\" data-e-type=\"container\">\n\t\t\t\t\t<div class=\"e-con-inner\">\n\t\t<div class=\"elementor-element elementor-element-8b003d1 e-con-full e-flex e-con e-child\" data-id=\"8b003d1\" data-element_type=\"container\" data-e-type=\"container\" data-settings=\"{&quot;background_background&quot;:&quot;classic&quot;}\">\n\t\t<div class=\"elementor-element elementor-element-322eafd e-con-full e-flex e-con e-child\" data-id=\"322eafd\" data-element_type=\"container\" data-e-type=\"container\">\n\t\t\t\t<div class=\"elementor-element elementor-element-18904b4 wd-width-100 elementor-widget elementor-widget-wd_title\" data-id=\"18904b4\" data-element_type=\"widget\" data-e-type=\"widget\" data-widget_type=\"wd_title.default\">\n\t\t\t\t<div class=\"elementor-widget-container\">\n\t\t\t\t\t\t\t<div class=\"title-wrapper wd-set-mb reset-last-child wd-title-color-black wd-title-style-default wd-title-size-default text-left\">\n\n\t\t\t\n\t\t\t<div class=\"liner-continer\">\n\t\t\t\t<h2 class=\"woodmart-title-container title wd-fontsize-l\">Fonctionnement silencieux et sans vibrations<\/h2> \n\t\t\t\t\t\t\t<\/div>\n\n\t\t\t\t\t\t\t<div class=\"title-after_title reset-last-child wd-fontsize-xs\">\n\t\t\t\t\t<p>Con\u00e7u pour un d\u00e9veloppement minimal du bruit et des vibrations, afin de garantir un environnement de bloc op\u00e9ratoire calme et concentr\u00e9 pour l'\u00e9quipe m\u00e9dicale et les patients.<\/p>\t\t\t\t<\/div>\n\t\t\t\t\t<\/div>\n\t\t\t\t\t\t<\/div>\n\t\t\t\t<\/div>\n\t\t\t\t<\/div>\n\t\t\t\t<\/div>\n\t\t\t\t\t<\/div>\n\t\t\t\t<\/div>\n\t\t\t\t\t\t\t\t<\/div>\n\t\t\t\t\t\t\t\t\t\t\t<div class=\"swiper-slide\" data-slide=\"2\" role=\"group\" aria-roledescription=\"slide\" aria-label=\"2 sur 3\">\n\t\t\t\t\t\t\t<div class=\"wd-negative-gap elementor-element elementor-element-19c3fc6 e-flex e-con-boxed e-con e-child\" data-id=\"19c3fc6\" data-element_type=\"container\" data-e-type=\"container\">\n\t\t\t\t\t<div class=\"e-con-inner\">\n\t\t<div class=\"elementor-element elementor-element-185ae23 e-con-full e-flex e-con e-child\" data-id=\"185ae23\" data-element_type=\"container\" data-e-type=\"container\" data-settings=\"{&quot;background_background&quot;:&quot;classic&quot;}\">\n\t\t<div class=\"elementor-element elementor-element-a96cbd5 e-con-full e-flex e-con e-child\" data-id=\"a96cbd5\" data-element_type=\"container\" data-e-type=\"container\">\n\t\t\t\t<div class=\"elementor-element elementor-element-e28f12a wd-width-100 elementor-widget elementor-widget-wd_title\" data-id=\"e28f12a\" data-element_type=\"widget\" data-e-type=\"widget\" data-widget_type=\"wd_title.default\">\n\t\t\t\t<div class=\"elementor-widget-container\">\n\t\t\t\t\t\t\t<div class=\"title-wrapper wd-set-mb reset-last-child wd-title-color-black wd-title-style-default wd-title-size-default text-left\">\n\n\t\t\t\n\t\t\t<div class=\"liner-continer\">\n\t\t\t\t<h2 class=\"woodmart-title-container title wd-fontsize-l\">Conception conviviale<\/h2> \n\t\t\t\t\t\t\t<\/div>\n\n\t\t\t\t\t\t\t<div class=\"title-after_title reset-last-child wd-fontsize-xs\">\n\t\t\t\t\tFacile \u00e0 utiliser et \u00e0 entretenir, ce qui garantit un flux de travail efficace et minimise les temps d'arr\u00eat pendant les interventions critiques.\t\t\t\t<\/div>\n\t\t\t\t\t<\/div>\n\t\t\t\t\t\t<\/div>\n\t\t\t\t<\/div>\n\t\t\t\t<\/div>\n\t\t\t\t<\/div>\n\t\t\t\t\t<\/div>\n\t\t\t\t<\/div>\n\t\t\t\t\t\t\t\t<\/div>\n\t\t\t\t\t\t\t\t\t\t\t<div class=\"swiper-slide\" data-slide=\"3\" role=\"group\" aria-roledescription=\"slide\" aria-label=\"3 sur 3\">\n\t\t\t\t\t\t\t<div class=\"wd-negative-gap elementor-element elementor-element-dcb9112 e-flex e-con-boxed e-con e-child\" data-id=\"dcb9112\" data-element_type=\"container\" data-e-type=\"container\">\n\t\t\t\t\t<div class=\"e-con-inner\">\n\t\t<div class=\"elementor-element elementor-element-f083599 e-con-full e-flex e-con e-child\" data-id=\"f083599\" data-element_type=\"container\" data-e-type=\"container\" data-settings=\"{&quot;background_background&quot;:&quot;classic&quot;}\">\n\t\t<div class=\"elementor-element elementor-element-b2630f3 e-con-full e-flex e-con e-child\" data-id=\"b2630f3\" data-element_type=\"container\" data-e-type=\"container\">\n\t\t\t\t<div class=\"elementor-element elementor-element-ab83fdd wd-width-100 elementor-widget elementor-widget-wd_title\" data-id=\"ab83fdd\" data-element_type=\"widget\" data-e-type=\"widget\" data-widget_type=\"wd_title.default\">\n\t\t\t\t<div class=\"elementor-widget-container\">\n\t\t\t\t\t\t\t<div class=\"title-wrapper wd-set-mb reset-last-child wd-title-color-black wd-title-style-default wd-title-size-default text-left\">\n\n\t\t\t\n\t\t\t<div class=\"liner-continer\">\n\t\t\t\t<h2 class=\"woodmart-title-container title wd-fontsize-l\">Solution rapide<\/h2> \n\t\t\t\t\t\t\t<\/div>\n\n\t\t\t\t\t\t\t<div class=\"title-after_title reset-last-child wd-fontsize-xs\">\n\t\t\t\t\tGr\u00e2ce \u00e0 leur conception pratique, les aspirateurs portables d'Inspital sont faciles \u00e0 transporter et \u00e0 utiliser.\t\t\t\t<\/div>\n\t\t\t\t\t<\/div>\n\t\t\t\t\t\t<\/div>\n\t\t\t\t<\/div>\n\t\t\t\t<\/div>\n\t\t\t\t<\/div>\n\t\t\t\t\t<\/div>\n\t\t\t\t<\/div>\n\t\t\t\t\t\t\t\t<\/div>\n\t\t\t\t\t\t\t\t<\/div>\n\t\t<\/div>\n\t\t\t\t\t\t<\/div>\n\t\t\t\t<\/div>\n\t\t\t\t<\/div>\n\t\t\t\t<\/div>\n\t\t\t\t<\/div>\n\t\t<div class=\"elementor-element elementor-element-06daa2e e-con-full wd-section-stretch-content e-flex e-con e-child\" data-id=\"06daa2e\" data-element_type=\"container\" data-e-type=\"container\" data-settings=\"{&quot;background_background&quot;:&quot;classic&quot;}\">\n\t\t<div class=\"elementor-element elementor-element-cc6a036 e-flex e-con-boxed e-con e-child\" data-id=\"cc6a036\" data-element_type=\"container\" data-e-type=\"container\">\n\t\t\t\t\t<div class=\"e-con-inner\">\n\t\t\t\t<div class=\"elementor-element elementor-element-2b1f01c wd-width-100 elementor-widget elementor-widget-wd_title\" data-id=\"2b1f01c\" data-element_type=\"widget\" data-e-type=\"widget\" data-widget_type=\"wd_title.default\">\n\t\t\t\t<div class=\"elementor-widget-container\">\n\t\t\t\t\t\t\t<div class=\"title-wrapper wd-set-mb reset-last-child wd-title-color-black wd-title-style-default wd-title-size-default text-left\">\n\n\t\t\t\n\t\t\t<div class=\"liner-continer\">\n\t\t\t\t<h2 class=\"woodmart-title-container title wd-fontsize-l\">Photos de clients.<br \/>\n<\/h2> \n\t\t\t\t\t\t\t<\/div>\n\n\t\t\t\t\t<\/div>\n\t\t\t\t\t\t<\/div>\n\t\t\t\t<\/div>\n\t\t\t\t\t<\/div>\n\t\t\t\t<\/div>\n\t\t<div class=\"elementor-element elementor-element-c115104 e-con-full wd-section-stretch e-flex e-con e-child\" data-id=\"c115104\" data-element_type=\"container\" data-e-type=\"container\">\n\t\t\t\t<div class=\"elementor-element elementor-element-d52f8c7 elementor-widget elementor-widget-image-carousel\" data-id=\"d52f8c7\" data-element_type=\"widget\" data-e-type=\"widget\" data-settings=\"{&quot;slides_to_show&quot;:&quot;4&quot;,&quot;navigation&quot;:&quot;none&quot;,&quot;autoplay_speed&quot;:0,&quot;speed&quot;:5000,&quot;autoplay&quot;:&quot;yes&quot;,&quot;infinite&quot;:&quot;yes&quot;,&quot;image_spacing_custom&quot;:{&quot;unit&quot;:&quot;px&quot;,&quot;size&quot;:20,&quot;sizes&quot;:[]},&quot;image_spacing_custom_laptop&quot;:{&quot;unit&quot;:&quot;px&quot;,&quot;size&quot;:&quot;&quot;,&quot;sizes&quot;:[]},&quot;image_spacing_custom_tablet&quot;:{&quot;unit&quot;:&quot;px&quot;,&quot;size&quot;:&quot;&quot;,&quot;sizes&quot;:[]},&quot;image_spacing_custom_mobile&quot;:{&quot;unit&quot;:&quot;px&quot;,&quot;size&quot;:&quot;&quot;,&quot;sizes&quot;:[]}}\" data-widget_type=\"image-carousel.default\">\n\t\t\t\t<div class=\"elementor-widget-container\">\n\t\t\t\t\t\t\t<div class=\"elementor-image-carousel-wrapper swiper\" role=\"region\" aria-roledescription=\"carousel\" aria-label=\"Bild Karussell\" dir=\"ltr\">\n\t\t\t<div class=\"elementor-image-carousel swiper-wrapper\" aria-live=\"off\">\n\t\t\t\t\t\t\t\t<div class=\"swiper-slide\" role=\"group\" aria-roledescription=\"slide\" aria-label=\"1 sur 7\"><a data-elementor-open-lightbox=\"yes\" data-elementor-lightbox-slideshow=\"d52f8c7\" data-elementor-lightbox-title=\"inspital-absauggerate-kundenfotos-002\" data-e-action-hash=\"#elementor-action%3Aaction%3Dlightbox%26settings%3DeyJpZCI6Njc0MywidXJsIjoiaHR0cHM6XC9cL2luc3BpdGFsLmNvbVwvd3AtY29udGVudFwvdXBsb2Fkc1wvMjAyNVwvMDRcL2luc3BpdGFsLWFic2F1Z2dlcmF0ZS1rdW5kZW5mb3Rvcy0wMDIuanBnIiwic2xpZGVzaG93IjoiZDUyZjhjNyJ9\" href=\"https:\/\/inspital.com\/wp-content\/uploads\/2025\/04\/inspital-absauggerate-kundenfotos-002.jpg\"><figure class=\"swiper-slide-inner\"><img decoding=\"async\" class=\"swiper-slide-image\" src=\"https:\/\/inspital.com\/wp-content\/uploads\/2025\/04\/inspital-absauggerate-kundenfotos-002.jpg\" alt=\"inspital-absauggerate-kundenfotos-002\" \/><\/figure><\/a><\/div><div class=\"swiper-slide\" role=\"group\" aria-roledescription=\"slide\" aria-label=\"2 sur 7\"><a data-elementor-open-lightbox=\"yes\" data-elementor-lightbox-slideshow=\"d52f8c7\" data-elementor-lightbox-title=\"inspital-absauggerate-kundenfotos-003\" data-e-action-hash=\"#elementor-action%3Aaction%3Dlightbox%26settings%3DeyJpZCI6Njc0NCwidXJsIjoiaHR0cHM6XC9cL2luc3BpdGFsLmNvbVwvd3AtY29udGVudFwvdXBsb2Fkc1wvMjAyNVwvMDRcL2luc3BpdGFsLWFic2F1Z2dlcmF0ZS1rdW5kZW5mb3Rvcy0wMDMuanBnIiwic2xpZGVzaG93IjoiZDUyZjhjNyJ9\" href=\"https:\/\/inspital.com\/wp-content\/uploads\/2025\/04\/inspital-absauggerate-kundenfotos-003.jpg\"><figure class=\"swiper-slide-inner\"><img decoding=\"async\" class=\"swiper-slide-image\" src=\"https:\/\/inspital.com\/wp-content\/uploads\/2025\/04\/inspital-absauggerate-kundenfotos-003.jpg\" alt=\"inspital-absauggerate-kundenfotos-003\" \/><\/figure><\/a><\/div><div class=\"swiper-slide\" role=\"group\" aria-roledescription=\"slide\" aria-label=\"3 sur 7\"><a data-elementor-open-lightbox=\"yes\" data-elementor-lightbox-slideshow=\"d52f8c7\" data-elementor-lightbox-title=\"inspital-kundenfotos-005\" data-e-action-hash=\"#elementor-action%3Aaction%3Dlightbox%26settings%3DeyJpZCI6NjU0NSwidXJsIjoiaHR0cHM6XC9cL2luc3BpdGFsLmNvbVwvd3AtY29udGVudFwvdXBsb2Fkc1wvMjAyNVwvMDRcL2luc3BpdGFsLWt1bmRlbmZvdG9zLTAwNS5qcGciLCJzbGlkZXNob3ciOiJkNTJmOGM3In0%3D\" href=\"https:\/\/inspital.com\/wp-content\/uploads\/2025\/04\/inspital-kundenfotos-005.jpg\"><figure class=\"swiper-slide-inner\"><img decoding=\"async\" class=\"swiper-slide-image\" src=\"https:\/\/inspital.com\/wp-content\/uploads\/2025\/04\/inspital-kundenfotos-005.jpg\" alt=\"inspital-kundenfotos-005\" \/><\/figure><\/a><\/div><div class=\"swiper-slide\" role=\"group\" aria-roledescription=\"slide\" aria-label=\"4 sur 7\"><a data-elementor-open-lightbox=\"yes\" data-elementor-lightbox-slideshow=\"d52f8c7\" data-elementor-lightbox-title=\"inspital-absauggerate-kundenfotos-006\" data-e-action-hash=\"#elementor-action%3Aaction%3Dlightbox%26settings%3DeyJpZCI6Njc0OCwidXJsIjoiaHR0cHM6XC9cL2luc3BpdGFsLmNvbVwvd3AtY29udGVudFwvdXBsb2Fkc1wvMjAyNVwvMDRcL2luc3BpdGFsLWFic2F1Z2dlcmF0ZS1rdW5kZW5mb3Rvcy0wMDYuanBnIiwic2xpZGVzaG93IjoiZDUyZjhjNyJ9\" href=\"https:\/\/inspital.com\/wp-content\/uploads\/2025\/04\/inspital-absauggerate-kundenfotos-006.jpg\"><figure class=\"swiper-slide-inner\"><img decoding=\"async\" class=\"swiper-slide-image\" src=\"https:\/\/inspital.com\/wp-content\/uploads\/2025\/04\/inspital-absauggerate-kundenfotos-006.jpg\" alt=\"inspital-absauggerate-kundenfotos-006\" \/><\/figure><\/a><\/div><div class=\"swiper-slide\" role=\"group\" aria-roledescription=\"slide\" aria-label=\"5 sur 7\"><a data-elementor-open-lightbox=\"yes\" data-elementor-lightbox-slideshow=\"d52f8c7\" data-elementor-lightbox-title=\"inspital-absauggerate-kundenfotos-004\" data-e-action-hash=\"#elementor-action%3Aaction%3Dlightbox%26settings%3DeyJpZCI6Njc0NSwidXJsIjoiaHR0cHM6XC9cL2luc3BpdGFsLmNvbVwvd3AtY29udGVudFwvdXBsb2Fkc1wvMjAyNVwvMDRcL2luc3BpdGFsLWFic2F1Z2dlcmF0ZS1rdW5kZW5mb3Rvcy0wMDQuanBnIiwic2xpZGVzaG93IjoiZDUyZjhjNyJ9\" href=\"https:\/\/inspital.com\/wp-content\/uploads\/2025\/04\/inspital-absauggerate-kundenfotos-004.jpg\"><figure class=\"swiper-slide-inner\"><img decoding=\"async\" class=\"swiper-slide-image\" src=\"https:\/\/inspital.com\/wp-content\/uploads\/2025\/04\/inspital-absauggerate-kundenfotos-004.jpg\" alt=\"inspital-absauggerate-kundenfotos-004\" \/><\/figure><\/a><\/div><div class=\"swiper-slide\" role=\"group\" aria-roledescription=\"slide\" aria-label=\"6 sur 7\"><a data-elementor-open-lightbox=\"yes\" data-elementor-lightbox-slideshow=\"d52f8c7\" data-elementor-lightbox-title=\"inspital-absauggerate-kundenfotos-001\" data-e-action-hash=\"#elementor-action%3Aaction%3Dlightbox%26settings%3DeyJpZCI6Njc0NiwidXJsIjoiaHR0cHM6XC9cL2luc3BpdGFsLmNvbVwvd3AtY29udGVudFwvdXBsb2Fkc1wvMjAyNVwvMDRcL2luc3BpdGFsLWFic2F1Z2dlcmF0ZS1rdW5kZW5mb3Rvcy0wMDEuanBnIiwic2xpZGVzaG93IjoiZDUyZjhjNyJ9\" href=\"https:\/\/inspital.com\/wp-content\/uploads\/2025\/04\/inspital-absauggerate-kundenfotos-001.jpg\"><figure class=\"swiper-slide-inner\"><img decoding=\"async\" class=\"swiper-slide-image\" src=\"https:\/\/inspital.com\/wp-content\/uploads\/2025\/04\/inspital-absauggerate-kundenfotos-001.jpg\" alt=\"inspital-absauggerate-kundenfotos-001\" \/><\/figure><\/a><\/div><div class=\"swiper-slide\" role=\"group\" aria-roledescription=\"slide\" aria-label=\"7 sur 7\"><a data-elementor-open-lightbox=\"yes\" data-elementor-lightbox-slideshow=\"d52f8c7\" data-elementor-lightbox-title=\"inspital-absauggerate-kundenfotos-005\" data-e-action-hash=\"#elementor-action%3Aaction%3Dlightbox%26settings%3DeyJpZCI6Njc0NywidXJsIjoiaHR0cHM6XC9cL2luc3BpdGFsLmNvbVwvd3AtY29udGVudFwvdXBsb2Fkc1wvMjAyNVwvMDRcL2luc3BpdGFsLWFic2F1Z2dlcmF0ZS1rdW5kZW5mb3Rvcy0wMDUuanBnIiwic2xpZGVzaG93IjoiZDUyZjhjNyJ9\" href=\"https:\/\/inspital.com\/wp-content\/uploads\/2025\/04\/inspital-absauggerate-kundenfotos-005.jpg\"><figure class=\"swiper-slide-inner\"><img decoding=\"async\" class=\"swiper-slide-image\" src=\"https:\/\/inspital.com\/wp-content\/uploads\/2025\/04\/inspital-absauggerate-kundenfotos-005.jpg\" alt=\"inspital-absauggerate-kundenfotos-005\" \/><\/figure><\/a><\/div>\t\t\t<\/div>\n\t\t\t\t\t\t\t\n\t\t\t\t\t\t\t\t\t<\/div>\n\t\t\t\t\t\t<\/div>\n\t\t\t\t<\/div>\n\t\t\t\t<\/div>\n\t\t\t\t<\/div>\n\t\t\t\t<\/div>\n\t\t","protected":false},"excerpt":{"rendered":"<p>L&rsquo;aspirateur mobile SU60.06T d&rsquo;INSPITAL permet une aspiration flexible des liquides et des s\u00e9cr\u00e9tions directement au chevet du patient ou en salle d&rsquo;op\u00e9ration. Il se distingue par une puissance d&rsquo;aspiration fiable et une utilisation ais\u00e9e. Gr\u00e2ce \u00e0 sa conception compacte et sa mobilit\u00e9, il est id\u00e9al pour les cliniques, les cabinets m\u00e9dicaux et les interventions d&rsquo;urgence. <\/p>\n","protected":false},"featured_media":15872,"template":"","meta":{"_acf_changed":false},"product_brand":[],"product_cat":[381,385,386,379,394,383,387,382,377,380,384,378,388,478],"product_tag":[],"class_list":{"0":"post-16685","1":"product","2":"type-product","3":"status-publish","4":"has-post-thumbnail","6":"product_cat-aspirateur","7":"product_cat-aspirateur-durgence","8":"product_cat-aspirateur-de-bloc-operatoire","9":"product_cat-aspirateur-de-mucosites","10":"product_cat-aspirateur-de-mucosites-2","11":"product_cat-aspirateur-de-secretions","12":"product_cat-aspirateur-medical","13":"product_cat-aspirateur-mobile","14":"product_cat-aspirateurs-chirurgicaux","15":"product_cat-aspirateurs-de-soins","16":"product_cat-filtre-daspirateur","17":"product_cat-pompes-daspiration-medicales","18":"product_cat-unite-daspiration","19":"product_cat-les-entreprises-de-technologie-medicale","21":"first","22":"instock","23":"taxable","24":"shipping-taxable","25":"purchasable","26":"product-type-simple"},"acf":[],"_links":{"self":[{"href":"https:\/\/inspital.com\/fr\/wp-json\/wp\/v2\/product\/16685","targetHints":{"allow":["GET"]}}],"collection":[{"href":"https:\/\/inspital.com\/fr\/wp-json\/wp\/v2\/product"}],"about":[{"href":"https:\/\/inspital.com\/fr\/wp-json\/wp\/v2\/types\/product"}],"version-history":[{"count":3,"href":"https:\/\/inspital.com\/fr\/wp-json\/wp\/v2\/product\/16685\/revisions"}],"predecessor-version":[{"id":18427,"href":"https:\/\/inspital.com\/fr\/wp-json\/wp\/v2\/product\/16685\/revisions\/18427"}],"wp:featuredmedia":[{"embeddable":true,"href":"https:\/\/inspital.com\/fr\/wp-json\/wp\/v2\/media\/15872"}],"wp:attachment":[{"href":"https:\/\/inspital.com\/fr\/wp-json\/wp\/v2\/media?parent=16685"}],"wp:term":[{"taxonomy":"product_brand","embeddable":true,"href":"https:\/\/inspital.com\/fr\/wp-json\/wp\/v2\/product_brand?post=16685"},{"taxonomy":"product_cat","embeddable":true,"href":"https:\/\/inspital.com\/fr\/wp-json\/wp\/v2\/product_cat?post=16685"},{"taxonomy":"product_tag","embeddable":true,"href":"https:\/\/inspital.com\/fr\/wp-json\/wp\/v2\/product_tag?post=16685"}],"curies":[{"name":"wp","href":"https:\/\/api.w.org\/{rel}","templated":true}]}}