{"id":16676,"date":"2025-03-03T16:23:27","date_gmt":"2025-03-03T13:23:27","guid":{"rendered":"https:\/\/inspital.com\/product\/connecteur-kapkon-at20-53\/"},"modified":"2026-03-06T12:48:15","modified_gmt":"2026-03-06T09:48:15","slug":"connecteur-kapkon-at20-53","status":"publish","type":"product","link":"https:\/\/inspital.com\/fr\/product\/connecteur-kapkon-at20-53\/","title":{"rendered":"Connecteur Kapkon AT20.53"},"content":{"rendered":"","protected":false},"excerpt":{"rendered":"<p>Le connecteur Kapkon AT20.53 d\u2019INSPITAL assure une connexion s\u00e9curis\u00e9e entre les appareils d\u2019aspiration et les accessoires. Il garantit un fonctionnement fiable et une manipulation stable lors des interventions chirurgicales. Sa conception compacte le rend id\u00e9al pour une utilisation au bloc op\u00e9ratoire et dans les \u00e9tablissements m\u00e9dicaux.  <\/p>\n","protected":false},"featured_media":16677,"template":"","meta":{"_acf_changed":false},"product_brand":[],"product_cat":[381,385,386,394,379,383,387,377,380,384,378,388,478],"product_tag":[],"class_list":{"0":"post-16676","1":"product","2":"type-product","3":"status-publish","4":"has-post-thumbnail","6":"product_cat-aspirateur","7":"product_cat-aspirateur-durgence","8":"product_cat-aspirateur-de-bloc-operatoire","9":"product_cat-aspirateur-de-mucosites-2","10":"product_cat-aspirateur-de-mucosites","11":"product_cat-aspirateur-de-secretions","12":"product_cat-aspirateur-medical","13":"product_cat-aspirateurs-chirurgicaux","14":"product_cat-aspirateurs-de-soins","15":"product_cat-filtre-daspirateur","16":"product_cat-pompes-daspiration-medicales","17":"product_cat-unite-daspiration","18":"product_cat-les-entreprises-de-technologie-medicale","20":"first","21":"instock","22":"taxable","23":"shipping-taxable","24":"purchasable","25":"product-type-simple"},"acf":[],"_links":{"self":[{"href":"https:\/\/inspital.com\/fr\/wp-json\/wp\/v2\/product\/16676","targetHints":{"allow":["GET"]}}],"collection":[{"href":"https:\/\/inspital.com\/fr\/wp-json\/wp\/v2\/product"}],"about":[{"href":"https:\/\/inspital.com\/fr\/wp-json\/wp\/v2\/types\/product"}],"version-history":[{"count":2,"href":"https:\/\/inspital.com\/fr\/wp-json\/wp\/v2\/product\/16676\/revisions"}],"predecessor-version":[{"id":18421,"href":"https:\/\/inspital.com\/fr\/wp-json\/wp\/v2\/product\/16676\/revisions\/18421"}],"wp:featuredmedia":[{"embeddable":true,"href":"https:\/\/inspital.com\/fr\/wp-json\/wp\/v2\/media\/16677"}],"wp:attachment":[{"href":"https:\/\/inspital.com\/fr\/wp-json\/wp\/v2\/media?parent=16676"}],"wp:term":[{"taxonomy":"product_brand","embeddable":true,"href":"https:\/\/inspital.com\/fr\/wp-json\/wp\/v2\/product_brand?post=16676"},{"taxonomy":"product_cat","embeddable":true,"href":"https:\/\/inspital.com\/fr\/wp-json\/wp\/v2\/product_cat?post=16676"},{"taxonomy":"product_tag","embeddable":true,"href":"https:\/\/inspital.com\/fr\/wp-json\/wp\/v2\/product_tag?post=16676"}],"curies":[{"name":"wp","href":"https:\/\/api.w.org\/{rel}","templated":true}]}}