{"id":16285,"date":"2025-02-28T10:55:08","date_gmt":"2025-02-28T07:55:08","guid":{"rendered":"https:\/\/inspital.com\/product\/carbone-dispositif-dextension-ot60-95\/"},"modified":"2026-03-06T13:35:41","modified_gmt":"2026-03-06T10:35:41","slug":"carbone-dispositif-dextension-ot60-95","status":"publish","type":"product","link":"https:\/\/inspital.com\/fr\/product\/carbone-dispositif-dextension-ot60-95\/","title":{"rendered":"Carbone &#8211; Dispositif d&rsquo;extension OT60.95"},"content":{"rendered":"","protected":false},"excerpt":{"rendered":"<div class=\"detail\">\n<div class=\"cnt\">\n<p>Le set de traction orthop\u00e9dique convient \u00e0 toutes les tables d&rsquo;op\u00e9ration INSPITAL en chirurgie orthop\u00e9dique.<\/p>\n<\/div>\n<\/div>\n","protected":false},"featured_media":16291,"template":"","meta":{"_acf_changed":false},"product_brand":[],"product_cat":[363,369,368,370,403,366,371,365,359,358,402,367,362,356,357,407,664,484],"product_tag":[],"class_list":{"0":"post-16285","1":"product","2":"type-product","3":"status-publish","4":"has-post-thumbnail","6":"product_cat-accessoires-de-table-doperation","7":"product_cat-accessoires-de-table-doperation-2","8":"product_cat-acheter-une-table-doperation","9":"product_cat-acheter-une-table-doperation-2","10":"product_cat-fixation-table-doperation","11":"product_cat-instruments-de-table-doperation","12":"product_cat-positionnement-table-doperation-2","13":"product_cat-positionnement-table-doperation","14":"product_cat-preparer-la-table-doperation","15":"product_cat-structure-dune-table-doperation","16":"product_cat-support-de-jambe-table-doperation","17":"product_cat-systemes-de-tables-doperation","18":"product_cat-table-doperation-2","19":"product_cat-table-doperation","20":"product_cat-table-doperation-mobile","21":"product_cat-table-en-carbone","22":"product_cat-dispositifs-de-positionnement-pour-table-doperation","23":"product_cat-table-doperation-en-carbone","25":"first","26":"instock","27":"taxable","28":"shipping-taxable","29":"purchasable","30":"product-type-simple"},"acf":{"seo_title_01":"","seo_text_01":""},"_links":{"self":[{"href":"https:\/\/inspital.com\/fr\/wp-json\/wp\/v2\/product\/16285","targetHints":{"allow":["GET"]}}],"collection":[{"href":"https:\/\/inspital.com\/fr\/wp-json\/wp\/v2\/product"}],"about":[{"href":"https:\/\/inspital.com\/fr\/wp-json\/wp\/v2\/types\/product"}],"version-history":[{"count":1,"href":"https:\/\/inspital.com\/fr\/wp-json\/wp\/v2\/product\/16285\/revisions"}],"predecessor-version":[{"id":16292,"href":"https:\/\/inspital.com\/fr\/wp-json\/wp\/v2\/product\/16285\/revisions\/16292"}],"wp:featuredmedia":[{"embeddable":true,"href":"https:\/\/inspital.com\/fr\/wp-json\/wp\/v2\/media\/16291"}],"wp:attachment":[{"href":"https:\/\/inspital.com\/fr\/wp-json\/wp\/v2\/media?parent=16285"}],"wp:term":[{"taxonomy":"product_brand","embeddable":true,"href":"https:\/\/inspital.com\/fr\/wp-json\/wp\/v2\/product_brand?post=16285"},{"taxonomy":"product_cat","embeddable":true,"href":"https:\/\/inspital.com\/fr\/wp-json\/wp\/v2\/product_cat?post=16285"},{"taxonomy":"product_tag","embeddable":true,"href":"https:\/\/inspital.com\/fr\/wp-json\/wp\/v2\/product_tag?post=16285"}],"curies":[{"name":"wp","href":"https:\/\/api.w.org\/{rel}","templated":true}]}}