{"id":16270,"date":"2025-02-28T11:03:09","date_gmt":"2025-02-28T08:03:09","guid":{"rendered":"https:\/\/inspital.com\/product\/pince-cranienne-neurochirurgicale-et-appui-tete-fer-a-cheval-ot60-80\/"},"modified":"2026-02-10T11:46:48","modified_gmt":"2026-02-10T08:46:48","slug":"pince-cranienne-neurochirurgicale-et-appui-tete-fer-a-cheval-ot60-80","status":"publish","type":"product","link":"https:\/\/inspital.com\/fr\/product\/pince-cranienne-neurochirurgicale-et-appui-tete-fer-a-cheval-ot60-80\/","title":{"rendered":"Pince cr\u00e2nienne neurochirurgicale et appui-t\u00eate fer \u00e0 cheval OT60.80"},"content":{"rendered":"","protected":false},"excerpt":{"rendered":"<div class=\"detail\">\n<div class=\"cnt\">\n<p>Notre pince cr\u00e2nienne neurochirurgicale et notre appui-t\u00eate fer \u00e0 cheval permettent une fixation stable de la t\u00eate et assurent ainsi une s\u00e9curit\u00e9 \u00e9lev\u00e9e du patient afin d&rsquo;obtenir des r\u00e9sultats de traitement optimaux.<\/p>\n<\/div>\n<\/div>\n","protected":false},"featured_media":16271,"template":"","meta":{"_acf_changed":false},"product_brand":[],"product_cat":[363,369,370,368,403,366,408,365,371,359,358,367,362,356,357,664],"product_tag":[],"class_list":{"0":"post-16270","1":"product","2":"type-product","3":"status-publish","4":"has-post-thumbnail","6":"product_cat-accessoires-de-table-doperation","7":"product_cat-accessoires-de-table-doperation-2","8":"product_cat-acheter-une-table-doperation-2","9":"product_cat-acheter-une-table-doperation","10":"product_cat-fixation-table-doperation","11":"product_cat-instruments-de-table-doperation","12":"product_cat-pince-cranienne","13":"product_cat-positionnement-table-doperation","14":"product_cat-positionnement-table-doperation-2","15":"product_cat-preparer-la-table-doperation","16":"product_cat-structure-dune-table-doperation","17":"product_cat-systemes-de-tables-doperation","18":"product_cat-table-doperation-2","19":"product_cat-table-doperation","20":"product_cat-table-doperation-mobile","21":"product_cat-dispositifs-de-positionnement-pour-table-doperation","23":"first","24":"instock","25":"taxable","26":"shipping-taxable","27":"purchasable","28":"product-type-simple"},"acf":{"seo_title_01":"","seo_text_01":""},"_links":{"self":[{"href":"https:\/\/inspital.com\/fr\/wp-json\/wp\/v2\/product\/16270","targetHints":{"allow":["GET"]}}],"collection":[{"href":"https:\/\/inspital.com\/fr\/wp-json\/wp\/v2\/product"}],"about":[{"href":"https:\/\/inspital.com\/fr\/wp-json\/wp\/v2\/types\/product"}],"version-history":[{"count":1,"href":"https:\/\/inspital.com\/fr\/wp-json\/wp\/v2\/product\/16270\/revisions"}],"predecessor-version":[{"id":16276,"href":"https:\/\/inspital.com\/fr\/wp-json\/wp\/v2\/product\/16270\/revisions\/16276"}],"wp:featuredmedia":[{"embeddable":true,"href":"https:\/\/inspital.com\/fr\/wp-json\/wp\/v2\/media\/16271"}],"wp:attachment":[{"href":"https:\/\/inspital.com\/fr\/wp-json\/wp\/v2\/media?parent=16270"}],"wp:term":[{"taxonomy":"product_brand","embeddable":true,"href":"https:\/\/inspital.com\/fr\/wp-json\/wp\/v2\/product_brand?post=16270"},{"taxonomy":"product_cat","embeddable":true,"href":"https:\/\/inspital.com\/fr\/wp-json\/wp\/v2\/product_cat?post=16270"},{"taxonomy":"product_tag","embeddable":true,"href":"https:\/\/inspital.com\/fr\/wp-json\/wp\/v2\/product_tag?post=16270"}],"curies":[{"name":"wp","href":"https:\/\/api.w.org\/{rel}","templated":true}]}}