{"id":16265,"date":"2025-02-28T11:04:48","date_gmt":"2025-02-28T08:04:48","guid":{"rendered":"https:\/\/inspital.com\/product\/arthroscopie-support-depaule-ot60-76\/"},"modified":"2026-02-10T11:44:56","modified_gmt":"2026-02-10T08:44:56","slug":"arthroscopie-support-depaule-ot60-76","status":"publish","type":"product","link":"https:\/\/inspital.com\/fr\/product\/arthroscopie-support-depaule-ot60-76\/","title":{"rendered":"Arthroscopie &#8211; Support d&rsquo;\u00e9paule OT60.76"},"content":{"rendered":"","protected":false},"excerpt":{"rendered":"<p>Permet un acc\u00e8s facile \u00e0 la zone de l&rsquo;\u00e9paule pour les op\u00e9rations applicables.<\/p>\n","protected":false},"featured_media":16266,"template":"","meta":{"_acf_changed":false},"product_brand":[],"product_cat":[363,369,368,370,403,366,371,365,359,358,367,362,356,357,664],"product_tag":[],"class_list":{"0":"post-16265","1":"product","2":"type-product","3":"status-publish","4":"has-post-thumbnail","6":"product_cat-accessoires-de-table-doperation","7":"product_cat-accessoires-de-table-doperation-2","8":"product_cat-acheter-une-table-doperation","9":"product_cat-acheter-une-table-doperation-2","10":"product_cat-fixation-table-doperation","11":"product_cat-instruments-de-table-doperation","12":"product_cat-positionnement-table-doperation-2","13":"product_cat-positionnement-table-doperation","14":"product_cat-preparer-la-table-doperation","15":"product_cat-structure-dune-table-doperation","16":"product_cat-systemes-de-tables-doperation","17":"product_cat-table-doperation-2","18":"product_cat-table-doperation","19":"product_cat-table-doperation-mobile","20":"product_cat-dispositifs-de-positionnement-pour-table-doperation","22":"first","23":"instock","24":"taxable","25":"shipping-taxable","26":"purchasable","27":"product-type-simple"},"acf":{"seo_title_01":"","seo_text_01":""},"_links":{"self":[{"href":"https:\/\/inspital.com\/fr\/wp-json\/wp\/v2\/product\/16265","targetHints":{"allow":["GET"]}}],"collection":[{"href":"https:\/\/inspital.com\/fr\/wp-json\/wp\/v2\/product"}],"about":[{"href":"https:\/\/inspital.com\/fr\/wp-json\/wp\/v2\/types\/product"}],"version-history":[{"count":1,"href":"https:\/\/inspital.com\/fr\/wp-json\/wp\/v2\/product\/16265\/revisions"}],"predecessor-version":[{"id":16269,"href":"https:\/\/inspital.com\/fr\/wp-json\/wp\/v2\/product\/16265\/revisions\/16269"}],"wp:featuredmedia":[{"embeddable":true,"href":"https:\/\/inspital.com\/fr\/wp-json\/wp\/v2\/media\/16266"}],"wp:attachment":[{"href":"https:\/\/inspital.com\/fr\/wp-json\/wp\/v2\/media?parent=16265"}],"wp:term":[{"taxonomy":"product_brand","embeddable":true,"href":"https:\/\/inspital.com\/fr\/wp-json\/wp\/v2\/product_brand?post=16265"},{"taxonomy":"product_cat","embeddable":true,"href":"https:\/\/inspital.com\/fr\/wp-json\/wp\/v2\/product_cat?post=16265"},{"taxonomy":"product_tag","embeddable":true,"href":"https:\/\/inspital.com\/fr\/wp-json\/wp\/v2\/product_tag?post=16265"}],"curies":[{"name":"wp","href":"https:\/\/api.w.org\/{rel}","templated":true}]}}