{"id":16261,"date":"2025-02-28T11:07:50","date_gmt":"2025-02-28T08:07:50","guid":{"rendered":"https:\/\/inspital.com\/product\/cadre-de-colonne-vertebrale-radio-transparent-ot60-35\/"},"modified":"2026-03-06T13:35:29","modified_gmt":"2026-03-06T10:35:29","slug":"cadre-de-colonne-vertebrale-radio-transparent-ot60-35","status":"publish","type":"product","link":"https:\/\/inspital.com\/fr\/product\/cadre-de-colonne-vertebrale-radio-transparent-ot60-35\/","title":{"rendered":"Cadre de colonne vert\u00e9brale radio-transparent OT60.35"},"content":{"rendered":"","protected":false},"excerpt":{"rendered":"<p>Soutient le patient lors d&rsquo;interventions vert\u00e9brales et proctologiques dans une position id\u00e9ale de flexion. Gr\u00e2ce \u00e0 sa structure incurv\u00e9e, il soutient la cage thoracique et le bassin, soulage la r\u00e9gion abdominale et assure ainsi un grand confort au patient.<\/p>\n","protected":false},"featured_media":16262,"template":"","meta":{"_acf_changed":false},"product_brand":[],"product_cat":[363,369,368,370,403,366,365,371,359,358,367,362,356,357,407,664,484],"product_tag":[],"class_list":{"0":"post-16261","1":"product","2":"type-product","3":"status-publish","4":"has-post-thumbnail","6":"product_cat-accessoires-de-table-doperation","7":"product_cat-accessoires-de-table-doperation-2","8":"product_cat-acheter-une-table-doperation","9":"product_cat-acheter-une-table-doperation-2","10":"product_cat-fixation-table-doperation","11":"product_cat-instruments-de-table-doperation","12":"product_cat-positionnement-table-doperation","13":"product_cat-positionnement-table-doperation-2","14":"product_cat-preparer-la-table-doperation","15":"product_cat-structure-dune-table-doperation","16":"product_cat-systemes-de-tables-doperation","17":"product_cat-table-doperation-2","18":"product_cat-table-doperation","19":"product_cat-table-doperation-mobile","20":"product_cat-table-en-carbone","21":"product_cat-dispositifs-de-positionnement-pour-table-doperation","22":"product_cat-table-doperation-en-carbone","24":"first","25":"instock","26":"taxable","27":"shipping-taxable","28":"purchasable","29":"product-type-simple"},"acf":{"seo_title_01":"","seo_text_01":""},"_links":{"self":[{"href":"https:\/\/inspital.com\/fr\/wp-json\/wp\/v2\/product\/16261","targetHints":{"allow":["GET"]}}],"collection":[{"href":"https:\/\/inspital.com\/fr\/wp-json\/wp\/v2\/product"}],"about":[{"href":"https:\/\/inspital.com\/fr\/wp-json\/wp\/v2\/types\/product"}],"version-history":[{"count":1,"href":"https:\/\/inspital.com\/fr\/wp-json\/wp\/v2\/product\/16261\/revisions"}],"predecessor-version":[{"id":16264,"href":"https:\/\/inspital.com\/fr\/wp-json\/wp\/v2\/product\/16261\/revisions\/16264"}],"wp:featuredmedia":[{"embeddable":true,"href":"https:\/\/inspital.com\/fr\/wp-json\/wp\/v2\/media\/16262"}],"wp:attachment":[{"href":"https:\/\/inspital.com\/fr\/wp-json\/wp\/v2\/media?parent=16261"}],"wp:term":[{"taxonomy":"product_brand","embeddable":true,"href":"https:\/\/inspital.com\/fr\/wp-json\/wp\/v2\/product_brand?post=16261"},{"taxonomy":"product_cat","embeddable":true,"href":"https:\/\/inspital.com\/fr\/wp-json\/wp\/v2\/product_cat?post=16261"},{"taxonomy":"product_tag","embeddable":true,"href":"https:\/\/inspital.com\/fr\/wp-json\/wp\/v2\/product_tag?post=16261"}],"curies":[{"name":"wp","href":"https:\/\/api.w.org\/{rel}","templated":true}]}}