{"id":16251,"date":"2025-02-28T11:10:42","date_gmt":"2025-02-28T08:10:42","guid":{"rendered":"https:\/\/inspital.com\/product\/chariot-pour-bottes-de-positionnement-des-jambes-ot60-78\/"},"modified":"2026-02-10T11:42:00","modified_gmt":"2026-02-10T08:42:00","slug":"chariot-pour-bottes-de-positionnement-des-jambes-ot60-78","status":"publish","type":"product","link":"https:\/\/inspital.com\/fr\/product\/chariot-pour-bottes-de-positionnement-des-jambes-ot60-78\/","title":{"rendered":"Chariot pour bottes de positionnement des jambes OT60.78"},"content":{"rendered":"","protected":false},"excerpt":{"rendered":"<p>Chariot stable et l\u00e9ger avec deux roulettes verrouillables pour le stockage et le transport en toute s\u00e9curit\u00e9 des bottes de positionnement des jambes de tous les fabricants.<\/p>\n","protected":false},"featured_media":16252,"template":"","meta":{"_acf_changed":false},"product_brand":[],"product_cat":[369,363,370,368,403,366,365,371,359,358,402,367,362,356,357,664],"product_tag":[],"class_list":{"0":"post-16251","1":"product","2":"type-product","3":"status-publish","4":"has-post-thumbnail","6":"product_cat-accessoires-de-table-doperation-2","7":"product_cat-accessoires-de-table-doperation","8":"product_cat-acheter-une-table-doperation-2","9":"product_cat-acheter-une-table-doperation","10":"product_cat-fixation-table-doperation","11":"product_cat-instruments-de-table-doperation","12":"product_cat-positionnement-table-doperation","13":"product_cat-positionnement-table-doperation-2","14":"product_cat-preparer-la-table-doperation","15":"product_cat-structure-dune-table-doperation","16":"product_cat-support-de-jambe-table-doperation","17":"product_cat-systemes-de-tables-doperation","18":"product_cat-table-doperation-2","19":"product_cat-table-doperation","20":"product_cat-table-doperation-mobile","21":"product_cat-dispositifs-de-positionnement-pour-table-doperation","23":"first","24":"instock","25":"taxable","26":"shipping-taxable","27":"purchasable","28":"product-type-simple"},"acf":{"seo_title_01":"","seo_text_01":""},"_links":{"self":[{"href":"https:\/\/inspital.com\/fr\/wp-json\/wp\/v2\/product\/16251","targetHints":{"allow":["GET"]}}],"collection":[{"href":"https:\/\/inspital.com\/fr\/wp-json\/wp\/v2\/product"}],"about":[{"href":"https:\/\/inspital.com\/fr\/wp-json\/wp\/v2\/types\/product"}],"version-history":[{"count":1,"href":"https:\/\/inspital.com\/fr\/wp-json\/wp\/v2\/product\/16251\/revisions"}],"predecessor-version":[{"id":16255,"href":"https:\/\/inspital.com\/fr\/wp-json\/wp\/v2\/product\/16251\/revisions\/16255"}],"wp:featuredmedia":[{"embeddable":true,"href":"https:\/\/inspital.com\/fr\/wp-json\/wp\/v2\/media\/16252"}],"wp:attachment":[{"href":"https:\/\/inspital.com\/fr\/wp-json\/wp\/v2\/media?parent=16251"}],"wp:term":[{"taxonomy":"product_brand","embeddable":true,"href":"https:\/\/inspital.com\/fr\/wp-json\/wp\/v2\/product_brand?post=16251"},{"taxonomy":"product_cat","embeddable":true,"href":"https:\/\/inspital.com\/fr\/wp-json\/wp\/v2\/product_cat?post=16251"},{"taxonomy":"product_tag","embeddable":true,"href":"https:\/\/inspital.com\/fr\/wp-json\/wp\/v2\/product_tag?post=16251"}],"curies":[{"name":"wp","href":"https:\/\/api.w.org\/{rel}","templated":true}]}}