{"id":16189,"date":"2025-03-03T10:33:42","date_gmt":"2025-03-03T07:33:42","guid":{"rendered":"https:\/\/inspital.com\/product\/cuve-de-rincage-pour-instruments-rectangulaire-ot60-11\/"},"modified":"2026-02-10T11:06:30","modified_gmt":"2026-02-10T08:06:30","slug":"cuve-de-rincage-pour-instruments-rectangulaire-ot60-11","status":"publish","type":"product","link":"https:\/\/inspital.com\/fr\/product\/cuve-de-rincage-pour-instruments-rectangulaire-ot60-11\/","title":{"rendered":"Cuve de rin\u00e7age pour instruments, rectangulaire OT60.11"},"content":{"rendered":"","protected":false},"excerpt":{"rendered":"<div class=\"detail\">\n<div class=\"cnt\">\n<div class=\"detail\">\n<div class=\"cnt\">\n<div class=\"detail\">\n<div class=\"cnt\">\n<p>Cuve de rin\u00e7age pour instruments pour des conditions de travail hygi\u00e9niques dans les salles d&rsquo;op\u00e9ration.<\/p>\n<\/div>\n<\/div>\n<\/div>\n<\/div>\n<\/div>\n<\/div>\n","protected":false},"featured_media":16190,"template":"","meta":{"_acf_changed":false},"product_brand":[],"product_cat":[369,363,368,370,366,359,358,367,362,356,357],"product_tag":[],"class_list":{"0":"post-16189","1":"product","2":"type-product","3":"status-publish","4":"has-post-thumbnail","6":"product_cat-accessoires-de-table-doperation-2","7":"product_cat-accessoires-de-table-doperation","8":"product_cat-acheter-une-table-doperation","9":"product_cat-acheter-une-table-doperation-2","10":"product_cat-instruments-de-table-doperation","11":"product_cat-preparer-la-table-doperation","12":"product_cat-structure-dune-table-doperation","13":"product_cat-systemes-de-tables-doperation","14":"product_cat-table-doperation-2","15":"product_cat-table-doperation","16":"product_cat-table-doperation-mobile","18":"first","19":"instock","20":"taxable","21":"shipping-taxable","22":"purchasable","23":"product-type-simple"},"acf":{"seo_title_01":"","seo_text_01":""},"_links":{"self":[{"href":"https:\/\/inspital.com\/fr\/wp-json\/wp\/v2\/product\/16189","targetHints":{"allow":["GET"]}}],"collection":[{"href":"https:\/\/inspital.com\/fr\/wp-json\/wp\/v2\/product"}],"about":[{"href":"https:\/\/inspital.com\/fr\/wp-json\/wp\/v2\/types\/product"}],"version-history":[{"count":1,"href":"https:\/\/inspital.com\/fr\/wp-json\/wp\/v2\/product\/16189\/revisions"}],"predecessor-version":[{"id":16191,"href":"https:\/\/inspital.com\/fr\/wp-json\/wp\/v2\/product\/16189\/revisions\/16191"}],"wp:featuredmedia":[{"embeddable":true,"href":"https:\/\/inspital.com\/fr\/wp-json\/wp\/v2\/media\/16190"}],"wp:attachment":[{"href":"https:\/\/inspital.com\/fr\/wp-json\/wp\/v2\/media?parent=16189"}],"wp:term":[{"taxonomy":"product_brand","embeddable":true,"href":"https:\/\/inspital.com\/fr\/wp-json\/wp\/v2\/product_brand?post=16189"},{"taxonomy":"product_cat","embeddable":true,"href":"https:\/\/inspital.com\/fr\/wp-json\/wp\/v2\/product_cat?post=16189"},{"taxonomy":"product_tag","embeddable":true,"href":"https:\/\/inspital.com\/fr\/wp-json\/wp\/v2\/product_tag?post=16189"}],"curies":[{"name":"wp","href":"https:\/\/api.w.org\/{rel}","templated":true}]}}