{"id":16178,"date":"2025-03-03T10:37:19","date_gmt":"2025-03-03T07:37:19","guid":{"rendered":"https:\/\/inspital.com\/product\/bac-de-rincage-avec-tuyau-devacuation-et-poubelle-ot60-13\/"},"modified":"2026-04-10T12:12:04","modified_gmt":"2026-04-10T09:12:04","slug":"bac-de-rincage-avec-tuyau-devacuation-et-poubelle-ot60-13","status":"publish","type":"product","link":"https:\/\/inspital.com\/fr\/product\/bac-de-rincage-avec-tuyau-devacuation-et-poubelle-ot60-13\/","title":{"rendered":"Bac de rin\u00e7age avec tuyau d&rsquo;\u00e9vacuation et poubelle OT60.13"},"content":{"rendered":"","protected":false},"excerpt":{"rendered":"<div class=\"detail\">\n<div class=\"cnt\">\n<div class=\"detail\">\n<div class=\"cnt\">\n<div class=\"detail\">\n<div class=\"cnt\">\n<div class=\"detail\">\n<div class=\"cnt\">\n<div class=\"detail\">\n<div class=\"cnt\">\n<p>Bac de rin\u00e7age pour des conditions de travail hygi\u00e9niques dans les salles d&rsquo;op\u00e9ration.<\/p>\n<\/div>\n<\/div>\n<\/div>\n<\/div>\n<\/div>\n<\/div>\n<\/div>\n<\/div>\n<\/div>\n<\/div>\n","protected":false},"featured_media":16180,"template":"","meta":{"_acf_changed":false},"product_brand":[],"product_cat":[369,363,370,368,366,359,358,367,362,356,357,644],"product_tag":[],"class_list":{"0":"post-16178","1":"product","2":"type-product","3":"status-publish","4":"has-post-thumbnail","6":"product_cat-accessoires-de-table-doperation-2","7":"product_cat-accessoires-de-table-doperation","8":"product_cat-acheter-une-table-doperation-2","9":"product_cat-acheter-une-table-doperation","10":"product_cat-instruments-de-table-doperation","11":"product_cat-preparer-la-table-doperation","12":"product_cat-structure-dune-table-doperation","13":"product_cat-systemes-de-tables-doperation","14":"product_cat-table-doperation-2","15":"product_cat-table-doperation","16":"product_cat-table-doperation-mobile","17":"product_cat-table-doperation-dhopital","19":"first","20":"instock","21":"taxable","22":"shipping-taxable","23":"purchasable","24":"product-type-simple"},"acf":{"seo_title_01":"","seo_text_01":""},"_links":{"self":[{"href":"https:\/\/inspital.com\/fr\/wp-json\/wp\/v2\/product\/16178","targetHints":{"allow":["GET"]}}],"collection":[{"href":"https:\/\/inspital.com\/fr\/wp-json\/wp\/v2\/product"}],"about":[{"href":"https:\/\/inspital.com\/fr\/wp-json\/wp\/v2\/types\/product"}],"version-history":[{"count":1,"href":"https:\/\/inspital.com\/fr\/wp-json\/wp\/v2\/product\/16178\/revisions"}],"predecessor-version":[{"id":16181,"href":"https:\/\/inspital.com\/fr\/wp-json\/wp\/v2\/product\/16178\/revisions\/16181"}],"wp:featuredmedia":[{"embeddable":true,"href":"https:\/\/inspital.com\/fr\/wp-json\/wp\/v2\/media\/16180"}],"wp:attachment":[{"href":"https:\/\/inspital.com\/fr\/wp-json\/wp\/v2\/media?parent=16178"}],"wp:term":[{"taxonomy":"product_brand","embeddable":true,"href":"https:\/\/inspital.com\/fr\/wp-json\/wp\/v2\/product_brand?post=16178"},{"taxonomy":"product_cat","embeddable":true,"href":"https:\/\/inspital.com\/fr\/wp-json\/wp\/v2\/product_cat?post=16178"},{"taxonomy":"product_tag","embeddable":true,"href":"https:\/\/inspital.com\/fr\/wp-json\/wp\/v2\/product_tag?post=16178"}],"curies":[{"name":"wp","href":"https:\/\/api.w.org\/{rel}","templated":true}]}}