{"id":16027,"date":"2025-03-03T11:57:46","date_gmt":"2025-03-03T08:57:46","guid":{"rendered":"https:\/\/inspital.com\/product\/marchepied-pour-chirurgiens-double-bs10-20\/"},"modified":"2026-04-10T11:34:24","modified_gmt":"2026-04-10T08:34:24","slug":"marchepied-pour-chirurgiens-double-bs10-20","status":"publish","type":"product","link":"https:\/\/inspital.com\/fr\/product\/marchepied-pour-chirurgiens-double-bs10-20\/","title":{"rendered":"Marchepied pour chirurgiens, double BS10.20"},"content":{"rendered":"","protected":false},"excerpt":{"rendered":"<p>Le marchepied double pour chirurgiens d&rsquo;Inspital offre une position stable et s\u00fbre pendant les interventions chirurgicales. Des mat\u00e9riaux de haute qualit\u00e9 et une conception ergonomique garantissent confort et s\u00e9curit\u00e9 maximale au bloc op\u00e9ratoire. <\/p>\n","protected":false},"featured_media":16028,"template":"","meta":{"_acf_changed":false},"product_brand":[],"product_cat":[369,363,370,368,366,361,359,358,367,362,356,357,660,652,478,644,640],"product_tag":[],"class_list":{"0":"post-16027","1":"product","2":"type-product","3":"status-publish","4":"has-post-thumbnail","6":"product_cat-accessoires-de-table-doperation-2","7":"product_cat-accessoires-de-table-doperation","8":"product_cat-acheter-une-table-doperation-2","9":"product_cat-acheter-une-table-doperation","10":"product_cat-instruments-de-table-doperation","11":"product_cat-mobilier-hospitalier-en-acier-inoxydable","12":"product_cat-preparer-la-table-doperation","13":"product_cat-structure-dune-table-doperation","14":"product_cat-systemes-de-tables-doperation","15":"product_cat-table-doperation-2","16":"product_cat-table-doperation","17":"product_cat-table-doperation-mobile","18":"product_cat-fabricant-de-tables-doperation","19":"product_cat-images-de-tables-doperation","20":"product_cat-les-entreprises-de-technologie-medicale","21":"product_cat-table-doperation-dhopital","22":"product_cat-tables-doperation-patient","24":"first","25":"instock","26":"taxable","27":"shipping-taxable","28":"purchasable","29":"product-type-simple"},"acf":{"seo_title_01":"","seo_text_01":""},"_links":{"self":[{"href":"https:\/\/inspital.com\/fr\/wp-json\/wp\/v2\/product\/16027","targetHints":{"allow":["GET"]}}],"collection":[{"href":"https:\/\/inspital.com\/fr\/wp-json\/wp\/v2\/product"}],"about":[{"href":"https:\/\/inspital.com\/fr\/wp-json\/wp\/v2\/types\/product"}],"version-history":[{"count":3,"href":"https:\/\/inspital.com\/fr\/wp-json\/wp\/v2\/product\/16027\/revisions"}],"predecessor-version":[{"id":17532,"href":"https:\/\/inspital.com\/fr\/wp-json\/wp\/v2\/product\/16027\/revisions\/17532"}],"wp:featuredmedia":[{"embeddable":true,"href":"https:\/\/inspital.com\/fr\/wp-json\/wp\/v2\/media\/16028"}],"wp:attachment":[{"href":"https:\/\/inspital.com\/fr\/wp-json\/wp\/v2\/media?parent=16027"}],"wp:term":[{"taxonomy":"product_brand","embeddable":true,"href":"https:\/\/inspital.com\/fr\/wp-json\/wp\/v2\/product_brand?post=16027"},{"taxonomy":"product_cat","embeddable":true,"href":"https:\/\/inspital.com\/fr\/wp-json\/wp\/v2\/product_cat?post=16027"},{"taxonomy":"product_tag","embeddable":true,"href":"https:\/\/inspital.com\/fr\/wp-json\/wp\/v2\/product_tag?post=16027"}],"curies":[{"name":"wp","href":"https:\/\/api.w.org\/{rel}","templated":true}]}}