{"id":16024,"date":"2025-03-03T11:59:04","date_gmt":"2025-03-03T08:59:04","guid":{"rendered":"https:\/\/inspital.com\/product\/coussin-pour-hernie-discale-ot60-61\/"},"modified":"2026-04-10T11:33:12","modified_gmt":"2026-04-10T08:33:12","slug":"coussin-pour-hernie-discale-ot60-61","status":"publish","type":"product","link":"https:\/\/inspital.com\/fr\/product\/coussin-pour-hernie-discale-ot60-61\/","title":{"rendered":"Coussin pour hernie discale OT60.61"},"content":{"rendered":"","protected":false},"excerpt":{"rendered":"<div class=\"detail\">\n<div class=\"cnt\">\n<div class=\"detail\">\n<div class=\"cnt\">\n<div class=\"detail\">\n<div class=\"cnt\">\n<div class=\"detail\">\n<div class=\"cnt\">\n<p>Le coussin pour hernie discale soutient le patient dans une position de flexion id\u00e9ale lors d&rsquo;op\u00e9rations de la colonne vert\u00e9brale et proctologiques.<\/p>\n<p>Gr\u00e2ce \u00e0 sa structure incurv\u00e9e et \u00e0 ses coussinets de gel suppl\u00e9mentaires, il soutient la poitrine et le bassin, soulageant ainsi la pression dans la r\u00e9gion abdominale et assurant un grand confort au patient.<\/p>\n<p>Le coussin offre les m\u00eames conditions qu&rsquo;un cadre m\u00e9tallique, mais il est plus confortable \u00e0 manipuler.<\/p>\n<\/div>\n<\/div>\n<\/div>\n<\/div>\n<\/div>\n<\/div>\n<\/div>\n<\/div>\n","protected":false},"featured_media":16025,"template":"","meta":{"_acf_changed":false},"product_brand":[],"product_cat":[363,369,368,370,366,365,371,359,364,358,402,367,362,356,357,664,660,652,478,644,640],"product_tag":[],"class_list":{"0":"post-16024","1":"product","2":"type-product","3":"status-publish","4":"has-post-thumbnail","6":"product_cat-accessoires-de-table-doperation","7":"product_cat-accessoires-de-table-doperation-2","8":"product_cat-acheter-une-table-doperation","9":"product_cat-acheter-une-table-doperation-2","10":"product_cat-instruments-de-table-doperation","11":"product_cat-positionnement-table-doperation","12":"product_cat-positionnement-table-doperation-2","13":"product_cat-preparer-la-table-doperation","14":"product_cat-rembourrage-de-table-doperation","15":"product_cat-structure-dune-table-doperation","16":"product_cat-support-de-jambe-table-doperation","17":"product_cat-systemes-de-tables-doperation","18":"product_cat-table-doperation-2","19":"product_cat-table-doperation","20":"product_cat-table-doperation-mobile","21":"product_cat-dispositifs-de-positionnement-pour-table-doperation","22":"product_cat-fabricant-de-tables-doperation","23":"product_cat-images-de-tables-doperation","24":"product_cat-les-entreprises-de-technologie-medicale","25":"product_cat-table-doperation-dhopital","26":"product_cat-tables-doperation-patient","28":"first","29":"instock","30":"taxable","31":"shipping-taxable","32":"purchasable","33":"product-type-simple"},"acf":{"seo_title_01":"","seo_text_01":""},"_links":{"self":[{"href":"https:\/\/inspital.com\/fr\/wp-json\/wp\/v2\/product\/16024","targetHints":{"allow":["GET"]}}],"collection":[{"href":"https:\/\/inspital.com\/fr\/wp-json\/wp\/v2\/product"}],"about":[{"href":"https:\/\/inspital.com\/fr\/wp-json\/wp\/v2\/types\/product"}],"version-history":[{"count":1,"href":"https:\/\/inspital.com\/fr\/wp-json\/wp\/v2\/product\/16024\/revisions"}],"predecessor-version":[{"id":16026,"href":"https:\/\/inspital.com\/fr\/wp-json\/wp\/v2\/product\/16024\/revisions\/16026"}],"wp:featuredmedia":[{"embeddable":true,"href":"https:\/\/inspital.com\/fr\/wp-json\/wp\/v2\/media\/16025"}],"wp:attachment":[{"href":"https:\/\/inspital.com\/fr\/wp-json\/wp\/v2\/media?parent=16024"}],"wp:term":[{"taxonomy":"product_brand","embeddable":true,"href":"https:\/\/inspital.com\/fr\/wp-json\/wp\/v2\/product_brand?post=16024"},{"taxonomy":"product_cat","embeddable":true,"href":"https:\/\/inspital.com\/fr\/wp-json\/wp\/v2\/product_cat?post=16024"},{"taxonomy":"product_tag","embeddable":true,"href":"https:\/\/inspital.com\/fr\/wp-json\/wp\/v2\/product_tag?post=16024"}],"curies":[{"name":"wp","href":"https:\/\/api.w.org\/{rel}","templated":true}]}}