{"id":15909,"date":"2025-03-12T12:04:48","date_gmt":"2025-03-12T09:04:48","guid":{"rendered":"https:\/\/inspital.com\/product\/imagerie-medicale-ld30-00\/"},"modified":"2026-03-06T12:37:28","modified_gmt":"2026-03-06T09:37:28","slug":"imagerie-medicale-ld30-00","status":"publish","type":"product","link":"https:\/\/inspital.com\/fr\/product\/imagerie-medicale-ld30-00\/","title":{"rendered":"Imagerie m\u00e9dicale LD30.00"},"content":{"rendered":"","protected":false},"excerpt":{"rendered":"<div class=\"detail\">\n<div class=\"cnt\">\n<p><b>Dimensions&nbsp;:<\/b> 262(L) X 172(l) X 120(H) mm<br \/>\nLa station de travail d&rsquo;imagerie m\u00e9dicale est un enregistreur d&rsquo;images m\u00e9dicales avanc\u00e9. Elle est dot\u00e9e d&rsquo;un \u00e9cran LCD de 4,3 pouces pour une visualisation facile. Le syst\u00e8me est rapide \u00e0 installer et facile \u00e0 utiliser, car il d\u00e9tecte automatiquement la connexion vid\u00e9o.  <\/p>\n<\/div>\n<\/div>\n","protected":false},"featured_media":15910,"template":"","meta":{"_acf_changed":false},"product_brand":[],"product_cat":[354,344,352,347,355,350,353,345,346,656,631,475,488,497,491,478,481,494],"product_tag":[],"class_list":{"0":"post-15909","1":"product","2":"type-product","3":"status-publish","4":"has-post-thumbnail","6":"product_cat-eclairage-bloc-operatoire","7":"product_cat-eclairage-chirugical","8":"product_cat-eclairage-operatoire","9":"product_cat-lampe-dexamen","10":"product_cat-lampe-dexamen-led","11":"product_cat-lampe-doperation","12":"product_cat-lampe-doperation-dispositif-medical","13":"product_cat-lampes-operatoires","14":"product_cat-lampes-operatoires-led","15":"product_cat-acheter-un-eclairage-operatoire","16":"product_cat-eclairage-operatoire-au-dessus-de-la-table-doperation","17":"product_cat-fabricant-declairage-operatoire","18":"product_cat-fabricant-del-scialytiques","19":"product_cat-lampe-doperation-murale","20":"product_cat-lampe-operatoire-mobile","21":"product_cat-les-entreprises-de-technologie-medicale","22":"product_cat-montage-de-scialytique","23":"product_cat-scialytique-led","25":"first","26":"instock","27":"taxable","28":"shipping-taxable","29":"purchasable","30":"product-type-simple"},"acf":[],"_links":{"self":[{"href":"https:\/\/inspital.com\/fr\/wp-json\/wp\/v2\/product\/15909","targetHints":{"allow":["GET"]}}],"collection":[{"href":"https:\/\/inspital.com\/fr\/wp-json\/wp\/v2\/product"}],"about":[{"href":"https:\/\/inspital.com\/fr\/wp-json\/wp\/v2\/types\/product"}],"version-history":[{"count":1,"href":"https:\/\/inspital.com\/fr\/wp-json\/wp\/v2\/product\/15909\/revisions"}],"predecessor-version":[{"id":15911,"href":"https:\/\/inspital.com\/fr\/wp-json\/wp\/v2\/product\/15909\/revisions\/15911"}],"wp:featuredmedia":[{"embeddable":true,"href":"https:\/\/inspital.com\/fr\/wp-json\/wp\/v2\/media\/15910"}],"wp:attachment":[{"href":"https:\/\/inspital.com\/fr\/wp-json\/wp\/v2\/media?parent=15909"}],"wp:term":[{"taxonomy":"product_brand","embeddable":true,"href":"https:\/\/inspital.com\/fr\/wp-json\/wp\/v2\/product_brand?post=15909"},{"taxonomy":"product_cat","embeddable":true,"href":"https:\/\/inspital.com\/fr\/wp-json\/wp\/v2\/product_cat?post=15909"},{"taxonomy":"product_tag","embeddable":true,"href":"https:\/\/inspital.com\/fr\/wp-json\/wp\/v2\/product_tag?post=15909"}],"curies":[{"name":"wp","href":"https:\/\/api.w.org\/{rel}","templated":true}]}}