{"id":15904,"date":"2025-03-17T15:21:12","date_gmt":"2025-03-17T12:21:12","guid":{"rendered":"https:\/\/inspital.com\/product\/poutre-dalimentation-motorisee-fx40-15m\/"},"modified":"2026-02-19T13:13:58","modified_gmt":"2026-02-19T10:13:58","slug":"poutre-dalimentation-motorisee-fx40-15m","status":"publish","type":"product","link":"https:\/\/inspital.com\/fr\/product\/poutre-dalimentation-motorisee-fx40-15m\/","title":{"rendered":"Unit\u00e9 d\u2019alimentation de plafond motoris\u00e9e FX40.15M"},"content":{"rendered":"","protected":false},"excerpt":{"rendered":"<p>La fonction motoris\u00e9e am\u00e9liore l&rsquo;accessibilit\u00e9 et le transport des \u00e9quipements m\u00e9dicaux. Le bras robuste offre des capacit\u00e9s de charge \u00e9lev\u00e9es et assure un support fiable. <\/p>\n<p>Les syst\u00e8mes de pendules m\u00e9dicaux sont des solutions avanc\u00e9es con\u00e7ues pour optimiser les flux de travail, am\u00e9liorer la s\u00e9curit\u00e9 des patients et garantir l&rsquo;hygi\u00e8ne dans les blocs op\u00e9ratoires et les unit\u00e9s de soins intensifs.<\/p>\n","protected":false},"featured_media":15905,"template":"","meta":{"_acf_changed":false},"product_brand":[],"product_cat":[390,391,389,478],"product_tag":[],"class_list":{"0":"post-15904","1":"product","2":"type-product","3":"status-publish","4":"has-post-thumbnail","6":"product_cat-poutres-de-plafond-bloc-operatoire","7":"product_cat-poutres-de-plafond-chirurgie","8":"product_cat-unite-dalimentation-plafonniere","9":"product_cat-les-entreprises-de-technologie-medicale","11":"first","12":"instock","13":"taxable","14":"shipping-taxable","15":"purchasable","16":"product-type-simple"},"acf":[],"_links":{"self":[{"href":"https:\/\/inspital.com\/fr\/wp-json\/wp\/v2\/product\/15904","targetHints":{"allow":["GET"]}}],"collection":[{"href":"https:\/\/inspital.com\/fr\/wp-json\/wp\/v2\/product"}],"about":[{"href":"https:\/\/inspital.com\/fr\/wp-json\/wp\/v2\/types\/product"}],"version-history":[{"count":2,"href":"https:\/\/inspital.com\/fr\/wp-json\/wp\/v2\/product\/15904\/revisions"}],"predecessor-version":[{"id":17116,"href":"https:\/\/inspital.com\/fr\/wp-json\/wp\/v2\/product\/15904\/revisions\/17116"}],"wp:featuredmedia":[{"embeddable":true,"href":"https:\/\/inspital.com\/fr\/wp-json\/wp\/v2\/media\/15905"}],"wp:attachment":[{"href":"https:\/\/inspital.com\/fr\/wp-json\/wp\/v2\/media?parent=15904"}],"wp:term":[{"taxonomy":"product_brand","embeddable":true,"href":"https:\/\/inspital.com\/fr\/wp-json\/wp\/v2\/product_brand?post=15904"},{"taxonomy":"product_cat","embeddable":true,"href":"https:\/\/inspital.com\/fr\/wp-json\/wp\/v2\/product_cat?post=15904"},{"taxonomy":"product_tag","embeddable":true,"href":"https:\/\/inspital.com\/fr\/wp-json\/wp\/v2\/product_tag?post=15904"}],"curies":[{"name":"wp","href":"https:\/\/api.w.org\/{rel}","templated":true}]}}