{"id":15891,"date":"2025-03-17T17:42:21","date_gmt":"2025-03-17T14:42:21","guid":{"rendered":"https:\/\/inspital.com\/product\/unite-dalimentation-de-plafond-avec-double-articulation-fx40-20v\/"},"modified":"2026-02-09T16:05:18","modified_gmt":"2026-02-09T13:05:18","slug":"unite-dalimentation-de-plafond-avec-double-articulation-fx40-20v","status":"publish","type":"product","link":"https:\/\/inspital.com\/fr\/product\/unite-dalimentation-de-plafond-avec-double-articulation-fx40-20v\/","title":{"rendered":"Unit\u00e9 d&rsquo;alimentation de plafond avec double articulation FX40.20V"},"content":{"rendered":"","protected":false},"excerpt":{"rendered":"<p>Ce syst\u00e8me d&rsquo;alimentation de plafond m\u00e9dical \u00e0 deux bras a \u00e9t\u00e9 con\u00e7u pour les \u00e9tablissements de sant\u00e9 \u00e0 la recherche de solutions \u00e9conomiques sans sacrifier la qualit\u00e9. Il allie l&rsquo;ing\u00e9nierie allemande \u00e0 une fonctionnalit\u00e9 \u00e9lev\u00e9e et convient particuli\u00e8rement aux zones o\u00f9 une alimentation en fluides fiable et efficace est requise pour une charge moyenne. <\/p>\n","protected":false},"featured_media":15892,"template":"","meta":{"_acf_changed":false},"product_brand":[],"product_cat":[390,391,389,478],"product_tag":[],"class_list":{"0":"post-15891","1":"product","2":"type-product","3":"status-publish","4":"has-post-thumbnail","6":"product_cat-poutres-de-plafond-bloc-operatoire","7":"product_cat-poutres-de-plafond-chirurgie","8":"product_cat-unite-dalimentation-plafonniere","9":"product_cat-les-entreprises-de-technologie-medicale","11":"first","12":"instock","13":"taxable","14":"shipping-taxable","15":"purchasable","16":"product-type-simple"},"acf":[],"_links":{"self":[{"href":"https:\/\/inspital.com\/fr\/wp-json\/wp\/v2\/product\/15891","targetHints":{"allow":["GET"]}}],"collection":[{"href":"https:\/\/inspital.com\/fr\/wp-json\/wp\/v2\/product"}],"about":[{"href":"https:\/\/inspital.com\/fr\/wp-json\/wp\/v2\/types\/product"}],"version-history":[{"count":1,"href":"https:\/\/inspital.com\/fr\/wp-json\/wp\/v2\/product\/15891\/revisions"}],"predecessor-version":[{"id":15893,"href":"https:\/\/inspital.com\/fr\/wp-json\/wp\/v2\/product\/15891\/revisions\/15893"}],"wp:featuredmedia":[{"embeddable":true,"href":"https:\/\/inspital.com\/fr\/wp-json\/wp\/v2\/media\/15892"}],"wp:attachment":[{"href":"https:\/\/inspital.com\/fr\/wp-json\/wp\/v2\/media?parent=15891"}],"wp:term":[{"taxonomy":"product_brand","embeddable":true,"href":"https:\/\/inspital.com\/fr\/wp-json\/wp\/v2\/product_brand?post=15891"},{"taxonomy":"product_cat","embeddable":true,"href":"https:\/\/inspital.com\/fr\/wp-json\/wp\/v2\/product_cat?post=15891"},{"taxonomy":"product_tag","embeddable":true,"href":"https:\/\/inspital.com\/fr\/wp-json\/wp\/v2\/product_tag?post=15891"}],"curies":[{"name":"wp","href":"https:\/\/api.w.org\/{rel}","templated":true}]}}