{"id":15879,"date":"2025-04-03T15:46:17","date_gmt":"2025-04-03T12:46:17","guid":{"rendered":"https:\/\/inspital.com\/product\/lampe-dexamen-led-type-de-rail-lp10-05\/"},"modified":"2026-03-06T12:30:00","modified_gmt":"2026-03-06T09:30:00","slug":"lampe-dexamen-led-type-de-rail-lp10-05","status":"publish","type":"product","link":"https:\/\/inspital.com\/fr\/product\/lampe-dexamen-led-type-de-rail-lp10-05\/","title":{"rendered":"Lampe d\u2019examen LED, fix\u00e9e sur rail LP10.05"},"content":{"rendered":"","protected":false},"excerpt":{"rendered":"<div class=\"detail\">\n<div class=\"cnt\">\n<p>Les lampes op\u00e9ratoires \u00e0 LED INSPITAL r\u00e9pondent \u00e0 toutes les exigences d&rsquo;\u00e9clairage chirurgical des blocs op\u00e9ratoires. La technologie LED de nouvelle g\u00e9n\u00e9ration aide les chirurgiens \u00e0 utiliser et \u00e0 visualiser clairement la zone op\u00e9ratoire. Les lampes LED INSPITAL peuvent \u00eatre adapt\u00e9es \u00e0 toutes les tailles de blocs op\u00e9ratoires, y compris les grands types hybrides avec une vari\u00e9t\u00e9 de mod\u00e8les et de combinaisons. <\/p>\n<\/div>\n<\/div>\n","protected":false},"featured_media":15883,"template":"","meta":{"_acf_changed":false},"product_brand":[],"product_cat":[354,344,352,347,355,350,353,345,346,656,631,475,488,497,491,478,481,494],"product_tag":[],"class_list":{"0":"post-15879","1":"product","2":"type-product","3":"status-publish","4":"has-post-thumbnail","6":"product_cat-eclairage-bloc-operatoire","7":"product_cat-eclairage-chirugical","8":"product_cat-eclairage-operatoire","9":"product_cat-lampe-dexamen","10":"product_cat-lampe-dexamen-led","11":"product_cat-lampe-doperation","12":"product_cat-lampe-doperation-dispositif-medical","13":"product_cat-lampes-operatoires","14":"product_cat-lampes-operatoires-led","15":"product_cat-acheter-un-eclairage-operatoire","16":"product_cat-eclairage-operatoire-au-dessus-de-la-table-doperation","17":"product_cat-fabricant-declairage-operatoire","18":"product_cat-fabricant-del-scialytiques","19":"product_cat-lampe-doperation-murale","20":"product_cat-lampe-operatoire-mobile","21":"product_cat-les-entreprises-de-technologie-medicale","22":"product_cat-montage-de-scialytique","23":"product_cat-scialytique-led","25":"first","26":"instock","27":"taxable","28":"shipping-taxable","29":"purchasable","30":"product-type-simple"},"acf":[],"_links":{"self":[{"href":"https:\/\/inspital.com\/fr\/wp-json\/wp\/v2\/product\/15879","targetHints":{"allow":["GET"]}}],"collection":[{"href":"https:\/\/inspital.com\/fr\/wp-json\/wp\/v2\/product"}],"about":[{"href":"https:\/\/inspital.com\/fr\/wp-json\/wp\/v2\/types\/product"}],"version-history":[{"count":2,"href":"https:\/\/inspital.com\/fr\/wp-json\/wp\/v2\/product\/15879\/revisions"}],"predecessor-version":[{"id":17100,"href":"https:\/\/inspital.com\/fr\/wp-json\/wp\/v2\/product\/15879\/revisions\/17100"}],"wp:featuredmedia":[{"embeddable":true,"href":"https:\/\/inspital.com\/fr\/wp-json\/wp\/v2\/media\/15883"}],"wp:attachment":[{"href":"https:\/\/inspital.com\/fr\/wp-json\/wp\/v2\/media?parent=15879"}],"wp:term":[{"taxonomy":"product_brand","embeddable":true,"href":"https:\/\/inspital.com\/fr\/wp-json\/wp\/v2\/product_brand?post=15879"},{"taxonomy":"product_cat","embeddable":true,"href":"https:\/\/inspital.com\/fr\/wp-json\/wp\/v2\/product_cat?post=15879"},{"taxonomy":"product_tag","embeddable":true,"href":"https:\/\/inspital.com\/fr\/wp-json\/wp\/v2\/product_tag?post=15879"}],"curies":[{"name":"wp","href":"https:\/\/api.w.org\/{rel}","templated":true}]}}