{"id":15867,"date":"2025-04-04T10:42:46","date_gmt":"2025-04-04T07:42:46","guid":{"rendered":"https:\/\/inspital.com\/product\/unite-dalimentation-de-plafond-avec-joint-simple-fx40-10s\/"},"modified":"2026-02-09T15:50:40","modified_gmt":"2026-02-09T12:50:40","slug":"unite-dalimentation-de-plafond-avec-joint-simple-fx40-10s","status":"publish","type":"product","link":"https:\/\/inspital.com\/fr\/product\/unite-dalimentation-de-plafond-avec-joint-simple-fx40-10s\/","title":{"rendered":"Unit\u00e9 d&rsquo;alimentation de plafond avec joint simple FX40.10S"},"content":{"rendered":"","protected":false},"excerpt":{"rendered":"<p>Ce syst\u00e8me m\u00e9dical d&rsquo;alimentation de plafond a \u00e9t\u00e9 con\u00e7u pour les \u00e9tablissements de sant\u00e9 \u00e0 la recherche de solutions \u00e9conomiques sans compromettre la qualit\u00e9. Il combine l&rsquo;ing\u00e9nierie allemande avec une fonctionnalit\u00e9 \u00e9lev\u00e9e et convient particuli\u00e8rement aux zones o\u00f9 un approvisionnement en fluides fiable et efficace est n\u00e9cessaire pour une charge moyenne. <\/p>\n","protected":false},"featured_media":15869,"template":"","meta":{"_acf_changed":false},"product_brand":[],"product_cat":[390,391,389,478],"product_tag":[],"class_list":{"0":"post-15867","1":"product","2":"type-product","3":"status-publish","4":"has-post-thumbnail","6":"product_cat-poutres-de-plafond-bloc-operatoire","7":"product_cat-poutres-de-plafond-chirurgie","8":"product_cat-unite-dalimentation-plafonniere","9":"product_cat-les-entreprises-de-technologie-medicale","11":"first","12":"instock","13":"taxable","14":"shipping-taxable","15":"purchasable","16":"product-type-simple"},"acf":[],"_links":{"self":[{"href":"https:\/\/inspital.com\/fr\/wp-json\/wp\/v2\/product\/15867","targetHints":{"allow":["GET"]}}],"collection":[{"href":"https:\/\/inspital.com\/fr\/wp-json\/wp\/v2\/product"}],"about":[{"href":"https:\/\/inspital.com\/fr\/wp-json\/wp\/v2\/types\/product"}],"version-history":[{"count":1,"href":"https:\/\/inspital.com\/fr\/wp-json\/wp\/v2\/product\/15867\/revisions"}],"predecessor-version":[{"id":15870,"href":"https:\/\/inspital.com\/fr\/wp-json\/wp\/v2\/product\/15867\/revisions\/15870"}],"wp:featuredmedia":[{"embeddable":true,"href":"https:\/\/inspital.com\/fr\/wp-json\/wp\/v2\/media\/15869"}],"wp:attachment":[{"href":"https:\/\/inspital.com\/fr\/wp-json\/wp\/v2\/media?parent=15867"}],"wp:term":[{"taxonomy":"product_brand","embeddable":true,"href":"https:\/\/inspital.com\/fr\/wp-json\/wp\/v2\/product_brand?post=15867"},{"taxonomy":"product_cat","embeddable":true,"href":"https:\/\/inspital.com\/fr\/wp-json\/wp\/v2\/product_cat?post=15867"},{"taxonomy":"product_tag","embeddable":true,"href":"https:\/\/inspital.com\/fr\/wp-json\/wp\/v2\/product_tag?post=15867"}],"curies":[{"name":"wp","href":"https:\/\/api.w.org\/{rel}","templated":true}]}}