{"id":15863,"date":"2025-04-04T10:48:14","date_gmt":"2025-04-04T07:48:14","guid":{"rendered":"https:\/\/inspital.com\/product\/poutre-dalimentation-de-plafond-motorisee-a-double-articulation-fx40-25m\/"},"modified":"2026-02-19T13:08:41","modified_gmt":"2026-02-19T10:08:41","slug":"poutre-dalimentation-de-plafond-motorisee-a-double-articulation-fx40-25m","status":"publish","type":"product","link":"https:\/\/inspital.com\/fr\/product\/poutre-dalimentation-de-plafond-motorisee-a-double-articulation-fx40-25m\/","title":{"rendered":"Unit\u00e9 d&rsquo;alimentation de plafond motoris\u00e9e \u00e0 double articulation FX40.25M"},"content":{"rendered":"","protected":false},"excerpt":{"rendered":"<div class=\"detail\">\n<div class=\"cnt\">\n<p>La fonction motoris\u00e9e am\u00e9liore l&rsquo;accessibilit\u00e9 et le transport des \u00e9quipements m\u00e9dicaux. Le bras robuste offre des capacit\u00e9s de charge \u00e9lev\u00e9es et assure un support fiable. <\/p>\n<p>Les syst\u00e8mes de pendules m\u00e9dicaux sont des solutions avanc\u00e9es con\u00e7ues pour optimiser les flux de travail, am\u00e9liorer la s\u00e9curit\u00e9 des patients et garantir l&rsquo;hygi\u00e8ne dans les blocs op\u00e9ratoires et les unit\u00e9s de soins intensifs.<\/p>\n<\/div>\n<\/div>\n","protected":false},"featured_media":15865,"template":"","meta":{"_acf_changed":false},"product_brand":[],"product_cat":[390,391,389,478],"product_tag":[],"class_list":{"0":"post-15863","1":"product","2":"type-product","3":"status-publish","4":"has-post-thumbnail","6":"product_cat-poutres-de-plafond-bloc-operatoire","7":"product_cat-poutres-de-plafond-chirurgie","8":"product_cat-unite-dalimentation-plafonniere","9":"product_cat-les-entreprises-de-technologie-medicale","11":"first","12":"instock","13":"taxable","14":"shipping-taxable","15":"purchasable","16":"product-type-simple"},"acf":[],"_links":{"self":[{"href":"https:\/\/inspital.com\/fr\/wp-json\/wp\/v2\/product\/15863","targetHints":{"allow":["GET"]}}],"collection":[{"href":"https:\/\/inspital.com\/fr\/wp-json\/wp\/v2\/product"}],"about":[{"href":"https:\/\/inspital.com\/fr\/wp-json\/wp\/v2\/types\/product"}],"version-history":[{"count":2,"href":"https:\/\/inspital.com\/fr\/wp-json\/wp\/v2\/product\/15863\/revisions"}],"predecessor-version":[{"id":17114,"href":"https:\/\/inspital.com\/fr\/wp-json\/wp\/v2\/product\/15863\/revisions\/17114"}],"wp:featuredmedia":[{"embeddable":true,"href":"https:\/\/inspital.com\/fr\/wp-json\/wp\/v2\/media\/15865"}],"wp:attachment":[{"href":"https:\/\/inspital.com\/fr\/wp-json\/wp\/v2\/media?parent=15863"}],"wp:term":[{"taxonomy":"product_brand","embeddable":true,"href":"https:\/\/inspital.com\/fr\/wp-json\/wp\/v2\/product_brand?post=15863"},{"taxonomy":"product_cat","embeddable":true,"href":"https:\/\/inspital.com\/fr\/wp-json\/wp\/v2\/product_cat?post=15863"},{"taxonomy":"product_tag","embeddable":true,"href":"https:\/\/inspital.com\/fr\/wp-json\/wp\/v2\/product_tag?post=15863"}],"curies":[{"name":"wp","href":"https:\/\/api.w.org\/{rel}","templated":true}]}}