{"id":15736,"date":"2025-04-30T15:24:42","date_gmt":"2025-04-30T12:24:42","guid":{"rendered":"https:\/\/inspital.com\/product\/unite-dalimentation-au-plafond-sans-bras-fx40-05\/"},"modified":"2026-02-09T15:29:29","modified_gmt":"2026-02-09T12:29:29","slug":"unite-dalimentation-au-plafond-sans-bras-fx40-05","status":"publish","type":"product","link":"https:\/\/inspital.com\/fr\/product\/unite-dalimentation-au-plafond-sans-bras-fx40-05\/","title":{"rendered":"Unit\u00e9 d&rsquo;alimentation au plafond sans bras FX40.05"},"content":{"rendered":"","protected":false},"excerpt":{"rendered":"<p>Ces unit\u00e9s d&rsquo;alimentation au plafond m\u00e9dicales \u00e0 haute capacit\u00e9 de charge ont \u00e9t\u00e9 con\u00e7ues pour les \u00e9tablissements de sant\u00e9 \u00e0 la recherche de solutions rentables sans compromettre la qualit\u00e9. Elles combinent l&rsquo;ing\u00e9nierie allemande avec une fonctionnalit\u00e9 \u00e9lev\u00e9e et sont id\u00e9ales pour les environnements de travail o\u00f9 une alimentation m\u00e9dicale fiable et performante est n\u00e9cessaire. <\/p>\n","protected":false},"featured_media":15740,"template":"","meta":{"_acf_changed":false},"product_brand":[],"product_cat":[390,391,389,478],"product_tag":[],"class_list":{"0":"post-15736","1":"product","2":"type-product","3":"status-publish","4":"has-post-thumbnail","6":"product_cat-poutres-de-plafond-bloc-operatoire","7":"product_cat-poutres-de-plafond-chirurgie","8":"product_cat-unite-dalimentation-plafonniere","9":"product_cat-les-entreprises-de-technologie-medicale","11":"first","12":"instock","13":"taxable","14":"shipping-taxable","15":"purchasable","16":"product-type-simple"},"acf":[],"_links":{"self":[{"href":"https:\/\/inspital.com\/fr\/wp-json\/wp\/v2\/product\/15736","targetHints":{"allow":["GET"]}}],"collection":[{"href":"https:\/\/inspital.com\/fr\/wp-json\/wp\/v2\/product"}],"about":[{"href":"https:\/\/inspital.com\/fr\/wp-json\/wp\/v2\/types\/product"}],"version-history":[{"count":1,"href":"https:\/\/inspital.com\/fr\/wp-json\/wp\/v2\/product\/15736\/revisions"}],"predecessor-version":[{"id":15742,"href":"https:\/\/inspital.com\/fr\/wp-json\/wp\/v2\/product\/15736\/revisions\/15742"}],"wp:featuredmedia":[{"embeddable":true,"href":"https:\/\/inspital.com\/fr\/wp-json\/wp\/v2\/media\/15740"}],"wp:attachment":[{"href":"https:\/\/inspital.com\/fr\/wp-json\/wp\/v2\/media?parent=15736"}],"wp:term":[{"taxonomy":"product_brand","embeddable":true,"href":"https:\/\/inspital.com\/fr\/wp-json\/wp\/v2\/product_brand?post=15736"},{"taxonomy":"product_cat","embeddable":true,"href":"https:\/\/inspital.com\/fr\/wp-json\/wp\/v2\/product_cat?post=15736"},{"taxonomy":"product_tag","embeddable":true,"href":"https:\/\/inspital.com\/fr\/wp-json\/wp\/v2\/product_tag?post=15736"}],"curies":[{"name":"wp","href":"https:\/\/api.w.org\/{rel}","templated":true}]}}