{"id":15725,"date":"2025-04-30T15:30:06","date_gmt":"2025-04-30T12:30:06","guid":{"rendered":"https:\/\/inspital.com\/product\/poutre-de-plafond-pour-unite-de-soins-intensifs-fx40-15d\/"},"modified":"2026-02-19T13:12:46","modified_gmt":"2026-02-19T10:12:46","slug":"poutre-de-plafond-pour-unite-de-soins-intensifs-fx40-15d","status":"publish","type":"product","link":"https:\/\/inspital.com\/fr\/product\/poutre-de-plafond-pour-unite-de-soins-intensifs-fx40-15d\/","title":{"rendered":"Unit\u00e9 d\u2019alimentation de plafond pour unit\u00e9 de soins intensifs FX40.15D"},"content":{"rendered":"","protected":false},"excerpt":{"rendered":"<p>Ce syst\u00e8me d&rsquo;alimentation de plafond m\u00e9dical \u00e0 deux bras a \u00e9t\u00e9 con\u00e7u pour les \u00e9tablissements de sant\u00e9 \u00e0 la recherche de solutions \u00e9conomiques sans sacrifier la qualit\u00e9. Il allie l&rsquo;ing\u00e9nierie allemande \u00e0 une fonctionnalit\u00e9 \u00e9lev\u00e9e et convient particuli\u00e8rement aux zones o\u00f9 une alimentation en fluides fiable et efficace est requise pour une charge moyenne. <\/p>\n","protected":false},"featured_media":15727,"template":"","meta":{"_acf_changed":false},"product_brand":[],"product_cat":[390,391,389,478],"product_tag":[],"class_list":{"0":"post-15725","1":"product","2":"type-product","3":"status-publish","4":"has-post-thumbnail","6":"product_cat-poutres-de-plafond-bloc-operatoire","7":"product_cat-poutres-de-plafond-chirurgie","8":"product_cat-unite-dalimentation-plafonniere","9":"product_cat-les-entreprises-de-technologie-medicale","11":"first","12":"instock","13":"taxable","14":"shipping-taxable","15":"purchasable","16":"product-type-simple"},"acf":[],"_links":{"self":[{"href":"https:\/\/inspital.com\/fr\/wp-json\/wp\/v2\/product\/15725","targetHints":{"allow":["GET"]}}],"collection":[{"href":"https:\/\/inspital.com\/fr\/wp-json\/wp\/v2\/product"}],"about":[{"href":"https:\/\/inspital.com\/fr\/wp-json\/wp\/v2\/types\/product"}],"version-history":[{"count":2,"href":"https:\/\/inspital.com\/fr\/wp-json\/wp\/v2\/product\/15725\/revisions"}],"predecessor-version":[{"id":17115,"href":"https:\/\/inspital.com\/fr\/wp-json\/wp\/v2\/product\/15725\/revisions\/17115"}],"wp:featuredmedia":[{"embeddable":true,"href":"https:\/\/inspital.com\/fr\/wp-json\/wp\/v2\/media\/15727"}],"wp:attachment":[{"href":"https:\/\/inspital.com\/fr\/wp-json\/wp\/v2\/media?parent=15725"}],"wp:term":[{"taxonomy":"product_brand","embeddable":true,"href":"https:\/\/inspital.com\/fr\/wp-json\/wp\/v2\/product_brand?post=15725"},{"taxonomy":"product_cat","embeddable":true,"href":"https:\/\/inspital.com\/fr\/wp-json\/wp\/v2\/product_cat?post=15725"},{"taxonomy":"product_tag","embeddable":true,"href":"https:\/\/inspital.com\/fr\/wp-json\/wp\/v2\/product_tag?post=15725"}],"curies":[{"name":"wp","href":"https:\/\/api.w.org\/{rel}","templated":true}]}}