{"id":15847,"date":"2025-07-21T16:48:41","date_gmt":"2025-07-21T13:48:41","guid":{"rendered":"https:\/\/inspital.com\/merci-beaucoup\/"},"modified":"2026-02-09T15:43:12","modified_gmt":"2026-02-09T12:43:12","slug":"merci-beaucoup","status":"publish","type":"page","link":"https:\/\/inspital.com\/fr\/merci-beaucoup\/","title":{"rendered":"Merci beaucoup"},"content":{"rendered":"\t\t<div data-elementor-type=\"wp-page\" data-elementor-id=\"15847\" class=\"elementor elementor-15847 elementor-13092\" data-elementor-post-type=\"page\">\n\t\t\t\t<div class=\"elementor-element elementor-element-1909957 e-flex e-con-boxed e-con e-parent\" data-id=\"1909957\" data-element_type=\"container\" data-e-type=\"container\">\n\t\t\t\t\t<div class=\"e-con-inner\">\n\t\t\t\t<div class=\"elementor-element elementor-element-cbae5fa elementor-widget elementor-widget-image\" data-id=\"cbae5fa\" data-element_type=\"widget\" data-e-type=\"widget\" data-widget_type=\"image.default\">\n\t\t\t\t<div class=\"elementor-widget-container\">\n\t\t\t\t\t\t\t\t\t\t\t\t\t\t\t<img loading=\"lazy\" decoding=\"async\" width=\"892\" height=\"1024\" src=\"https:\/\/inspital.com\/wp-content\/uploads\/2025\/07\/confetti-icon-892x1024-1.png\" class=\"attachment-large size-large wp-image-15848\" alt=\"\" srcset=\"https:\/\/inspital.com\/wp-content\/uploads\/2025\/07\/confetti-icon-892x1024-1.png 892w, https:\/\/inspital.com\/wp-content\/uploads\/2025\/07\/confetti-icon-892x1024-1-261x300.png 261w, https:\/\/inspital.com\/wp-content\/uploads\/2025\/07\/confetti-icon-892x1024-1-768x882.png 768w, https:\/\/inspital.com\/wp-content\/uploads\/2025\/07\/confetti-icon-892x1024-1-150x172.png 150w\" sizes=\"auto, (max-width: 892px) 100vw, 892px\" \/>\t\t\t\t\t\t\t\t\t\t\t\t\t\t\t<\/div>\n\t\t\t\t<\/div>\n\t\t\t\t<div class=\"elementor-element elementor-element-f3d5ed7 elementor-widget elementor-widget-heading\" data-id=\"f3d5ed7\" data-element_type=\"widget\" data-e-type=\"widget\" data-widget_type=\"heading.default\">\n\t\t\t\t<div class=\"elementor-widget-container\">\n\t\t\t\t\t<h1 class=\"elementor-heading-title elementor-size-default\">Votre demande a bien \u00e9t\u00e9 envoy\u00e9e\n<\/h1>\t\t\t\t<\/div>\n\t\t\t\t<\/div>\n\t\t\t\t<div class=\"elementor-element elementor-element-b3a82d1 color-scheme-inherit text-left elementor-widget elementor-widget-text-editor\" data-id=\"b3a82d1\" data-element_type=\"widget\" data-e-type=\"widget\" data-widget_type=\"text-editor.default\">\n\t\t\t\t<div class=\"elementor-widget-container\">\n\t\t\t\t\t\t\t\t\t<p>Nous vous remercions de l\u2019int\u00e9r\u00eat que vous portez \u00e0 Inspital. Notre \u00e9quipe vous contactera prochainement afin de discuter personnellement des prochaines \u00e9tapes. Veuillez vous assurer d\u2019\u00eatre joignable par t\u00e9l\u00e9phone ou par e-mail.  <\/p>\t\t\t\t\t\t\t\t<\/div>\n\t\t\t\t<\/div>\n\t\t\t\t<div class=\"elementor-element elementor-element-7bcae26 elementor-align-center elementor-widget elementor-widget-button\" data-id=\"7bcae26\" data-element_type=\"widget\" data-e-type=\"widget\" data-widget_type=\"button.default\">\n\t\t\t\t<div class=\"elementor-widget-container\">\n\t\t\t\t\t\t\t\t\t<div class=\"elementor-button-wrapper\">\n\t\t\t\t\t<a class=\"elementor-button elementor-button-link elementor-size-sm\" href=\"https:\/\/inspital.com\/fr\/\">\n\t\t\t\t\t\t<span class=\"elementor-button-content-wrapper\">\n\t\t\t\t\t\t\t\t\t<span class=\"elementor-button-text\">Retour \u00e0 la page d\u2019accueil<\/span>\n\t\t\t\t\t<\/span>\n\t\t\t\t\t<\/a>\n\t\t\t\t<\/div>\n\t\t\t\t\t\t\t\t<\/div>\n\t\t\t\t<\/div>\n\t\t\t\t<div class=\"elementor-element elementor-element-6a8badf elementor-widget elementor-widget-image\" data-id=\"6a8badf\" data-element_type=\"widget\" data-e-type=\"widget\" data-widget_type=\"image.default\">\n\t\t\t\t<div class=\"elementor-widget-container\">\n\t\t\t\t\t\t\t\t\t\t\t\t\t\t\t<img loading=\"lazy\" decoding=\"async\" width=\"1024\" height=\"439\" src=\"https:\/\/inspital.com\/wp-content\/uploads\/2025\/07\/inspital-trainigdays-00001-1024x439.jpg\" class=\"attachment-large size-large wp-image-15731\" alt=\"\" srcset=\"https:\/\/inspital.com\/wp-content\/uploads\/2025\/07\/inspital-trainigdays-00001-1024x439.jpg 1024w, https:\/\/inspital.com\/wp-content\/uploads\/2025\/07\/inspital-trainigdays-00001-300x129.jpg 300w, https:\/\/inspital.com\/wp-content\/uploads\/2025\/07\/inspital-trainigdays-00001-768x329.jpg 768w, https:\/\/inspital.com\/wp-content\/uploads\/2025\/07\/inspital-trainigdays-00001-1536x658.jpg 1536w, https:\/\/inspital.com\/wp-content\/uploads\/2025\/07\/inspital-trainigdays-00001-1200x514.jpg 1200w, https:\/\/inspital.com\/wp-content\/uploads\/2025\/07\/inspital-trainigdays-00001-150x64.jpg 150w, https:\/\/inspital.com\/wp-content\/uploads\/2025\/07\/inspital-trainigdays-00001.jpg 1540w\" sizes=\"auto, (max-width: 1024px) 100vw, 1024px\" \/>\t\t\t\t\t\t\t\t\t\t\t\t\t\t\t<\/div>\n\t\t\t\t<\/div>\n\t\t\t\t\t<\/div>\n\t\t\t\t<\/div>\n\t\t\t\t<\/div>\n\t\t","protected":false},"excerpt":{"rendered":"<p>Votre demande a bien \u00e9t\u00e9 envoy\u00e9e Nous vous remercions de l\u2019int\u00e9r\u00eat que vous portez \u00e0 Inspital. Notre \u00e9quipe vous contactera<\/p>\n","protected":false},"author":1,"featured_media":0,"parent":0,"menu_order":0,"comment_status":"closed","ping_status":"closed","template":"","meta":{"_acf_changed":false,"footnotes":""},"class_list":["post-15847","page","type-page","status-publish","hentry"],"acf":[],"_links":{"self":[{"href":"https:\/\/inspital.com\/fr\/wp-json\/wp\/v2\/pages\/15847","targetHints":{"allow":["GET"]}}],"collection":[{"href":"https:\/\/inspital.com\/fr\/wp-json\/wp\/v2\/pages"}],"about":[{"href":"https:\/\/inspital.com\/fr\/wp-json\/wp\/v2\/types\/page"}],"author":[{"embeddable":true,"href":"https:\/\/inspital.com\/fr\/wp-json\/wp\/v2\/users\/1"}],"replies":[{"embeddable":true,"href":"https:\/\/inspital.com\/fr\/wp-json\/wp\/v2\/comments?post=15847"}],"version-history":[{"count":1,"href":"https:\/\/inspital.com\/fr\/wp-json\/wp\/v2\/pages\/15847\/revisions"}],"predecessor-version":[{"id":15849,"href":"https:\/\/inspital.com\/fr\/wp-json\/wp\/v2\/pages\/15847\/revisions\/15849"}],"wp:attachment":[{"href":"https:\/\/inspital.com\/fr\/wp-json\/wp\/v2\/media?parent=15847"}],"curies":[{"name":"wp","href":"https:\/\/api.w.org\/{rel}","templated":true}]}}