{"id":15788,"date":"2025-02-07T17:55:20","date_gmt":"2025-02-07T14:55:20","guid":{"rendered":"https:\/\/inspital.com\/produits\/"},"modified":"2026-02-19T13:16:07","modified_gmt":"2026-02-19T10:16:07","slug":"produits","status":"publish","type":"page","link":"https:\/\/inspital.com\/fr\/produits\/","title":{"rendered":"Produits"},"content":{"rendered":"\t\t<div data-elementor-type=\"wp-page\" data-elementor-id=\"15788\" class=\"elementor elementor-15788 elementor-1992\" data-elementor-post-type=\"page\">\n\t\t\t\t<div class=\"elementor-element elementor-element-f8f5933 e-con-full wd-section-stretch-content e-flex e-con e-parent\" data-id=\"f8f5933\" data-element_type=\"container\" data-e-type=\"container\">\n\t\t<div class=\"elementor-element elementor-element-146df63 e-con-full e-flex e-con e-child\" data-id=\"146df63\" data-element_type=\"container\" data-e-type=\"container\" data-settings=\"{&quot;background_background&quot;:&quot;classic&quot;}\">\n\t\t\t\t<div class=\"elementor-element elementor-element-157fd3f elementor-widget elementor-widget-image\" data-id=\"157fd3f\" data-element_type=\"widget\" data-e-type=\"widget\" data-widget_type=\"image.default\">\n\t\t\t\t<div class=\"elementor-widget-container\">\n\t\t\t\t\t\t\t\t\t\t\t\t\t\t\t<img loading=\"lazy\" decoding=\"async\" width=\"1200\" height=\"1000\" src=\"https:\/\/inspital.com\/wp-content\/uploads\/2025\/02\/Inspital-produkt-01.jpg\" class=\"attachment-full size-full wp-image-15544\" alt=\"\" srcset=\"https:\/\/inspital.com\/wp-content\/uploads\/2025\/02\/Inspital-produkt-01.jpg 1200w, https:\/\/inspital.com\/wp-content\/uploads\/2025\/02\/Inspital-produkt-01-150x125.jpg 150w, https:\/\/inspital.com\/wp-content\/uploads\/2025\/02\/Inspital-produkt-01-300x250.jpg 300w, https:\/\/inspital.com\/wp-content\/uploads\/2025\/02\/Inspital-produkt-01-1024x853.jpg 1024w, https:\/\/inspital.com\/wp-content\/uploads\/2025\/02\/Inspital-produkt-01-768x640.jpg 768w\" sizes=\"auto, (max-width: 1200px) 100vw, 1200px\" \/>\t\t\t\t\t\t\t\t\t\t\t\t\t\t\t<\/div>\n\t\t\t\t<\/div>\n\t\t<div class=\"elementor-element elementor-element-c5f97f8 e-con-full e-flex e-con e-child\" data-id=\"c5f97f8\" data-element_type=\"container\" data-e-type=\"container\" data-settings=\"{&quot;background_background&quot;:&quot;classic&quot;}\">\n\t\t\t\t<div class=\"elementor-element elementor-element-17de338 elementor-widget__width-initial elementor-widget elementor-widget-heading\" data-id=\"17de338\" data-element_type=\"widget\" data-e-type=\"widget\" data-widget_type=\"heading.default\">\n\t\t\t\t<div class=\"elementor-widget-container\">\n\t\t\t\t\t<h2 class=\"elementor-heading-title elementor-size-default\">Tables d'op\u00e9ration\n<\/h2>\t\t\t\t<\/div>\n\t\t\t\t<\/div>\n\t\t\t\t<div class=\"elementor-element elementor-element-e7b70a6 elementor-widget elementor-widget-heading\" data-id=\"e7b70a6\" data-element_type=\"widget\" data-e-type=\"widget\" data-widget_type=\"heading.default\">\n\t\t\t\t<div class=\"elementor-widget-container\">\n\t\t\t\t\t<p class=\"elementor-heading-title elementor-size-default\">Puissance et pr\u00e9cision en action!<\/p>\t\t\t\t<\/div>\n\t\t\t\t<\/div>\n\t\t\t\t<div class=\"elementor-element elementor-element-c76e826 elementor-align-center elementor-widget elementor-widget-button\" data-id=\"c76e826\" data-element_type=\"widget\" data-e-type=\"widget\" data-widget_type=\"button.default\">\n\t\t\t\t<div class=\"elementor-widget-container\">\n\t\t\t\t\t\t\t\t\t<div class=\"elementor-button-wrapper\">\n\t\t\t\t\t<a class=\"elementor-button elementor-button-link elementor-size-sm\" href=\"https:\/\/inspital.com\/de\/op-tisch\/\">\n\t\t\t\t\t\t<span class=\"elementor-button-content-wrapper\">\n\t\t\t\t\t\t\t\t\t<span class=\"elementor-button-text\">En savoir plus<\/span>\n\t\t\t\t\t<\/span>\n\t\t\t\t\t<\/a>\n\t\t\t\t<\/div>\n\t\t\t\t\t\t\t\t<\/div>\n\t\t\t\t<\/div>\n\t\t\t\t<\/div>\n\t\t\t\t<\/div>\n\t\t<div class=\"elementor-element elementor-element-535772e e-con-full e-flex e-con e-child\" data-id=\"535772e\" data-element_type=\"container\" data-e-type=\"container\" data-settings=\"{&quot;background_background&quot;:&quot;classic&quot;}\">\n\t\t\t\t<div class=\"elementor-element elementor-element-45679da elementor-widget elementor-widget-image\" data-id=\"45679da\" data-element_type=\"widget\" data-e-type=\"widget\" data-widget_type=\"image.default\">\n\t\t\t\t<div class=\"elementor-widget-container\">\n\t\t\t\t\t\t\t\t\t\t\t\t\t\t\t<img loading=\"lazy\" decoding=\"async\" width=\"1200\" height=\"400\" src=\"https:\/\/inspital.com\/wp-content\/uploads\/2025\/02\/Bild-0003.png\" class=\"attachment-full size-full wp-image-15532\" alt=\"\" srcset=\"https:\/\/inspital.com\/wp-content\/uploads\/2025\/02\/Bild-0003.png 1200w, https:\/\/inspital.com\/wp-content\/uploads\/2025\/02\/Bild-0003-150x50.png 150w, https:\/\/inspital.com\/wp-content\/uploads\/2025\/02\/Bild-0003-300x100.png 300w, https:\/\/inspital.com\/wp-content\/uploads\/2025\/02\/Bild-0003-1024x341.png 1024w, https:\/\/inspital.com\/wp-content\/uploads\/2025\/02\/Bild-0003-768x256.png 768w\" sizes=\"auto, (max-width: 1200px) 100vw, 1200px\" \/>\t\t\t\t\t\t\t\t\t\t\t\t\t\t\t<\/div>\n\t\t\t\t<\/div>\n\t\t<div class=\"elementor-element elementor-element-b554c94 e-con-full e-flex e-con e-child\" data-id=\"b554c94\" data-element_type=\"container\" data-e-type=\"container\" data-settings=\"{&quot;background_background&quot;:&quot;classic&quot;}\">\n\t\t\t\t<div class=\"elementor-element elementor-element-0e1f8bf elementor-widget__width-initial elementor-widget elementor-widget-heading\" data-id=\"0e1f8bf\" data-element_type=\"widget\" data-e-type=\"widget\" data-widget_type=\"heading.default\">\n\t\t\t\t<div class=\"elementor-widget-container\">\n\t\t\t\t\t<h2 class=\"elementor-heading-title elementor-size-default\">\u00c9clairage chirugical\n<\/h2>\t\t\t\t<\/div>\n\t\t\t\t<\/div>\n\t\t\t\t<div class=\"elementor-element elementor-element-0abb236 elementor-widget elementor-widget-heading\" data-id=\"0abb236\" data-element_type=\"widget\" data-e-type=\"widget\" data-widget_type=\"heading.default\">\n\t\t\t\t<div class=\"elementor-widget-container\">\n\t\t\t\t\t<p class=\"elementor-heading-title elementor-size-default\">Vision optimale au bloc op\u00e9ratoire.<\/p>\t\t\t\t<\/div>\n\t\t\t\t<\/div>\n\t\t\t\t<div class=\"elementor-element elementor-element-14a3662 elementor-align-center elementor-widget elementor-widget-button\" data-id=\"14a3662\" data-element_type=\"widget\" data-e-type=\"widget\" data-widget_type=\"button.default\">\n\t\t\t\t<div class=\"elementor-widget-container\">\n\t\t\t\t\t\t\t\t\t<div class=\"elementor-button-wrapper\">\n\t\t\t\t\t<a class=\"elementor-button elementor-button-link elementor-size-sm\" href=\"https:\/\/inspital.com\/de\/op-leuchten\/\">\n\t\t\t\t\t\t<span class=\"elementor-button-content-wrapper\">\n\t\t\t\t\t\t\t\t\t<span class=\"elementor-button-text\">En savoir plus<\/span>\n\t\t\t\t\t<\/span>\n\t\t\t\t\t<\/a>\n\t\t\t\t<\/div>\n\t\t\t\t\t\t\t\t<\/div>\n\t\t\t\t<\/div>\n\t\t\t\t<\/div>\n\t\t\t\t<\/div>\n\t\t\t\t<\/div>\n\t\t<div class=\"elementor-element elementor-element-aad6dbe e-con-full wd-section-stretch-content e-flex e-con e-parent\" data-id=\"aad6dbe\" data-element_type=\"container\" data-e-type=\"container\">\n\t\t<div class=\"elementor-element elementor-element-6c46d51 e-con-full e-flex e-con e-child\" data-id=\"6c46d51\" data-element_type=\"container\" data-e-type=\"container\" data-settings=\"{&quot;background_background&quot;:&quot;classic&quot;}\">\n\t\t\t\t<div class=\"elementor-element elementor-element-04c84e9 elementor-widget elementor-widget-image\" data-id=\"04c84e9\" data-element_type=\"widget\" data-e-type=\"widget\" data-widget_type=\"image.default\">\n\t\t\t\t<div class=\"elementor-widget-container\">\n\t\t\t\t\t\t\t\t\t\t\t\t\t\t\t<img loading=\"lazy\" decoding=\"async\" width=\"2200\" height=\"440\" src=\"https:\/\/inspital.com\/wp-content\/uploads\/2025\/09\/inspital-absauggerate-026-00001.png\" class=\"attachment-full size-full wp-image-15795\" alt=\"\" srcset=\"https:\/\/inspital.com\/wp-content\/uploads\/2025\/09\/inspital-absauggerate-026-00001.png 2200w, https:\/\/inspital.com\/wp-content\/uploads\/2025\/09\/inspital-absauggerate-026-00001-300x60.png 300w, https:\/\/inspital.com\/wp-content\/uploads\/2025\/09\/inspital-absauggerate-026-00001-1024x205.png 1024w, https:\/\/inspital.com\/wp-content\/uploads\/2025\/09\/inspital-absauggerate-026-00001-768x154.png 768w, https:\/\/inspital.com\/wp-content\/uploads\/2025\/09\/inspital-absauggerate-026-00001-1536x307.png 1536w, https:\/\/inspital.com\/wp-content\/uploads\/2025\/09\/inspital-absauggerate-026-00001-2048x410.png 2048w, https:\/\/inspital.com\/wp-content\/uploads\/2025\/09\/inspital-absauggerate-026-00001-1200x240.png 1200w, https:\/\/inspital.com\/wp-content\/uploads\/2025\/09\/inspital-absauggerate-026-00001-150x30.png 150w\" sizes=\"auto, (max-width: 2200px) 100vw, 2200px\" \/>\t\t\t\t\t\t\t\t\t\t\t\t\t\t\t<\/div>\n\t\t\t\t<\/div>\n\t\t<div class=\"elementor-element elementor-element-dcbf745 e-con-full e-flex e-con e-child\" data-id=\"dcbf745\" data-element_type=\"container\" data-e-type=\"container\" data-settings=\"{&quot;background_background&quot;:&quot;classic&quot;}\">\n\t\t\t\t<div class=\"elementor-element elementor-element-a4e589c elementor-widget__width-initial elementor-widget elementor-widget-heading\" data-id=\"a4e589c\" data-element_type=\"widget\" data-e-type=\"widget\" data-widget_type=\"heading.default\">\n\t\t\t\t<div class=\"elementor-widget-container\">\n\t\t\t\t\t<h2 class=\"elementor-heading-title elementor-size-default\">Aspirateurs chirurgicaux\n<\/h2>\t\t\t\t<\/div>\n\t\t\t\t<\/div>\n\t\t\t\t<div class=\"elementor-element elementor-element-d61bd15 elementor-widget elementor-widget-heading\" data-id=\"d61bd15\" data-element_type=\"widget\" data-e-type=\"widget\" data-widget_type=\"heading.default\">\n\t\t\t\t<div class=\"elementor-widget-container\">\n\t\t\t\t\t<p class=\"elementor-heading-title elementor-size-default\">Aspiration efficace au bloc op\u00e9ratoire.<\/p>\t\t\t\t<\/div>\n\t\t\t\t<\/div>\n\t\t\t\t<div class=\"elementor-element elementor-element-b283e78 elementor-align-center elementor-widget elementor-widget-button\" data-id=\"b283e78\" data-element_type=\"widget\" data-e-type=\"widget\" data-widget_type=\"button.default\">\n\t\t\t\t<div class=\"elementor-widget-container\">\n\t\t\t\t\t\t\t\t\t<div class=\"elementor-button-wrapper\">\n\t\t\t\t\t<a class=\"elementor-button elementor-button-link elementor-size-sm\" href=\"https:\/\/inspital.com\/de\/chirurgische-absauggeraete\/\">\n\t\t\t\t\t\t<span class=\"elementor-button-content-wrapper\">\n\t\t\t\t\t\t\t\t\t<span class=\"elementor-button-text\">En savoir plus<\/span>\n\t\t\t\t\t<\/span>\n\t\t\t\t\t<\/a>\n\t\t\t\t<\/div>\n\t\t\t\t\t\t\t\t<\/div>\n\t\t\t\t<\/div>\n\t\t\t\t<\/div>\n\t\t\t\t<\/div>\n\t\t<div class=\"elementor-element elementor-element-995d4af e-con-full e-flex e-con e-child\" data-id=\"995d4af\" data-element_type=\"container\" data-e-type=\"container\" data-settings=\"{&quot;background_background&quot;:&quot;classic&quot;}\">\n\t\t\t\t<div class=\"elementor-element elementor-element-fa83efe elementor-widget elementor-widget-image\" data-id=\"fa83efe\" data-element_type=\"widget\" data-e-type=\"widget\" data-widget_type=\"image.default\">\n\t\t\t\t<div class=\"elementor-widget-container\">\n\t\t\t\t\t\t\t\t\t\t\t\t\t\t\t<img loading=\"lazy\" decoding=\"async\" width=\"2059\" height=\"412\" src=\"https:\/\/inspital.com\/wp-content\/uploads\/2025\/04\/inspital-mobiliarproduktebild-005.jpg\" class=\"attachment-full size-full wp-image-15792\" alt=\"\" srcset=\"https:\/\/inspital.com\/wp-content\/uploads\/2025\/04\/inspital-mobiliarproduktebild-005.jpg 2059w, https:\/\/inspital.com\/wp-content\/uploads\/2025\/04\/inspital-mobiliarproduktebild-005-300x60.jpg 300w, https:\/\/inspital.com\/wp-content\/uploads\/2025\/04\/inspital-mobiliarproduktebild-005-1024x205.jpg 1024w, https:\/\/inspital.com\/wp-content\/uploads\/2025\/04\/inspital-mobiliarproduktebild-005-768x154.jpg 768w, https:\/\/inspital.com\/wp-content\/uploads\/2025\/04\/inspital-mobiliarproduktebild-005-1536x307.jpg 1536w, https:\/\/inspital.com\/wp-content\/uploads\/2025\/04\/inspital-mobiliarproduktebild-005-2048x410.jpg 2048w, https:\/\/inspital.com\/wp-content\/uploads\/2025\/04\/inspital-mobiliarproduktebild-005-1200x240.jpg 1200w, https:\/\/inspital.com\/wp-content\/uploads\/2025\/04\/inspital-mobiliarproduktebild-005-150x30.jpg 150w\" sizes=\"auto, (max-width: 2059px) 100vw, 2059px\" \/>\t\t\t\t\t\t\t\t\t\t\t\t\t\t\t<\/div>\n\t\t\t\t<\/div>\n\t\t<div class=\"elementor-element elementor-element-1592bd1 e-con-full e-flex e-con e-child\" data-id=\"1592bd1\" data-element_type=\"container\" data-e-type=\"container\" data-settings=\"{&quot;background_background&quot;:&quot;classic&quot;}\">\n\t\t\t\t<div class=\"elementor-element elementor-element-3465c64 elementor-widget__width-initial elementor-widget elementor-widget-heading\" data-id=\"3465c64\" data-element_type=\"widget\" data-e-type=\"widget\" data-widget_type=\"heading.default\">\n\t\t\t\t<div class=\"elementor-widget-container\">\n\t\t\t\t\t<h2 class=\"elementor-heading-title elementor-size-default\">Mobilier hospitalier en inox\n<\/h2>\t\t\t\t<\/div>\n\t\t\t\t<\/div>\n\t\t\t\t<div class=\"elementor-element elementor-element-64b9b28 elementor-widget elementor-widget-heading\" data-id=\"64b9b28\" data-element_type=\"widget\" data-e-type=\"widget\" data-widget_type=\"heading.default\">\n\t\t\t\t<div class=\"elementor-widget-container\">\n\t\t\t\t\t<p class=\"elementor-heading-title elementor-size-default\">S\u00e9curit\u00e9 avant la zone st\u00e9rile!<\/p>\t\t\t\t<\/div>\n\t\t\t\t<\/div>\n\t\t\t\t<div class=\"elementor-element elementor-element-82ac81a elementor-align-center elementor-widget elementor-widget-button\" data-id=\"82ac81a\" data-element_type=\"widget\" data-e-type=\"widget\" data-widget_type=\"button.default\">\n\t\t\t\t<div class=\"elementor-widget-container\">\n\t\t\t\t\t\t\t\t\t<div class=\"elementor-button-wrapper\">\n\t\t\t\t\t<a class=\"elementor-button elementor-button-link elementor-size-sm\" href=\"https:\/\/inspital.com\/de\/krankenhausmobiliar-aus-edelstahl\/\">\n\t\t\t\t\t\t<span class=\"elementor-button-content-wrapper\">\n\t\t\t\t\t\t\t\t\t<span class=\"elementor-button-text\">En savoir plus<\/span>\n\t\t\t\t\t<\/span>\n\t\t\t\t\t<\/a>\n\t\t\t\t<\/div>\n\t\t\t\t\t\t\t\t<\/div>\n\t\t\t\t<\/div>\n\t\t\t\t<\/div>\n\t\t\t\t<\/div>\n\t\t\t\t<\/div>\n\t\t<div class=\"elementor-element elementor-element-49540a8 wd-section-stretch e-con-full e-flex e-con e-parent\" data-id=\"49540a8\" data-element_type=\"container\" data-e-type=\"container\">\n\t\t<div class=\"elementor-element elementor-element-e211628 e-con-full e-flex e-con e-child\" data-id=\"e211628\" data-element_type=\"container\" data-e-type=\"container\" data-settings=\"{&quot;background_background&quot;:&quot;classic&quot;}\">\n\t\t\t\t<div class=\"elementor-element elementor-element-696bf38 elementor-widget elementor-widget-image\" data-id=\"696bf38\" data-element_type=\"widget\" data-e-type=\"widget\" data-widget_type=\"image.default\">\n\t\t\t\t<div class=\"elementor-widget-container\">\n\t\t\t\t\t\t\t\t\t\t\t\t\t\t\t<img loading=\"lazy\" decoding=\"async\" width=\"2200\" height=\"440\" src=\"https:\/\/inspital.com\/wp-content\/uploads\/2025\/03\/pendants-kateogire-produkte-banner-0001.jpg\" class=\"attachment-full size-full wp-image-15789\" alt=\"\" srcset=\"https:\/\/inspital.com\/wp-content\/uploads\/2025\/03\/pendants-kateogire-produkte-banner-0001.jpg 2200w, https:\/\/inspital.com\/wp-content\/uploads\/2025\/03\/pendants-kateogire-produkte-banner-0001-300x60.jpg 300w, https:\/\/inspital.com\/wp-content\/uploads\/2025\/03\/pendants-kateogire-produkte-banner-0001-1024x205.jpg 1024w, https:\/\/inspital.com\/wp-content\/uploads\/2025\/03\/pendants-kateogire-produkte-banner-0001-768x154.jpg 768w, https:\/\/inspital.com\/wp-content\/uploads\/2025\/03\/pendants-kateogire-produkte-banner-0001-1536x307.jpg 1536w, https:\/\/inspital.com\/wp-content\/uploads\/2025\/03\/pendants-kateogire-produkte-banner-0001-2048x410.jpg 2048w, https:\/\/inspital.com\/wp-content\/uploads\/2025\/03\/pendants-kateogire-produkte-banner-0001-1200x240.jpg 1200w, https:\/\/inspital.com\/wp-content\/uploads\/2025\/03\/pendants-kateogire-produkte-banner-0001-150x30.jpg 150w\" sizes=\"auto, (max-width: 2200px) 100vw, 2200px\" \/>\t\t\t\t\t\t\t\t\t\t\t\t\t\t\t<\/div>\n\t\t\t\t<\/div>\n\t\t<div class=\"elementor-element elementor-element-423fdd9 e-con-full e-flex e-con e-child\" data-id=\"423fdd9\" data-element_type=\"container\" data-e-type=\"container\" data-settings=\"{&quot;background_background&quot;:&quot;classic&quot;}\">\n\t\t\t\t<div class=\"elementor-element elementor-element-3fc96c2 elementor-widget__width-initial elementor-widget elementor-widget-heading\" data-id=\"3fc96c2\" data-element_type=\"widget\" data-e-type=\"widget\" data-widget_type=\"heading.default\">\n\t\t\t\t<div class=\"elementor-widget-container\">\n\t\t\t\t\t<h2 class=\"elementor-heading-title elementor-size-default\">Unit\u00e9 d\u2019alimentation plafonni\u00e8re<\/h2>\t\t\t\t<\/div>\n\t\t\t\t<\/div>\n\t\t\t\t<div class=\"elementor-element elementor-element-a5c9efb elementor-widget elementor-widget-heading\" data-id=\"a5c9efb\" data-element_type=\"widget\" data-e-type=\"widget\" data-widget_type=\"heading.default\">\n\t\t\t\t<div class=\"elementor-widget-container\">\n\t\t\t\t\t<p class=\"elementor-heading-title elementor-size-default\">Distribution de fluides et d\u2019\u00e9nergie en milieu hospitalier.<\/p>\t\t\t\t<\/div>\n\t\t\t\t<\/div>\n\t\t\t\t<div class=\"elementor-element elementor-element-8e04682 elementor-align-center elementor-widget elementor-widget-button\" data-id=\"8e04682\" data-element_type=\"widget\" data-e-type=\"widget\" data-widget_type=\"button.default\">\n\t\t\t\t<div class=\"elementor-widget-container\">\n\t\t\t\t\t\t\t\t\t<div class=\"elementor-button-wrapper\">\n\t\t\t\t\t<a class=\"elementor-button elementor-button-link elementor-size-sm\" href=\"https:\/\/inspital.com\/de\/deckenversorgungseinheiten\/\">\n\t\t\t\t\t\t<span class=\"elementor-button-content-wrapper\">\n\t\t\t\t\t\t\t\t\t<span class=\"elementor-button-text\">En savoir plus<\/span>\n\t\t\t\t\t<\/span>\n\t\t\t\t\t<\/a>\n\t\t\t\t<\/div>\n\t\t\t\t\t\t\t\t<\/div>\n\t\t\t\t<\/div>\n\t\t\t\t<\/div>\n\t\t\t\t<\/div>\n\t\t\t\t<\/div>\n\t\t\t\t<\/div>\n\t\t","protected":false},"excerpt":{"rendered":"<p>Tables d&rsquo;op\u00e9ration Puissance et pr\u00e9cision en action! En savoir plus \u00c9clairage chirugical Vision optimale au bloc op\u00e9ratoire. En savoir plus<\/p>\n","protected":false},"author":1,"featured_media":0,"parent":0,"menu_order":0,"comment_status":"closed","ping_status":"closed","template":"","meta":{"_acf_changed":false,"footnotes":""},"class_list":["post-15788","page","type-page","status-publish","hentry"],"acf":[],"_links":{"self":[{"href":"https:\/\/inspital.com\/fr\/wp-json\/wp\/v2\/pages\/15788","targetHints":{"allow":["GET"]}}],"collection":[{"href":"https:\/\/inspital.com\/fr\/wp-json\/wp\/v2\/pages"}],"about":[{"href":"https:\/\/inspital.com\/fr\/wp-json\/wp\/v2\/types\/page"}],"author":[{"embeddable":true,"href":"https:\/\/inspital.com\/fr\/wp-json\/wp\/v2\/users\/1"}],"replies":[{"embeddable":true,"href":"https:\/\/inspital.com\/fr\/wp-json\/wp\/v2\/comments?post=15788"}],"version-history":[{"count":18,"href":"https:\/\/inspital.com\/fr\/wp-json\/wp\/v2\/pages\/15788\/revisions"}],"predecessor-version":[{"id":17118,"href":"https:\/\/inspital.com\/fr\/wp-json\/wp\/v2\/pages\/15788\/revisions\/17118"}],"wp:attachment":[{"href":"https:\/\/inspital.com\/fr\/wp-json\/wp\/v2\/media?parent=15788"}],"curies":[{"name":"wp","href":"https:\/\/api.w.org\/{rel}","templated":true}]}}