{"id":15769,"date":"2025-04-10T14:05:08","date_gmt":"2025-04-10T11:05:08","guid":{"rendered":"https:\/\/inspital.com\/mentions-legales\/"},"modified":"2026-02-17T12:19:08","modified_gmt":"2026-02-17T09:19:08","slug":"mentions-legales","status":"publish","type":"page","link":"https:\/\/inspital.com\/fr\/mentions-legales\/","title":{"rendered":"Mentions l\u00e9gales"},"content":{"rendered":"\t\t<div data-elementor-type=\"wp-page\" data-elementor-id=\"15769\" class=\"elementor elementor-15769 elementor-6591\" data-elementor-post-type=\"page\">\n\t\t\t\t<div class=\"wd-negative-gap elementor-element elementor-element-08e0108 wd-section-stretch e-flex e-con-boxed e-con e-parent\" data-id=\"08e0108\" data-element_type=\"container\" data-e-type=\"container\" data-settings=\"{&quot;background_background&quot;:&quot;classic&quot;}\">\n\t\t\t\t\t<div class=\"e-con-inner\">\n\t\t<div class=\"elementor-element elementor-element-f54ba50 e-con-full e-flex e-con e-child\" data-id=\"f54ba50\" data-element_type=\"container\" data-e-type=\"container\">\n\t\t\t\t<div class=\"elementor-element elementor-element-28a7c7a elementor-widget elementor-widget-heading\" data-id=\"28a7c7a\" data-element_type=\"widget\" data-e-type=\"widget\" data-widget_type=\"heading.default\">\n\t\t\t\t<div class=\"elementor-widget-container\">\n\t\t\t\t\t<h1 class=\"elementor-heading-title elementor-size-default\">Mentions l\u00e9gales<\/h1>\t\t\t\t<\/div>\n\t\t\t\t<\/div>\n\t\t\t\t<div class=\"elementor-element elementor-element-7bc4ed4 wd-nowrap-md wd-el-breadcrumbs text-left elementor-widget elementor-widget-wd_wc_breadcrumb\" data-id=\"7bc4ed4\" data-element_type=\"widget\" data-e-type=\"widget\" data-widget_type=\"wd_wc_breadcrumb.default\">\n\t\t\t\t<div class=\"elementor-widget-container\">\n\t\t\t\t\t<nav class=\"wd-breadcrumbs woocommerce-breadcrumb\" aria-label=\"Breadcrumb\">\t\t\t\t<span class=\"wd-last\">\n\t\t\t\t\tAccueil\t\t\t\t<\/span>\n\t\t\t<\/nav>\t\t\t\t<\/div>\n\t\t\t\t<\/div>\n\t\t\t\t<\/div>\n\t\t<div class=\"elementor-element elementor-element-ec2fe17 e-con-full elementor-hidden-mobile e-flex e-con e-child\" data-id=\"ec2fe17\" data-element_type=\"container\" data-e-type=\"container\">\n\t\t\t\t<div class=\"elementor-element elementor-element-6638c7e elementor-widget elementor-widget-image\" data-id=\"6638c7e\" data-element_type=\"widget\" data-e-type=\"widget\" data-widget_type=\"image.default\">\n\t\t\t\t<div class=\"elementor-widget-container\">\n\t\t\t\t\t\t\t\t\t\t\t\t\t\t\t<img loading=\"lazy\" decoding=\"async\" width=\"1024\" height=\"291\" src=\"https:\/\/inspital.com\/wp-content\/uploads\/2024\/03\/Benotigen-Sie-Hilfe-1024x291.png\" class=\"attachment-large size-large wp-image-16146\" alt=\"\" srcset=\"https:\/\/inspital.com\/wp-content\/uploads\/2024\/03\/Benotigen-Sie-Hilfe-1024x291.png 1024w, https:\/\/inspital.com\/wp-content\/uploads\/2024\/03\/Benotigen-Sie-Hilfe-300x85.png 300w, https:\/\/inspital.com\/wp-content\/uploads\/2024\/03\/Benotigen-Sie-Hilfe-768x218.png 768w, https:\/\/inspital.com\/wp-content\/uploads\/2024\/03\/Benotigen-Sie-Hilfe-1200x341.png 1200w, https:\/\/inspital.com\/wp-content\/uploads\/2024\/03\/Benotigen-Sie-Hilfe-150x43.png 150w, https:\/\/inspital.com\/wp-content\/uploads\/2024\/03\/Benotigen-Sie-Hilfe.png 1408w\" sizes=\"auto, (max-width: 1024px) 100vw, 1024px\" \/>\t\t\t\t\t\t\t\t\t\t\t\t\t\t\t<\/div>\n\t\t\t\t<\/div>\n\t\t\t\t<div class=\"elementor-element elementor-element-c7b83a9 elementor-widget elementor-widget-wd_text_block\" data-id=\"c7b83a9\" data-element_type=\"widget\" data-e-type=\"widget\" data-widget_type=\"wd_text_block.default\">\n\t\t\t\t<div class=\"elementor-widget-container\">\n\t\t\t\t\t\t\t<div class=\"wd-text-block reset-last-child text-left color-title color-scheme-dark\">\n\t\t\t\n\t\t\t<p>Besoin d\u2019aide&nbsp;?<span style=\"font-size: 16px;\"><\/span><\/p>\n\t\t\t\t\t<\/div>\n\t\t\t\t\t\t<\/div>\n\t\t\t\t<\/div>\n\t\t\t\t<div class=\"elementor-element elementor-element-6176918 elementor-widget elementor-widget-button\" data-id=\"6176918\" data-element_type=\"widget\" data-e-type=\"widget\" data-widget_type=\"button.default\">\n\t\t\t\t<div class=\"elementor-widget-container\">\n\t\t\t\t\t\t\t\t\t<div class=\"elementor-button-wrapper\">\n\t\t\t\t\t<a class=\"elementor-button elementor-size-sm\" role=\"button\">\n\t\t\t\t\t\t<span class=\"elementor-button-content-wrapper\">\n\t\t\t\t\t\t<span class=\"elementor-button-icon\">\n\t\t\t\t<svg aria-hidden=\"true\" class=\"e-font-icon-svg e-fas-arrow-right\" viewBox=\"0 0 448 512\" xmlns=\"http:\/\/www.w3.org\/2000\/svg\"><path d=\"M190.5 66.9l22.2-22.2c9.4-9.4 24.6-9.4 33.9 0L441 239c9.4 9.4 9.4 24.6 0 33.9L246.6 467.3c-9.4 9.4-24.6 9.4-33.9 0l-22.2-22.2c-9.5-9.5-9.3-25 .4-34.3L311.4 296H24c-13.3 0-24-10.7-24-24v-32c0-13.3 10.7-24 24-24h287.4L190.9 101.2c-9.8-9.3-10-24.8-.4-34.3z\"><\/path><\/svg>\t\t\t<\/span>\n\t\t\t\t\t\t\t\t\t<span class=\"elementor-button-text\">En savoir plus<\/span>\n\t\t\t\t\t<\/span>\n\t\t\t\t\t<\/a>\n\t\t\t\t<\/div>\n\t\t\t\t\t\t\t\t<\/div>\n\t\t\t\t<\/div>\n\t\t\t\t<\/div>\n\t\t\t\t\t<\/div>\n\t\t\t\t<\/div>\n\t\t<div class=\"elementor-element elementor-element-54dc60d e-con-full e-flex e-con e-child\" data-id=\"54dc60d\" data-element_type=\"container\" data-e-type=\"container\">\n\t\t<div class=\"elementor-element elementor-element-ae8ff0e e-con-full e-flex e-con e-child\" data-id=\"ae8ff0e\" data-element_type=\"container\" data-e-type=\"container\" data-settings=\"{&quot;background_background&quot;:&quot;classic&quot;}\">\n\t\t\t\t<div class=\"elementor-element elementor-element-c23de8d color-scheme-inherit text-left elementor-widget elementor-widget-text-editor\" data-id=\"c23de8d\" data-element_type=\"widget\" data-e-type=\"widget\" data-widget_type=\"text-editor.default\">\n\t\t\t\t<div class=\"elementor-widget-container\">\n\t\t\t\t\t\t\t\t\t<h1>Mentions l\u00e9gales<\/h1>\n\n<p>Inspital Medical Technology GmbH<br>Mosel Str. 23<br>41464 Neuss<\/p>\n\n<p>Registre du commerce : HRB 86533<br>Tribunal d\u2019enregistrement : Amtsgericht D\u00fcsseldorf<\/p>\n\n<p><strong>Repr\u00e9sent\u00e9e par :<\/strong><br>G\u00e9rant : <br>\u0130brahim Elis<br>Taha Beser<\/p>\n\n<h2>Contact<\/h2>\n<p>T\u00e9l\u00e9phone&nbsp;: +49 2131 291 75 00<br>E-mail&nbsp;: info@inspital.com<\/p>\n\n<h2>N\u00b0 de TVA intracommunautaire<\/h2>\n<p>Num\u00e9ro d\u2019identification TVA conform\u00e9ment au \u00a7 27 a de la loi allemande sur la TVA :<br>DE 324739636<\/p>\n\n<h2>Responsable \u00e9ditorial<\/h2>\n<p>Taha Beser, Mosel Str. 23 41464 Neuss<\/p>\n\n<h2>R\u00e8glement des litiges de consommation\/organisme universel de m\u00e9diation<\/h2>\n<p>Nous ne sommes ni dispos\u00e9s ni tenus de participer \u00e0 une proc\u00e9dure de r\u00e8glement des litiges devant un organisme de m\u00e9diation des consommateurs.<\/p>\n\nRenvois et liens\nCe site web peut contenir des hyperliens vers des sites web de tiers. Inspital Medical Technology GmbH d\u00e9clare express\u00e9ment par la pr\u00e9sente qu\u2019au moment de la cr\u00e9ation des liens, aucun contenu ill\u00e9gal n\u2019\u00e9tait identifiable sur les pages vers lesquelles les liens renvoyaient. Inspital Medical Technology GmbH n\u2019a aucune influence sur la conception actuelle et future, les contenus ou la paternit\u00e9 des pages li\u00e9es\/associ\u00e9es. Inspital Medical Technology n\u2019assume aucune responsabilit\u00e9 quant au contenu de ces sites web et ne s\u2019approprie pas ces sites web ni leurs contenus, \u00e9tant donn\u00e9 qu\u2019Inspital Medical Technology GmbH ne contr\u00f4le pas les informations li\u00e9es et n\u2019est pas non plus responsable des contenus et informations qui y sont mis \u00e0 disposition. Leur utilisation se fait aux risques et p\u00e9rils de l\u2019utilisateur.    \n\nDroit d\u2019auteur et protection des marques\nTous droits r\u00e9serv\u00e9s. Tous les textes, images, graphiques, fichiers multim\u00e9dias ainsi que la mise en page sont prot\u00e9g\u00e9s par le droit d\u2019auteur et les lois relatives \u00e0 la protection de la propri\u00e9t\u00e9 intellectuelle. Toute r\u00e9utilisation n\u00e9cessite l\u2019accord expr\u00e8s d\u2019Inspital Medical Technology GmbH.\nSi des parties ou certaines formulations de ce texte ne devaient pas, plus, ou pas enti\u00e8rement correspondre \u00e0 la l\u00e9gislation en vigueur, les autres parties du document n\u2019en seraient pas affect\u00e9es quant \u00e0 leur contenu et \u00e0 leur validit\u00e9.  \t\t\t\t\t\t\t\t<\/div>\n\t\t\t\t<\/div>\n\t\t\t\t<\/div>\n\t\t\t\t<\/div>\n\t\t\t\t<\/div>\n\t\t","protected":false},"excerpt":{"rendered":"<p>Mentions l\u00e9gales Home Besoin d\u2019aide&nbsp;? En savoir plus Mentions l\u00e9gales Inspital Medical Technology GmbHMosel Str. 2341464 Neuss Registre du commerce<\/p>\n","protected":false},"author":1,"featured_media":0,"parent":0,"menu_order":0,"comment_status":"closed","ping_status":"closed","template":"","meta":{"_acf_changed":false,"footnotes":""},"class_list":["post-15769","page","type-page","status-publish","hentry"],"acf":[],"_links":{"self":[{"href":"https:\/\/inspital.com\/fr\/wp-json\/wp\/v2\/pages\/15769","targetHints":{"allow":["GET"]}}],"collection":[{"href":"https:\/\/inspital.com\/fr\/wp-json\/wp\/v2\/pages"}],"about":[{"href":"https:\/\/inspital.com\/fr\/wp-json\/wp\/v2\/types\/page"}],"author":[{"embeddable":true,"href":"https:\/\/inspital.com\/fr\/wp-json\/wp\/v2\/users\/1"}],"replies":[{"embeddable":true,"href":"https:\/\/inspital.com\/fr\/wp-json\/wp\/v2\/comments?post=15769"}],"version-history":[{"count":2,"href":"https:\/\/inspital.com\/fr\/wp-json\/wp\/v2\/pages\/15769\/revisions"}],"predecessor-version":[{"id":17008,"href":"https:\/\/inspital.com\/fr\/wp-json\/wp\/v2\/pages\/15769\/revisions\/17008"}],"wp:attachment":[{"href":"https:\/\/inspital.com\/fr\/wp-json\/wp\/v2\/media?parent=15769"}],"curies":[{"name":"wp","href":"https:\/\/api.w.org\/{rel}","templated":true}]}}