{"id":18733,"date":"2025-02-28T10:55:08","date_gmt":"2025-02-28T07:55:08","guid":{"rendered":"https:\/\/inspital.com\/product\/dispositivo-de-extension-de-carbono-ot60-95\/"},"modified":"2026-03-06T13:35:40","modified_gmt":"2026-03-06T10:35:40","slug":"dispositivo-de-extension-de-carbono-ot60-95","status":"publish","type":"product","link":"https:\/\/inspital.com\/es\/producto\/dispositivo-de-extension-de-carbono-ot60-95\/","title":{"rendered":"Dispositivo de extensi\u00f3n de carbono OT60.95"},"content":{"rendered":"","protected":false},"excerpt":{"rendered":"<div class=\"detail\">\n<div class=\"cnt\">\n<p>El set de tracci\u00f3n ortop\u00e9dica es apto para todas las mesas de operaciones INSPITAL en cirug\u00eda ortop\u00e9dica.<\/p>\n<\/div>\n<\/div>\n","protected":false},"featured_media":18739,"template":"","meta":{"_acf_changed":false},"product_brand":[],"product_cat":[582,591,587,589,620,585,581,623,624,579,580,578,588,584,590,586,619,665],"product_tag":[],"class_list":{"0":"post-18733","1":"product","2":"type-product","3":"status-publish","4":"has-post-thumbnail","6":"product_cat-accesorios-para-mesa-de-operaciones","7":"product_cat-comprar-mesa-de-operaciones-2","8":"product_cat-comprar-mesa-de-operaciones","9":"product_cat-estructura-de-la-mesa-de-quirofano","10":"product_cat-fijacion-para-mesa-de-operaciones","11":"product_cat-instrumentos-para-mesa-de-operaciones","12":"product_cat-los-accesorios-para-mesas-de-operaciones","13":"product_cat-mesa-de-carbono","14":"product_cat-mesa-de-carbono-para-quirofano","15":"product_cat-mesa-de-operaciones","16":"product_cat-mesa-de-operaciones-movil","17":"product_cat-mesa-de-quirofano","18":"product_cat-posicionamiento-de-la-mesa-de-operaciones","19":"product_cat-posicionamiento-en-mesa-quirurgica","20":"product_cat-preparar-la-mesa-de-quirofano","21":"product_cat-sistemas-de-mesas-de-quirofano","22":"product_cat-soportes-de-piernas-para-mesa-de-operaciones","23":"product_cat-accesorios-de-posicionamiento-para-mesas-de-operaciones","25":"first","26":"instock","27":"taxable","28":"shipping-taxable","29":"purchasable","30":"product-type-simple"},"acf":{"seo_title_01":"","seo_text_01":""},"_links":{"self":[{"href":"https:\/\/inspital.com\/es\/wp-json\/wp\/v2\/product\/18733","targetHints":{"allow":["GET"]}}],"collection":[{"href":"https:\/\/inspital.com\/es\/wp-json\/wp\/v2\/product"}],"about":[{"href":"https:\/\/inspital.com\/es\/wp-json\/wp\/v2\/types\/product"}],"version-history":[{"count":1,"href":"https:\/\/inspital.com\/es\/wp-json\/wp\/v2\/product\/18733\/revisions"}],"predecessor-version":[{"id":18740,"href":"https:\/\/inspital.com\/es\/wp-json\/wp\/v2\/product\/18733\/revisions\/18740"}],"wp:featuredmedia":[{"embeddable":true,"href":"https:\/\/inspital.com\/es\/wp-json\/wp\/v2\/media\/18739"}],"wp:attachment":[{"href":"https:\/\/inspital.com\/es\/wp-json\/wp\/v2\/media?parent=18733"}],"wp:term":[{"taxonomy":"product_brand","embeddable":true,"href":"https:\/\/inspital.com\/es\/wp-json\/wp\/v2\/product_brand?post=18733"},{"taxonomy":"product_cat","embeddable":true,"href":"https:\/\/inspital.com\/es\/wp-json\/wp\/v2\/product_cat?post=18733"},{"taxonomy":"product_tag","embeddable":true,"href":"https:\/\/inspital.com\/es\/wp-json\/wp\/v2\/product_tag?post=18733"}],"curies":[{"name":"wp","href":"https:\/\/api.w.org\/{rel}","templated":true}]}}