{"id":18688,"date":"2025-02-28T11:08:43","date_gmt":"2025-02-28T08:08:43","guid":{"rendered":"https:\/\/inspital.com\/product\/botas-de-posicionamiento-de-piernas-ot60-77\/"},"modified":"2026-03-06T13:35:32","modified_gmt":"2026-03-06T10:35:32","slug":"botas-de-posicionamiento-de-piernas-ot60-77","status":"publish","type":"product","link":"https:\/\/inspital.com\/es\/producto\/botas-de-posicionamiento-de-piernas-ot60-77\/","title":{"rendered":"Botas de posicionamiento de piernas OT60.77"},"content":{"rendered":"","protected":false},"excerpt":{"rendered":"<div class=\"detail\">\n<div class=\"cnt\">\n<p>La bota de posicionamiento de piernas facilita la postura de los pacientes para satisfacer tus necesidades espec\u00edficas en bariatr\u00eda, ginecolog\u00eda, litotom\u00eda, urolog\u00eda o en cirug\u00edas prolongadas<\/p>\n<\/div>\n<\/div>\n","protected":false},"featured_media":18690,"template":"","meta":{"_acf_changed":false},"product_brand":[],"product_cat":[582,591,587,589,620,585,581,579,580,578,588,584,590,586,619,665],"product_tag":[],"class_list":{"0":"post-18688","1":"product","2":"type-product","3":"status-publish","4":"has-post-thumbnail","6":"product_cat-accesorios-para-mesa-de-operaciones","7":"product_cat-comprar-mesa-de-operaciones-2","8":"product_cat-comprar-mesa-de-operaciones","9":"product_cat-estructura-de-la-mesa-de-quirofano","10":"product_cat-fijacion-para-mesa-de-operaciones","11":"product_cat-instrumentos-para-mesa-de-operaciones","12":"product_cat-los-accesorios-para-mesas-de-operaciones","13":"product_cat-mesa-de-operaciones","14":"product_cat-mesa-de-operaciones-movil","15":"product_cat-mesa-de-quirofano","16":"product_cat-posicionamiento-de-la-mesa-de-operaciones","17":"product_cat-posicionamiento-en-mesa-quirurgica","18":"product_cat-preparar-la-mesa-de-quirofano","19":"product_cat-sistemas-de-mesas-de-quirofano","20":"product_cat-soportes-de-piernas-para-mesa-de-operaciones","21":"product_cat-accesorios-de-posicionamiento-para-mesas-de-operaciones","23":"first","24":"instock","25":"taxable","26":"shipping-taxable","27":"purchasable","28":"product-type-simple"},"acf":{"seo_title_01":"","seo_text_01":""},"_links":{"self":[{"href":"https:\/\/inspital.com\/es\/wp-json\/wp\/v2\/product\/18688","targetHints":{"allow":["GET"]}}],"collection":[{"href":"https:\/\/inspital.com\/es\/wp-json\/wp\/v2\/product"}],"about":[{"href":"https:\/\/inspital.com\/es\/wp-json\/wp\/v2\/types\/product"}],"version-history":[{"count":1,"href":"https:\/\/inspital.com\/es\/wp-json\/wp\/v2\/product\/18688\/revisions"}],"predecessor-version":[{"id":18694,"href":"https:\/\/inspital.com\/es\/wp-json\/wp\/v2\/product\/18688\/revisions\/18694"}],"wp:featuredmedia":[{"embeddable":true,"href":"https:\/\/inspital.com\/es\/wp-json\/wp\/v2\/media\/18690"}],"wp:attachment":[{"href":"https:\/\/inspital.com\/es\/wp-json\/wp\/v2\/media?parent=18688"}],"wp:term":[{"taxonomy":"product_brand","embeddable":true,"href":"https:\/\/inspital.com\/es\/wp-json\/wp\/v2\/product_brand?post=18688"},{"taxonomy":"product_cat","embeddable":true,"href":"https:\/\/inspital.com\/es\/wp-json\/wp\/v2\/product_cat?post=18688"},{"taxonomy":"product_tag","embeddable":true,"href":"https:\/\/inspital.com\/es\/wp-json\/wp\/v2\/product_tag?post=18688"}],"curies":[{"name":"wp","href":"https:\/\/api.w.org\/{rel}","templated":true}]}}