{"id":18679,"date":"2025-02-28T11:07:50","date_gmt":"2025-02-28T08:07:50","guid":{"rendered":"https:\/\/inspital.com\/product\/marco-espinal-radiotransparente-ot60-35\/"},"modified":"2026-03-06T13:35:28","modified_gmt":"2026-03-06T10:35:28","slug":"marco-espinal-radiotransparente-ot60-35","status":"publish","type":"product","link":"https:\/\/inspital.com\/es\/product\/marco-espinal-radiotransparente-ot60-35\/","title":{"rendered":"Marco espinal radiotransparente OT60.35"},"content":{"rendered":"","protected":false},"excerpt":{"rendered":"<p>Soporta al paciente en una posici\u00f3n idealmente flexionada durante procedimientos espinales y proctol\u00f3gicos. Gracias a su estructura curvada, soporta el t\u00f3rax y la pelvis, aliviando la zona abdominal y proporcionando as\u00ed un alto confort al paciente.<\/p>\n","protected":false},"featured_media":18683,"template":"","meta":{"_acf_changed":false},"product_brand":[],"product_cat":[582,591,587,589,620,585,581,623,624,579,580,578,588,584,590,586,665],"product_tag":[],"class_list":{"0":"post-18679","1":"product","2":"type-product","3":"status-publish","4":"has-post-thumbnail","6":"product_cat-accesorios-para-mesa-de-operaciones","7":"product_cat-comprar-mesa-de-operaciones-2","8":"product_cat-comprar-mesa-de-operaciones","9":"product_cat-estructura-de-la-mesa-de-quirofano","10":"product_cat-fijacion-para-mesa-de-operaciones","11":"product_cat-instrumentos-para-mesa-de-operaciones","12":"product_cat-los-accesorios-para-mesas-de-operaciones","13":"product_cat-mesa-de-carbono","14":"product_cat-mesa-de-carbono-para-quirofano","15":"product_cat-mesa-de-operaciones","16":"product_cat-mesa-de-operaciones-movil","17":"product_cat-mesa-de-quirofano","18":"product_cat-posicionamiento-de-la-mesa-de-operaciones","19":"product_cat-posicionamiento-en-mesa-quirurgica","20":"product_cat-preparar-la-mesa-de-quirofano","21":"product_cat-sistemas-de-mesas-de-quirofano","22":"product_cat-accesorios-de-posicionamiento-para-mesas-de-operaciones","24":"first","25":"instock","26":"taxable","27":"shipping-taxable","28":"purchasable","29":"product-type-simple"},"acf":{"seo_title_01":"","seo_text_01":""},"_links":{"self":[{"href":"https:\/\/inspital.com\/es\/wp-json\/wp\/v2\/product\/18679","targetHints":{"allow":["GET"]}}],"collection":[{"href":"https:\/\/inspital.com\/es\/wp-json\/wp\/v2\/product"}],"about":[{"href":"https:\/\/inspital.com\/es\/wp-json\/wp\/v2\/types\/product"}],"version-history":[{"count":1,"href":"https:\/\/inspital.com\/es\/wp-json\/wp\/v2\/product\/18679\/revisions"}],"predecessor-version":[{"id":18686,"href":"https:\/\/inspital.com\/es\/wp-json\/wp\/v2\/product\/18679\/revisions\/18686"}],"wp:featuredmedia":[{"embeddable":true,"href":"https:\/\/inspital.com\/es\/wp-json\/wp\/v2\/media\/18683"}],"wp:attachment":[{"href":"https:\/\/inspital.com\/es\/wp-json\/wp\/v2\/media?parent=18679"}],"wp:term":[{"taxonomy":"product_brand","embeddable":true,"href":"https:\/\/inspital.com\/es\/wp-json\/wp\/v2\/product_brand?post=18679"},{"taxonomy":"product_cat","embeddable":true,"href":"https:\/\/inspital.com\/es\/wp-json\/wp\/v2\/product_cat?post=18679"},{"taxonomy":"product_tag","embeddable":true,"href":"https:\/\/inspital.com\/es\/wp-json\/wp\/v2\/product_tag?post=18679"}],"curies":[{"name":"wp","href":"https:\/\/api.w.org\/{rel}","templated":true}]}}