{"id":18562,"date":"2025-03-03T11:18:40","date_gmt":"2025-03-03T08:18:40","guid":{"rendered":"https:\/\/inspital.com\/product\/mando-de-control-ot60-27\/"},"modified":"2026-04-10T11:36:39","modified_gmt":"2026-04-10T08:36:39","slug":"mando-de-control-ot60-27","status":"publish","type":"product","link":"https:\/\/inspital.com\/es\/product\/mando-de-control-ot60-27\/","title":{"rendered":"Mando de control OT60.27"},"content":{"rendered":"","protected":false},"excerpt":{"rendered":"<div class=\"detail\">\n<div class=\"cnt\">\n<div class=\"detail\">\n<div class=\"cnt\">\n<div class=\"detail\">\n<div class=\"cnt\">\n<div class=\"detail\">\n<div class=\"cnt\">\n<div class=\"detail\">\n<div class=\"cnt\">\n<div class=\"detail\">\n<div class=\"cnt\">\n<p>Control manual para todas las funciones el\u00e9ctricas de la mesa de operaciones: f\u00e1cil de usar y c\u00f3modo<\/p>\n<\/div>\n<\/div>\n<\/div>\n<\/div>\n<\/div>\n<\/div>\n<\/div>\n<\/div>\n<\/div>\n<\/div>\n<\/div>\n<\/div>\n","protected":false},"featured_media":18564,"template":"","meta":{"_acf_changed":false},"product_brand":[],"product_cat":[582,587,591,612,556,589,585,581,579,580,578,590,586,661,653,635,639,643],"product_tag":[],"class_list":{"0":"post-18562","1":"product","2":"type-product","3":"status-publish","4":"has-post-thumbnail","6":"product_cat-accesorios-para-mesa-de-operaciones","7":"product_cat-comprar-mesa-de-operaciones","8":"product_cat-comprar-mesa-de-operaciones-2","9":"product_cat-control-de-mesa-de-operaciones","10":"product_cat-empresas-de-tecnologia-medica","11":"product_cat-estructura-de-la-mesa-de-quirofano","12":"product_cat-instrumentos-para-mesa-de-operaciones","13":"product_cat-los-accesorios-para-mesas-de-operaciones","14":"product_cat-mesa-de-operaciones","15":"product_cat-mesa-de-operaciones-movil","16":"product_cat-mesa-de-quirofano","17":"product_cat-preparar-la-mesa-de-quirofano","18":"product_cat-sistemas-de-mesas-de-quirofano","19":"product_cat-fabricante-de-mesas-de-operaciones","20":"product_cat-imagenes-de-mesa-de-operaciones","21":"product_cat-mesa-de-operaciones-electrica","22":"product_cat-mesa-de-operaciones-para-pacientes","23":"product_cat-mesa-de-quirofano-hospitalaria","25":"first","26":"instock","27":"taxable","28":"shipping-taxable","29":"purchasable","30":"product-type-simple"},"acf":{"seo_title_01":"","seo_text_01":""},"_links":{"self":[{"href":"https:\/\/inspital.com\/es\/wp-json\/wp\/v2\/product\/18562","targetHints":{"allow":["GET"]}}],"collection":[{"href":"https:\/\/inspital.com\/es\/wp-json\/wp\/v2\/product"}],"about":[{"href":"https:\/\/inspital.com\/es\/wp-json\/wp\/v2\/types\/product"}],"version-history":[{"count":1,"href":"https:\/\/inspital.com\/es\/wp-json\/wp\/v2\/product\/18562\/revisions"}],"predecessor-version":[{"id":18565,"href":"https:\/\/inspital.com\/es\/wp-json\/wp\/v2\/product\/18562\/revisions\/18565"}],"wp:featuredmedia":[{"embeddable":true,"href":"https:\/\/inspital.com\/es\/wp-json\/wp\/v2\/media\/18564"}],"wp:attachment":[{"href":"https:\/\/inspital.com\/es\/wp-json\/wp\/v2\/media?parent=18562"}],"wp:term":[{"taxonomy":"product_brand","embeddable":true,"href":"https:\/\/inspital.com\/es\/wp-json\/wp\/v2\/product_brand?post=18562"},{"taxonomy":"product_cat","embeddable":true,"href":"https:\/\/inspital.com\/es\/wp-json\/wp\/v2\/product_cat?post=18562"},{"taxonomy":"product_tag","embeddable":true,"href":"https:\/\/inspital.com\/es\/wp-json\/wp\/v2\/product_tag?post=18562"}],"curies":[{"name":"wp","href":"https:\/\/api.w.org\/{rel}","templated":true}]}}