{"id":18553,"date":"2025-03-03T11:44:41","date_gmt":"2025-03-03T08:44:41","guid":{"rendered":"https:\/\/inspital.com\/product\/carro-de-transporte-para-dispositivo-de-extension-ot60-33\/"},"modified":"2026-04-10T11:36:37","modified_gmt":"2026-04-10T08:36:37","slug":"carro-de-transporte-para-dispositivo-de-extension-ot60-33","status":"publish","type":"product","link":"https:\/\/inspital.com\/es\/product\/carro-de-transporte-para-dispositivo-de-extension-ot60-33\/","title":{"rendered":"Carro de transporte para dispositivo de extensi\u00f3n OT60.33"},"content":{"rendered":"","protected":false},"excerpt":{"rendered":"<div class=\"detail\">\n<div class=\"cnt\">\n<div class=\"detail\">\n<div class=\"cnt\">\n<div class=\"detail\">\n<div class=\"cnt\">\n<div class=\"detail\">\n<div class=\"cnt\">\n<p>Almacenamiento y transporte c\u00f3modos del dispositivo de extensi\u00f3n. Permite una instalaci\u00f3n sencilla. <\/p>\n<\/div>\n<\/div>\n<\/div>\n<\/div>\n<\/div>\n<\/div>\n<\/div>\n<\/div>\n","protected":false},"featured_media":18555,"template":"","meta":{"_acf_changed":false},"product_brand":[],"product_cat":[582,587,591,556,589,585,581,579,580,578,590,586,661,653,639,643],"product_tag":[],"class_list":{"0":"post-18553","1":"product","2":"type-product","3":"status-publish","4":"has-post-thumbnail","6":"product_cat-accesorios-para-mesa-de-operaciones","7":"product_cat-comprar-mesa-de-operaciones","8":"product_cat-comprar-mesa-de-operaciones-2","9":"product_cat-empresas-de-tecnologia-medica","10":"product_cat-estructura-de-la-mesa-de-quirofano","11":"product_cat-instrumentos-para-mesa-de-operaciones","12":"product_cat-los-accesorios-para-mesas-de-operaciones","13":"product_cat-mesa-de-operaciones","14":"product_cat-mesa-de-operaciones-movil","15":"product_cat-mesa-de-quirofano","16":"product_cat-preparar-la-mesa-de-quirofano","17":"product_cat-sistemas-de-mesas-de-quirofano","18":"product_cat-fabricante-de-mesas-de-operaciones","19":"product_cat-imagenes-de-mesa-de-operaciones","20":"product_cat-mesa-de-operaciones-para-pacientes","21":"product_cat-mesa-de-quirofano-hospitalaria","23":"first","24":"instock","25":"taxable","26":"shipping-taxable","27":"purchasable","28":"product-type-simple"},"acf":{"seo_title_01":"","seo_text_01":""},"_links":{"self":[{"href":"https:\/\/inspital.com\/es\/wp-json\/wp\/v2\/product\/18553","targetHints":{"allow":["GET"]}}],"collection":[{"href":"https:\/\/inspital.com\/es\/wp-json\/wp\/v2\/product"}],"about":[{"href":"https:\/\/inspital.com\/es\/wp-json\/wp\/v2\/types\/product"}],"version-history":[{"count":1,"href":"https:\/\/inspital.com\/es\/wp-json\/wp\/v2\/product\/18553\/revisions"}],"predecessor-version":[{"id":18558,"href":"https:\/\/inspital.com\/es\/wp-json\/wp\/v2\/product\/18553\/revisions\/18558"}],"wp:featuredmedia":[{"embeddable":true,"href":"https:\/\/inspital.com\/es\/wp-json\/wp\/v2\/media\/18555"}],"wp:attachment":[{"href":"https:\/\/inspital.com\/es\/wp-json\/wp\/v2\/media?parent=18553"}],"wp:term":[{"taxonomy":"product_brand","embeddable":true,"href":"https:\/\/inspital.com\/es\/wp-json\/wp\/v2\/product_brand?post=18553"},{"taxonomy":"product_cat","embeddable":true,"href":"https:\/\/inspital.com\/es\/wp-json\/wp\/v2\/product_cat?post=18553"},{"taxonomy":"product_tag","embeddable":true,"href":"https:\/\/inspital.com\/es\/wp-json\/wp\/v2\/product_tag?post=18553"}],"curies":[{"name":"wp","href":"https:\/\/api.w.org\/{rel}","templated":true}]}}