{"id":18515,"date":"2025-03-03T11:59:04","date_gmt":"2025-03-03T08:59:04","guid":{"rendered":"https:\/\/inspital.com\/product\/cojin-para-hernias-discales-ot60-61\/"},"modified":"2026-04-10T11:34:22","modified_gmt":"2026-04-10T08:34:22","slug":"cojin-para-hernias-discales-ot60-61","status":"publish","type":"product","link":"https:\/\/inspital.com\/es\/product\/cojin-para-hernias-discales-ot60-61\/","title":{"rendered":"Coj\u00edn para Hernias Discales OT60.61"},"content":{"rendered":"","protected":false},"excerpt":{"rendered":"<div class=\"detail\">\n<div class=\"cnt\">\n<div class=\"detail\">\n<div class=\"cnt\">\n<div class=\"detail\">\n<div class=\"cnt\">\n<div class=\"detail\">\n<div class=\"cnt\">\n<p>El coj\u00edn para hernias discales sostiene al paciente en una posici\u00f3n de flexi\u00f3n ideal durante operaciones de columna vertebral y proctol\u00f3gicas.<\/p>\n<p>Gracias a su estructura curvada y almohadillas de gel adicionales, sostiene el pecho y la pelvis, aliviando as\u00ed la presi\u00f3n en la zona abdominal y proporcionando un alto nivel de confort para el paciente.<\/p>\n<p>El coj\u00edn ofrece las mismas condiciones que un marco met\u00e1lico, pero es m\u00e1s c\u00f3modo de manejar.<\/p>\n<\/div>\n<\/div>\n<\/div>\n<\/div>\n<\/div>\n<\/div>\n<\/div>\n<\/div>\n","protected":false},"featured_media":18516,"template":"","meta":{"_acf_changed":false},"product_brand":[],"product_cat":[582,583,591,587,556,589,585,581,579,580,578,588,584,590,586,619,665,661,653,639,643],"product_tag":[],"class_list":{"0":"post-18515","1":"product","2":"type-product","3":"status-publish","4":"has-post-thumbnail","6":"product_cat-accesorios-para-mesa-de-operaciones","7":"product_cat-colchonetas-para-mesa-de-operaciones","8":"product_cat-comprar-mesa-de-operaciones-2","9":"product_cat-comprar-mesa-de-operaciones","10":"product_cat-empresas-de-tecnologia-medica","11":"product_cat-estructura-de-la-mesa-de-quirofano","12":"product_cat-instrumentos-para-mesa-de-operaciones","13":"product_cat-los-accesorios-para-mesas-de-operaciones","14":"product_cat-mesa-de-operaciones","15":"product_cat-mesa-de-operaciones-movil","16":"product_cat-mesa-de-quirofano","17":"product_cat-posicionamiento-de-la-mesa-de-operaciones","18":"product_cat-posicionamiento-en-mesa-quirurgica","19":"product_cat-preparar-la-mesa-de-quirofano","20":"product_cat-sistemas-de-mesas-de-quirofano","21":"product_cat-soportes-de-piernas-para-mesa-de-operaciones","22":"product_cat-accesorios-de-posicionamiento-para-mesas-de-operaciones","23":"product_cat-fabricante-de-mesas-de-operaciones","24":"product_cat-imagenes-de-mesa-de-operaciones","25":"product_cat-mesa-de-operaciones-para-pacientes","26":"product_cat-mesa-de-quirofano-hospitalaria","28":"first","29":"instock","30":"taxable","31":"shipping-taxable","32":"purchasable","33":"product-type-simple"},"acf":{"seo_title_01":"","seo_text_01":""},"_links":{"self":[{"href":"https:\/\/inspital.com\/es\/wp-json\/wp\/v2\/product\/18515","targetHints":{"allow":["GET"]}}],"collection":[{"href":"https:\/\/inspital.com\/es\/wp-json\/wp\/v2\/product"}],"about":[{"href":"https:\/\/inspital.com\/es\/wp-json\/wp\/v2\/types\/product"}],"version-history":[{"count":1,"href":"https:\/\/inspital.com\/es\/wp-json\/wp\/v2\/product\/18515\/revisions"}],"predecessor-version":[{"id":18517,"href":"https:\/\/inspital.com\/es\/wp-json\/wp\/v2\/product\/18515\/revisions\/18517"}],"wp:featuredmedia":[{"embeddable":true,"href":"https:\/\/inspital.com\/es\/wp-json\/wp\/v2\/media\/18516"}],"wp:attachment":[{"href":"https:\/\/inspital.com\/es\/wp-json\/wp\/v2\/media?parent=18515"}],"wp:term":[{"taxonomy":"product_brand","embeddable":true,"href":"https:\/\/inspital.com\/es\/wp-json\/wp\/v2\/product_brand?post=18515"},{"taxonomy":"product_cat","embeddable":true,"href":"https:\/\/inspital.com\/es\/wp-json\/wp\/v2\/product_cat?post=18515"},{"taxonomy":"product_tag","embeddable":true,"href":"https:\/\/inspital.com\/es\/wp-json\/wp\/v2\/product_tag?post=18515"}],"curies":[{"name":"wp","href":"https:\/\/api.w.org\/{rel}","templated":true}]}}