{"id":18512,"date":"2025-03-03T11:57:46","date_gmt":"2025-03-03T08:57:46","guid":{"rendered":"https:\/\/inspital.com\/product\/escalon-para-cirujanos-doble-bs10-20\/"},"modified":"2026-04-10T11:34:23","modified_gmt":"2026-04-10T08:34:23","slug":"escalon-para-cirujanos-doble-bs10-20","status":"publish","type":"product","link":"https:\/\/inspital.com\/es\/product\/escalon-para-cirujanos-doble-bs10-20\/","title":{"rendered":"Escal\u00f3n para cirujanos, doble BS10.20"},"content":{"rendered":"","protected":false},"excerpt":{"rendered":"<p>El escal\u00f3n doble para cirujanos de Inspital ofrece una posici\u00f3n segura y estable durante las intervenciones quir\u00fargicas. Los materiales de alta calidad y el dise\u00f1o ergon\u00f3mico garantizan comodidad y m\u00e1xima seguridad en el quir\u00f3fano. <\/p>\n","protected":false},"featured_media":18513,"template":"","meta":{"_acf_changed":false},"product_brand":[],"product_cat":[582,591,587,556,589,585,581,579,580,578,555,590,586,661,653,639,643],"product_tag":[],"class_list":{"0":"post-18512","1":"product","2":"type-product","3":"status-publish","4":"has-post-thumbnail","6":"product_cat-accesorios-para-mesa-de-operaciones","7":"product_cat-comprar-mesa-de-operaciones-2","8":"product_cat-comprar-mesa-de-operaciones","9":"product_cat-empresas-de-tecnologia-medica","10":"product_cat-estructura-de-la-mesa-de-quirofano","11":"product_cat-instrumentos-para-mesa-de-operaciones","12":"product_cat-los-accesorios-para-mesas-de-operaciones","13":"product_cat-mesa-de-operaciones","14":"product_cat-mesa-de-operaciones-movil","15":"product_cat-mesa-de-quirofano","16":"product_cat-mobiliario-hospitalario-de-acero-inoxidable","17":"product_cat-preparar-la-mesa-de-quirofano","18":"product_cat-sistemas-de-mesas-de-quirofano","19":"product_cat-fabricante-de-mesas-de-operaciones","20":"product_cat-imagenes-de-mesa-de-operaciones","21":"product_cat-mesa-de-operaciones-para-pacientes","22":"product_cat-mesa-de-quirofano-hospitalaria","24":"first","25":"instock","26":"taxable","27":"shipping-taxable","28":"purchasable","29":"product-type-simple"},"acf":{"seo_title_01":"","seo_text_01":""},"_links":{"self":[{"href":"https:\/\/inspital.com\/es\/wp-json\/wp\/v2\/product\/18512","targetHints":{"allow":["GET"]}}],"collection":[{"href":"https:\/\/inspital.com\/es\/wp-json\/wp\/v2\/product"}],"about":[{"href":"https:\/\/inspital.com\/es\/wp-json\/wp\/v2\/types\/product"}],"version-history":[{"count":1,"href":"https:\/\/inspital.com\/es\/wp-json\/wp\/v2\/product\/18512\/revisions"}],"predecessor-version":[{"id":18514,"href":"https:\/\/inspital.com\/es\/wp-json\/wp\/v2\/product\/18512\/revisions\/18514"}],"wp:featuredmedia":[{"embeddable":true,"href":"https:\/\/inspital.com\/es\/wp-json\/wp\/v2\/media\/18513"}],"wp:attachment":[{"href":"https:\/\/inspital.com\/es\/wp-json\/wp\/v2\/media?parent=18512"}],"wp:term":[{"taxonomy":"product_brand","embeddable":true,"href":"https:\/\/inspital.com\/es\/wp-json\/wp\/v2\/product_brand?post=18512"},{"taxonomy":"product_cat","embeddable":true,"href":"https:\/\/inspital.com\/es\/wp-json\/wp\/v2\/product_cat?post=18512"},{"taxonomy":"product_tag","embeddable":true,"href":"https:\/\/inspital.com\/es\/wp-json\/wp\/v2\/product_tag?post=18512"}],"curies":[{"name":"wp","href":"https:\/\/api.w.org\/{rel}","templated":true}]}}