{"id":18446,"date":"2025-03-03T15:05:48","date_gmt":"2025-03-03T12:05:48","guid":{"rendered":"https:\/\/inspital.com\/product\/lampara-de-exploracion-movil-ld02-08\/"},"modified":"2026-03-06T12:57:02","modified_gmt":"2026-03-06T09:57:02","slug":"lampara-de-exploracion-movil-ld02-08","status":"publish","type":"product","link":"https:\/\/inspital.com\/es\/product\/lampara-de-exploracion-movil-ld02-08\/","title":{"rendered":"L\u00e1mpara de exploraci\u00f3n m\u00f3vil LD02.08"},"content":{"rendered":"","protected":false},"excerpt":{"rendered":"<div class=\"detail\">\n<div class=\"cnt\">\n<p>Las l\u00e1mparas de exploraci\u00f3n LED de INSPITAL cumplen todos los requisitos de iluminaci\u00f3n quir\u00fargica de los quir\u00f3fanos. La tecnolog\u00eda LED de nueva generaci\u00f3n ayuda a los cirujanos a intervenir y ver con claridad el campo quir\u00fargico. Las l\u00e1mparas LED de INSPITAL se adaptan a quir\u00f3fanos de cualquier tama\u00f1o, incluidos los grandes quir\u00f3fanos h\u00edbridos, con una amplia variedad de modelos y combinaciones.  <\/p>\n<\/div>\n<\/div>\n","protected":false},"featured_media":18447,"template":"","meta":{"_acf_changed":false},"product_brand":[],"product_cat":[556,573,599,571,569,564,572,616,597,565,570,575,566,576,567,568,562,577,563,574,657,632],"product_tag":[],"class_list":{"0":"post-18446","1":"product","2":"type-product","3":"status-publish","4":"has-post-thumbnail","6":"product_cat-empresas-de-tecnologia-medica","7":"product_cat-fabricante-de-lamparas-quirurgicas","8":"product_cat-fabricante-de-lamparas-quirurgicas-2","9":"product_cat-iluminacion-de-quirofano","10":"product_cat-iluminacion-quirurgica","11":"product_cat-lampara-de-exploracion","12":"product_cat-lampara-de-exploracion-led","13":"product_cat-lampara-de-quirofano-movil-3","14":"product_cat-lampara-de-quirofano-movil-2","15":"product_cat-lampara-de-quirofano-movil","16":"product_cat-lampara-de-quirofano-producto-sanitario","17":"product_cat-lampara-led-de-quirofano","18":"product_cat-lampara-quirurgica","19":"product_cat-lampara-quirurgica-de-montaje-en-pared","20":"product_cat-lampara-quirurgica-movil","21":"product_cat-lamparas-de-exploracion-moviles","22":"product_cat-lamparas-quirurgicas","23":"product_cat-lamparas-quirurgicas-2","24":"product_cat-lamparas-quirurgicas-led","25":"product_cat-montaje-de-lamparas-quirurgicas","26":"product_cat-comprar-lampara-de-quirofano","27":"product_cat-luces-quirurgicas-sobre-la-mesa-de-operaciones","29":"first","30":"instock","31":"taxable","32":"shipping-taxable","33":"purchasable","34":"product-type-simple"},"acf":[],"_links":{"self":[{"href":"https:\/\/inspital.com\/es\/wp-json\/wp\/v2\/product\/18446","targetHints":{"allow":["GET"]}}],"collection":[{"href":"https:\/\/inspital.com\/es\/wp-json\/wp\/v2\/product"}],"about":[{"href":"https:\/\/inspital.com\/es\/wp-json\/wp\/v2\/types\/product"}],"version-history":[{"count":1,"href":"https:\/\/inspital.com\/es\/wp-json\/wp\/v2\/product\/18446\/revisions"}],"predecessor-version":[{"id":18449,"href":"https:\/\/inspital.com\/es\/wp-json\/wp\/v2\/product\/18446\/revisions\/18449"}],"wp:featuredmedia":[{"embeddable":true,"href":"https:\/\/inspital.com\/es\/wp-json\/wp\/v2\/media\/18447"}],"wp:attachment":[{"href":"https:\/\/inspital.com\/es\/wp-json\/wp\/v2\/media?parent=18446"}],"wp:term":[{"taxonomy":"product_brand","embeddable":true,"href":"https:\/\/inspital.com\/es\/wp-json\/wp\/v2\/product_brand?post=18446"},{"taxonomy":"product_cat","embeddable":true,"href":"https:\/\/inspital.com\/es\/wp-json\/wp\/v2\/product_cat?post=18446"},{"taxonomy":"product_tag","embeddable":true,"href":"https:\/\/inspital.com\/es\/wp-json\/wp\/v2\/product_tag?post=18446"}],"curies":[{"name":"wp","href":"https:\/\/api.w.org\/{rel}","templated":true}]}}