{"id":18435,"date":"2025-03-03T15:13:38","date_gmt":"2025-03-03T12:13:38","guid":{"rendered":"https:\/\/inspital.com\/product\/aspirador-movil-su60-06\/"},"modified":"2026-03-06T12:53:18","modified_gmt":"2026-03-06T09:53:18","slug":"aspirador-movil-su60-06","status":"publish","type":"product","link":"https:\/\/inspital.com\/es\/product\/aspirador-movil-su60-06\/","title":{"rendered":"Aspirador m\u00f3vil SU60.06"},"content":{"rendered":"\t\t<div data-elementor-type=\"product-post\" data-elementor-id=\"18435\" class=\"elementor elementor-18435 elementor-3419\" data-elementor-post-type=\"product\">\n\t\t\t\t<div class=\"elementor-element elementor-element-9a97bac e-con-full wd-section-stretch e-flex e-con e-parent\" data-id=\"9a97bac\" data-element_type=\"container\" data-e-type=\"container\">\n\t\t<div class=\"elementor-element elementor-element-b458baf e-con-full wd-section-stretch-content e-flex e-con e-child\" data-id=\"b458baf\" data-element_type=\"container\" data-e-type=\"container\" data-settings=\"{&quot;background_background&quot;:&quot;classic&quot;}\">\n\t\t<div class=\"elementor-element elementor-element-a5959d1 e-flex e-con-boxed e-con e-child\" data-id=\"a5959d1\" data-element_type=\"container\" data-e-type=\"container\">\n\t\t\t\t\t<div class=\"e-con-inner\">\n\t\t\t\t<div class=\"elementor-element elementor-element-649aace wd-width-100 elementor-widget elementor-widget-wd_title\" data-id=\"649aace\" data-element_type=\"widget\" data-e-type=\"widget\" data-widget_type=\"wd_title.default\">\n\t\t\t\t<div class=\"elementor-widget-container\">\n\t\t\t\t\t\t\t<div class=\"title-wrapper wd-set-mb reset-last-child wd-title-color-white wd-title-style-default wd-title-size-default text-left\">\n\n\t\t\t\n\t\t\t<div class=\"liner-continer\">\n\t\t\t\t<h2 class=\"woodmart-title-container title wd-fontsize-l\">Lo m\u00e1s destacado.<br \/>\n<\/h2> \n\t\t\t\t\t\t\t<\/div>\n\n\t\t\t\t\t<\/div>\n\t\t\t\t\t\t<\/div>\n\t\t\t\t<\/div>\n\t\t\t\t<div class=\"elementor-element elementor-element-391755f elementor-hidden-mobile elementor-widget elementor-widget-wd_button\" data-id=\"391755f\" data-element_type=\"widget\" data-e-type=\"widget\" data-widget_type=\"wd_button.default\">\n\t\t\t\t<div class=\"elementor-widget-container\">\n\t\t\t\t\t\t\t<div class=\"wd-button-wrapper text-center\" >\n\t\t\t<a class=\"btn btn-style-default btn-shape-round btn-size-large btn-color-white btn-icon-pos-right\"  href=\"#\">\n\t\t\t\t<span class=\"wd-btn-text\" data-elementor-setting-key=\"text\">\n\t\t\t\t\tSolicitar oferta\t\t\t\t<\/span>\n\n\t\t\t\t\t\t\t<\/a>\n\t\t<\/div>\n\t\t\t\t\t\t<\/div>\n\t\t\t\t<\/div>\n\t\t\t\t\t<\/div>\n\t\t\t\t<\/div>\n\t\t<div class=\"elementor-element elementor-element-001e8eb e-con-full e-flex e-con e-child\" data-id=\"001e8eb\" data-element_type=\"container\" data-e-type=\"container\">\n\t\t\t\t<div class=\"elementor-element elementor-element-36c4f81 elementor-widget elementor-widget-n-carousel\" data-id=\"36c4f81\" data-element_type=\"widget\" data-e-type=\"widget\" data-settings=\"{&quot;carousel_items&quot;:[{&quot;slide_title&quot;:&quot;Slide #1&quot;,&quot;_id&quot;:&quot;0d7a077&quot;},{&quot;slide_title&quot;:&quot;Slide #1&quot;,&quot;_id&quot;:&quot;4691987&quot;},{&quot;slide_title&quot;:&quot;Slide #1&quot;,&quot;_id&quot;:&quot;aeaf665&quot;}],&quot;slides_to_show&quot;:&quot;3&quot;,&quot;image_spacing_custom&quot;:{&quot;unit&quot;:&quot;px&quot;,&quot;size&quot;:30,&quot;sizes&quot;:[]},&quot;autoplay_speed&quot;:1500,&quot;speed&quot;:5000,&quot;slides_to_show_laptop&quot;:&quot;3&quot;,&quot;slides_to_show_tablet&quot;:&quot;2&quot;,&quot;slides_to_show_mobile&quot;:&quot;1&quot;,&quot;autoplay&quot;:&quot;yes&quot;,&quot;pause_on_hover&quot;:&quot;yes&quot;,&quot;pause_on_interaction&quot;:&quot;yes&quot;,&quot;infinite&quot;:&quot;yes&quot;,&quot;offset_sides&quot;:&quot;none&quot;,&quot;image_spacing_custom_laptop&quot;:{&quot;unit&quot;:&quot;px&quot;,&quot;size&quot;:&quot;&quot;,&quot;sizes&quot;:[]},&quot;image_spacing_custom_tablet&quot;:{&quot;unit&quot;:&quot;px&quot;,&quot;size&quot;:&quot;&quot;,&quot;sizes&quot;:[]},&quot;image_spacing_custom_mobile&quot;:{&quot;unit&quot;:&quot;px&quot;,&quot;size&quot;:&quot;&quot;,&quot;sizes&quot;:[]}}\" data-widget_type=\"nested-carousel.default\">\n\t\t\t\t<div class=\"elementor-widget-container\">\n\t\t\t\t\t\t\t<div class=\"e-n-carousel swiper\" role=\"region\" aria-roledescription=\"carousel\" aria-label=\"Karussell\" dir=\"ltr\">\n\t\t\t<div class=\"swiper-wrapper\" aria-live=\"off\">\n\t\t\t\t\t\t\t\t\t\t<div class=\"swiper-slide\" data-slide=\"1\" role=\"group\" aria-roledescription=\"slide\" aria-label=\"1 of 3\">\n\t\t\t\t\t\t\t<div class=\"wd-negative-gap elementor-element elementor-element-8ee3e57 e-flex e-con-boxed e-con e-child\" data-id=\"8ee3e57\" data-element_type=\"container\" data-e-type=\"container\">\n\t\t\t\t\t<div class=\"e-con-inner\">\n\t\t<div class=\"elementor-element elementor-element-0cef9d6 e-con-full e-flex e-con e-child\" data-id=\"0cef9d6\" data-element_type=\"container\" data-e-type=\"container\" data-settings=\"{&quot;background_background&quot;:&quot;classic&quot;}\">\n\t\t<div class=\"elementor-element elementor-element-035b990 e-con-full e-flex e-con e-child\" data-id=\"035b990\" data-element_type=\"container\" data-e-type=\"container\">\n\t\t\t\t<div class=\"elementor-element elementor-element-6e57e0c wd-width-100 elementor-widget elementor-widget-wd_title\" data-id=\"6e57e0c\" data-element_type=\"widget\" data-e-type=\"widget\" data-widget_type=\"wd_title.default\">\n\t\t\t\t<div class=\"elementor-widget-container\">\n\t\t\t\t\t\t\t<div class=\"title-wrapper wd-set-mb reset-last-child wd-title-color-black wd-title-style-default wd-title-size-default text-left\">\n\n\t\t\t\n\t\t\t<div class=\"liner-continer\">\n\t\t\t\t<h2 class=\"woodmart-title-container title wd-fontsize-l\">Funcionamiento silencioso y sin vibraciones<\/h2> \n\t\t\t\t\t\t\t<\/div>\n\n\t\t\t\t\t\t\t<div class=\"title-after_title reset-last-child wd-fontsize-xs\">\n\t\t\t\t\t<p>Dise\u00f1ado para minimizar el ruido y las vibraciones, garantizando un entorno quir\u00fargico tranquilo y concentrado para el equipo m\u00e9dico y los pacientes.<\/p>\t\t\t\t<\/div>\n\t\t\t\t\t<\/div>\n\t\t\t\t\t\t<\/div>\n\t\t\t\t<\/div>\n\t\t\t\t<\/div>\n\t\t\t\t<\/div>\n\t\t\t\t\t<\/div>\n\t\t\t\t<\/div>\n\t\t\t\t\t\t\t\t<\/div>\n\t\t\t\t\t\t\t\t\t\t\t<div class=\"swiper-slide\" data-slide=\"2\" role=\"group\" aria-roledescription=\"slide\" aria-label=\"2 of 3\">\n\t\t\t\t\t\t\t<div class=\"wd-negative-gap elementor-element elementor-element-e225271 e-flex e-con-boxed e-con e-child\" data-id=\"e225271\" data-element_type=\"container\" data-e-type=\"container\">\n\t\t\t\t\t<div class=\"e-con-inner\">\n\t\t<div class=\"elementor-element elementor-element-007cd91 e-con-full e-flex e-con e-child\" data-id=\"007cd91\" data-element_type=\"container\" data-e-type=\"container\" data-settings=\"{&quot;background_background&quot;:&quot;classic&quot;}\">\n\t\t<div class=\"elementor-element elementor-element-f72f6e2 e-con-full e-flex e-con e-child\" data-id=\"f72f6e2\" data-element_type=\"container\" data-e-type=\"container\">\n\t\t\t\t<div class=\"elementor-element elementor-element-7f11b11 wd-width-100 elementor-widget elementor-widget-wd_title\" data-id=\"7f11b11\" data-element_type=\"widget\" data-e-type=\"widget\" data-widget_type=\"wd_title.default\">\n\t\t\t\t<div class=\"elementor-widget-container\">\n\t\t\t\t\t\t\t<div class=\"title-wrapper wd-set-mb reset-last-child wd-title-color-black wd-title-style-default wd-title-size-default text-left\">\n\n\t\t\t\n\t\t\t<div class=\"liner-continer\">\n\t\t\t\t<h2 class=\"woodmart-title-container title wd-fontsize-l\">Dise\u00f1o f\u00e1cil de usar<\/h2> \n\t\t\t\t\t\t\t<\/div>\n\n\t\t\t\t\t\t\t<div class=\"title-after_title reset-last-child wd-fontsize-xs\">\n\t\t\t\t\tF\u00e1cil de operar y mantener, lo que garantiza un flujo de trabajo eficiente y minimiza el tiempo de inactividad durante intervenciones cr\u00edticas.\t\t\t\t<\/div>\n\t\t\t\t\t<\/div>\n\t\t\t\t\t\t<\/div>\n\t\t\t\t<\/div>\n\t\t\t\t<\/div>\n\t\t\t\t<\/div>\n\t\t\t\t\t<\/div>\n\t\t\t\t<\/div>\n\t\t\t\t\t\t\t\t<\/div>\n\t\t\t\t\t\t\t\t\t\t\t<div class=\"swiper-slide\" data-slide=\"3\" role=\"group\" aria-roledescription=\"slide\" aria-label=\"3 of 3\">\n\t\t\t\t\t\t\t<div class=\"wd-negative-gap elementor-element elementor-element-034e3f1 e-flex e-con-boxed e-con e-child\" data-id=\"034e3f1\" data-element_type=\"container\" data-e-type=\"container\">\n\t\t\t\t\t<div class=\"e-con-inner\">\n\t\t<div class=\"elementor-element elementor-element-796f640 e-con-full e-flex e-con e-child\" data-id=\"796f640\" data-element_type=\"container\" data-e-type=\"container\" data-settings=\"{&quot;background_background&quot;:&quot;classic&quot;}\">\n\t\t<div class=\"elementor-element elementor-element-79327e0 e-con-full e-flex e-con e-child\" data-id=\"79327e0\" data-element_type=\"container\" data-e-type=\"container\">\n\t\t\t\t<div class=\"elementor-element elementor-element-751f96e wd-width-100 elementor-widget elementor-widget-wd_title\" data-id=\"751f96e\" data-element_type=\"widget\" data-e-type=\"widget\" data-widget_type=\"wd_title.default\">\n\t\t\t\t<div class=\"elementor-widget-container\">\n\t\t\t\t\t\t\t<div class=\"title-wrapper wd-set-mb reset-last-child wd-title-color-black wd-title-style-default wd-title-size-default text-left\">\n\n\t\t\t\n\t\t\t<div class=\"liner-continer\">\n\t\t\t\t<h2 class=\"woodmart-title-container title wd-fontsize-l\">Soluci\u00f3n r\u00e1pida<\/h2> \n\t\t\t\t\t\t\t<\/div>\n\n\t\t\t\t\t\t\t<div class=\"title-after_title reset-last-child wd-fontsize-xs\">\n\t\t\t\t\tLos equipos de aspiraci\u00f3n port\u00e1tiles de Inspital son f\u00e1ciles de transportar y operar gracias a su dise\u00f1o pr\u00e1ctico.\t\t\t\t<\/div>\n\t\t\t\t\t<\/div>\n\t\t\t\t\t\t<\/div>\n\t\t\t\t<\/div>\n\t\t\t\t<\/div>\n\t\t\t\t<\/div>\n\t\t\t\t\t<\/div>\n\t\t\t\t<\/div>\n\t\t\t\t\t\t\t\t<\/div>\n\t\t\t\t\t\t\t\t<\/div>\n\t\t<\/div>\n\t\t\t\t\t\t<\/div>\n\t\t\t\t<\/div>\n\t\t\t\t<\/div>\n\t\t\t\t<\/div>\n\t\t\t\t<\/div>\n\t\t<div class=\"elementor-element elementor-element-addbc09 e-con-full wd-section-stretch-content e-flex e-con e-child\" data-id=\"addbc09\" data-element_type=\"container\" data-e-type=\"container\" data-settings=\"{&quot;background_background&quot;:&quot;classic&quot;}\">\n\t\t<div class=\"elementor-element elementor-element-459375c e-flex e-con-boxed e-con e-child\" data-id=\"459375c\" data-element_type=\"container\" data-e-type=\"container\">\n\t\t\t\t\t<div class=\"e-con-inner\">\n\t\t\t\t<div class=\"elementor-element elementor-element-f36f9e3 wd-width-100 elementor-widget elementor-widget-wd_title\" data-id=\"f36f9e3\" data-element_type=\"widget\" data-e-type=\"widget\" data-widget_type=\"wd_title.default\">\n\t\t\t\t<div class=\"elementor-widget-container\">\n\t\t\t\t\t\t\t<div class=\"title-wrapper wd-set-mb reset-last-child wd-title-color-black wd-title-style-default wd-title-size-default text-left\">\n\n\t\t\t\n\t\t\t<div class=\"liner-continer\">\n\t\t\t\t<h2 class=\"woodmart-title-container title wd-fontsize-l\">Fotos de clientes.<br \/>\n<\/h2> \n\t\t\t\t\t\t\t<\/div>\n\n\t\t\t\t\t<\/div>\n\t\t\t\t\t\t<\/div>\n\t\t\t\t<\/div>\n\t\t\t\t\t<\/div>\n\t\t\t\t<\/div>\n\t\t<div class=\"elementor-element elementor-element-8a025c7 e-con-full wd-section-stretch e-flex e-con e-child\" data-id=\"8a025c7\" data-element_type=\"container\" data-e-type=\"container\">\n\t\t\t\t<div class=\"elementor-element elementor-element-649d703 elementor-widget elementor-widget-image-carousel\" data-id=\"649d703\" data-element_type=\"widget\" data-e-type=\"widget\" data-settings=\"{&quot;slides_to_show&quot;:&quot;4&quot;,&quot;navigation&quot;:&quot;none&quot;,&quot;autoplay_speed&quot;:0,&quot;speed&quot;:5000,&quot;autoplay&quot;:&quot;yes&quot;,&quot;infinite&quot;:&quot;yes&quot;,&quot;image_spacing_custom&quot;:{&quot;unit&quot;:&quot;px&quot;,&quot;size&quot;:20,&quot;sizes&quot;:[]},&quot;image_spacing_custom_laptop&quot;:{&quot;unit&quot;:&quot;px&quot;,&quot;size&quot;:&quot;&quot;,&quot;sizes&quot;:[]},&quot;image_spacing_custom_tablet&quot;:{&quot;unit&quot;:&quot;px&quot;,&quot;size&quot;:&quot;&quot;,&quot;sizes&quot;:[]},&quot;image_spacing_custom_mobile&quot;:{&quot;unit&quot;:&quot;px&quot;,&quot;size&quot;:&quot;&quot;,&quot;sizes&quot;:[]}}\" data-widget_type=\"image-carousel.default\">\n\t\t\t\t<div class=\"elementor-widget-container\">\n\t\t\t\t\t\t\t<div class=\"elementor-image-carousel-wrapper swiper\" role=\"region\" aria-roledescription=\"carousel\" aria-label=\"Bild Karussell\" dir=\"ltr\">\n\t\t\t<div class=\"elementor-image-carousel swiper-wrapper\" aria-live=\"off\">\n\t\t\t\t\t\t\t\t<div class=\"swiper-slide\" role=\"group\" aria-roledescription=\"slide\" aria-label=\"1 de 7\"><a data-elementor-open-lightbox=\"yes\" data-elementor-lightbox-slideshow=\"649d703\" data-elementor-lightbox-title=\"inspital-absauggerate-kundenfotos-002\" data-e-action-hash=\"#elementor-action%3Aaction%3Dlightbox%26settings%3DeyJpZCI6Njc0MywidXJsIjoiaHR0cHM6XC9cL2luc3BpdGFsLmNvbVwvd3AtY29udGVudFwvdXBsb2Fkc1wvMjAyNVwvMDRcL2luc3BpdGFsLWFic2F1Z2dlcmF0ZS1rdW5kZW5mb3Rvcy0wMDIuanBnIiwic2xpZGVzaG93IjoiNjQ5ZDcwMyJ9\" href=\"https:\/\/inspital.com\/wp-content\/uploads\/2025\/04\/inspital-absauggerate-kundenfotos-002.jpg\"><figure class=\"swiper-slide-inner\"><img decoding=\"async\" class=\"swiper-slide-image\" src=\"https:\/\/inspital.com\/wp-content\/uploads\/2025\/04\/inspital-absauggerate-kundenfotos-002.jpg\" alt=\"inspital-absauggerate-kundenfotos-002\" \/><\/figure><\/a><\/div><div class=\"swiper-slide\" role=\"group\" aria-roledescription=\"slide\" aria-label=\"2 de 7\"><a data-elementor-open-lightbox=\"yes\" data-elementor-lightbox-slideshow=\"649d703\" data-elementor-lightbox-title=\"inspital-absauggerate-kundenfotos-003\" data-e-action-hash=\"#elementor-action%3Aaction%3Dlightbox%26settings%3DeyJpZCI6Njc0NCwidXJsIjoiaHR0cHM6XC9cL2luc3BpdGFsLmNvbVwvd3AtY29udGVudFwvdXBsb2Fkc1wvMjAyNVwvMDRcL2luc3BpdGFsLWFic2F1Z2dlcmF0ZS1rdW5kZW5mb3Rvcy0wMDMuanBnIiwic2xpZGVzaG93IjoiNjQ5ZDcwMyJ9\" href=\"https:\/\/inspital.com\/wp-content\/uploads\/2025\/04\/inspital-absauggerate-kundenfotos-003.jpg\"><figure class=\"swiper-slide-inner\"><img decoding=\"async\" class=\"swiper-slide-image\" src=\"https:\/\/inspital.com\/wp-content\/uploads\/2025\/04\/inspital-absauggerate-kundenfotos-003.jpg\" alt=\"inspital-absauggerate-kundenfotos-003\" \/><\/figure><\/a><\/div><div class=\"swiper-slide\" role=\"group\" aria-roledescription=\"slide\" aria-label=\"3 de 7\"><a data-elementor-open-lightbox=\"yes\" data-elementor-lightbox-slideshow=\"649d703\" data-elementor-lightbox-title=\"inspital-kundenfotos-005\" data-e-action-hash=\"#elementor-action%3Aaction%3Dlightbox%26settings%3DeyJpZCI6NjU0NSwidXJsIjoiaHR0cHM6XC9cL2luc3BpdGFsLmNvbVwvd3AtY29udGVudFwvdXBsb2Fkc1wvMjAyNVwvMDRcL2luc3BpdGFsLWt1bmRlbmZvdG9zLTAwNS5qcGciLCJzbGlkZXNob3ciOiI2NDlkNzAzIn0%3D\" href=\"https:\/\/inspital.com\/wp-content\/uploads\/2025\/04\/inspital-kundenfotos-005.jpg\"><figure class=\"swiper-slide-inner\"><img decoding=\"async\" class=\"swiper-slide-image\" src=\"https:\/\/inspital.com\/wp-content\/uploads\/2025\/04\/inspital-kundenfotos-005.jpg\" alt=\"inspital-kundenfotos-005\" \/><\/figure><\/a><\/div><div class=\"swiper-slide\" role=\"group\" aria-roledescription=\"slide\" aria-label=\"4 de 7\"><a data-elementor-open-lightbox=\"yes\" data-elementor-lightbox-slideshow=\"649d703\" data-elementor-lightbox-title=\"inspital-absauggerate-kundenfotos-006\" data-e-action-hash=\"#elementor-action%3Aaction%3Dlightbox%26settings%3DeyJpZCI6Njc0OCwidXJsIjoiaHR0cHM6XC9cL2luc3BpdGFsLmNvbVwvd3AtY29udGVudFwvdXBsb2Fkc1wvMjAyNVwvMDRcL2luc3BpdGFsLWFic2F1Z2dlcmF0ZS1rdW5kZW5mb3Rvcy0wMDYuanBnIiwic2xpZGVzaG93IjoiNjQ5ZDcwMyJ9\" href=\"https:\/\/inspital.com\/wp-content\/uploads\/2025\/04\/inspital-absauggerate-kundenfotos-006.jpg\"><figure class=\"swiper-slide-inner\"><img decoding=\"async\" class=\"swiper-slide-image\" src=\"https:\/\/inspital.com\/wp-content\/uploads\/2025\/04\/inspital-absauggerate-kundenfotos-006.jpg\" alt=\"inspital-absauggerate-kundenfotos-006\" \/><\/figure><\/a><\/div><div class=\"swiper-slide\" role=\"group\" aria-roledescription=\"slide\" aria-label=\"5 de 7\"><a data-elementor-open-lightbox=\"yes\" data-elementor-lightbox-slideshow=\"649d703\" data-elementor-lightbox-title=\"inspital-absauggerate-kundenfotos-004\" data-e-action-hash=\"#elementor-action%3Aaction%3Dlightbox%26settings%3DeyJpZCI6Njc0NSwidXJsIjoiaHR0cHM6XC9cL2luc3BpdGFsLmNvbVwvd3AtY29udGVudFwvdXBsb2Fkc1wvMjAyNVwvMDRcL2luc3BpdGFsLWFic2F1Z2dlcmF0ZS1rdW5kZW5mb3Rvcy0wMDQuanBnIiwic2xpZGVzaG93IjoiNjQ5ZDcwMyJ9\" href=\"https:\/\/inspital.com\/wp-content\/uploads\/2025\/04\/inspital-absauggerate-kundenfotos-004.jpg\"><figure class=\"swiper-slide-inner\"><img decoding=\"async\" class=\"swiper-slide-image\" src=\"https:\/\/inspital.com\/wp-content\/uploads\/2025\/04\/inspital-absauggerate-kundenfotos-004.jpg\" alt=\"inspital-absauggerate-kundenfotos-004\" \/><\/figure><\/a><\/div><div class=\"swiper-slide\" role=\"group\" aria-roledescription=\"slide\" aria-label=\"6 de 7\"><a data-elementor-open-lightbox=\"yes\" data-elementor-lightbox-slideshow=\"649d703\" data-elementor-lightbox-title=\"inspital-absauggerate-kundenfotos-001\" data-e-action-hash=\"#elementor-action%3Aaction%3Dlightbox%26settings%3DeyJpZCI6Njc0NiwidXJsIjoiaHR0cHM6XC9cL2luc3BpdGFsLmNvbVwvd3AtY29udGVudFwvdXBsb2Fkc1wvMjAyNVwvMDRcL2luc3BpdGFsLWFic2F1Z2dlcmF0ZS1rdW5kZW5mb3Rvcy0wMDEuanBnIiwic2xpZGVzaG93IjoiNjQ5ZDcwMyJ9\" href=\"https:\/\/inspital.com\/wp-content\/uploads\/2025\/04\/inspital-absauggerate-kundenfotos-001.jpg\"><figure class=\"swiper-slide-inner\"><img decoding=\"async\" class=\"swiper-slide-image\" src=\"https:\/\/inspital.com\/wp-content\/uploads\/2025\/04\/inspital-absauggerate-kundenfotos-001.jpg\" alt=\"inspital-absauggerate-kundenfotos-001\" \/><\/figure><\/a><\/div><div class=\"swiper-slide\" role=\"group\" aria-roledescription=\"slide\" aria-label=\"7 de 7\"><a data-elementor-open-lightbox=\"yes\" data-elementor-lightbox-slideshow=\"649d703\" data-elementor-lightbox-title=\"inspital-absauggerate-kundenfotos-005\" data-e-action-hash=\"#elementor-action%3Aaction%3Dlightbox%26settings%3DeyJpZCI6Njc0NywidXJsIjoiaHR0cHM6XC9cL2luc3BpdGFsLmNvbVwvd3AtY29udGVudFwvdXBsb2Fkc1wvMjAyNVwvMDRcL2luc3BpdGFsLWFic2F1Z2dlcmF0ZS1rdW5kZW5mb3Rvcy0wMDUuanBnIiwic2xpZGVzaG93IjoiNjQ5ZDcwMyJ9\" href=\"https:\/\/inspital.com\/wp-content\/uploads\/2025\/04\/inspital-absauggerate-kundenfotos-005.jpg\"><figure class=\"swiper-slide-inner\"><img decoding=\"async\" class=\"swiper-slide-image\" src=\"https:\/\/inspital.com\/wp-content\/uploads\/2025\/04\/inspital-absauggerate-kundenfotos-005.jpg\" alt=\"inspital-absauggerate-kundenfotos-005\" \/><\/figure><\/a><\/div>\t\t\t<\/div>\n\t\t\t\t\t\t\t\n\t\t\t\t\t\t\t\t\t<\/div>\n\t\t\t\t\t\t<\/div>\n\t\t\t\t<\/div>\n\t\t\t\t<\/div>\n\t\t\t\t<\/div>\n\t\t\t\t<\/div>\n\t\t","protected":false},"excerpt":{"rendered":"<div class=\"detail\">\n<div class=\"cnt\">\n<p>Los aspiradores port\u00e1tiles INSPITAL se han desarrollado espec\u00edficamente para eliminar l\u00edquidos y part\u00edculas no deseados en el \u00e1mbito de uso en consulta, a pie de cama y en intervenciones quir\u00fargicas menores en servicios de emergencias, UCI, servicios hospitalarios, odontolog\u00eda y ambulancias. INSPITAL puede ofrecer aspiradores port\u00e1tiles con o sin bater\u00edas, seg\u00fan las necesidades del cliente. <\/p>\n<\/div>\n<\/div>\n","protected":false},"featured_media":18320,"template":"","meta":{"_acf_changed":false},"product_brand":[],"product_cat":[602,618,601,603,556,604,608,610,605,606,609,600,607,611],"product_tag":[],"class_list":{"0":"post-18435","1":"product","2":"type-product","3":"status-publish","4":"has-post-thumbnail","6":"product_cat-aspirador-de-secreciones","7":"product_cat-aspirador-de-secreciones-2","8":"product_cat-bombas-de-aspiracion-medicas","9":"product_cat-dispositivos-de-aspiracion-para-cuidados","10":"product_cat-empresas-de-tecnologia-medica","11":"product_cat-equipo-de-aspiracion","12":"product_cat-equipo-de-aspiracion-de-emergencia","13":"product_cat-equipo-de-aspiracion-medica","14":"product_cat-equipo-de-aspiracion-movil","15":"product_cat-equipo-de-aspiracion-para-mucosidad","16":"product_cat-equipo-de-aspiracion-quirofano","17":"product_cat-equipos-de-aspiracion-quirurgica","18":"product_cat-filtro-para-equipo-de-aspiracion","19":"product_cat-unidad-de-aspiracion","21":"first","22":"instock","23":"taxable","24":"shipping-taxable","25":"purchasable","26":"product-type-simple"},"acf":[],"_links":{"self":[{"href":"https:\/\/inspital.com\/es\/wp-json\/wp\/v2\/product\/18435","targetHints":{"allow":["GET"]}}],"collection":[{"href":"https:\/\/inspital.com\/es\/wp-json\/wp\/v2\/product"}],"about":[{"href":"https:\/\/inspital.com\/es\/wp-json\/wp\/v2\/types\/product"}],"version-history":[{"count":1,"href":"https:\/\/inspital.com\/es\/wp-json\/wp\/v2\/product\/18435\/revisions"}],"predecessor-version":[{"id":18437,"href":"https:\/\/inspital.com\/es\/wp-json\/wp\/v2\/product\/18435\/revisions\/18437"}],"wp:featuredmedia":[{"embeddable":true,"href":"https:\/\/inspital.com\/es\/wp-json\/wp\/v2\/media\/18320"}],"wp:attachment":[{"href":"https:\/\/inspital.com\/es\/wp-json\/wp\/v2\/media?parent=18435"}],"wp:term":[{"taxonomy":"product_brand","embeddable":true,"href":"https:\/\/inspital.com\/es\/wp-json\/wp\/v2\/product_brand?post=18435"},{"taxonomy":"product_cat","embeddable":true,"href":"https:\/\/inspital.com\/es\/wp-json\/wp\/v2\/product_cat?post=18435"},{"taxonomy":"product_tag","embeddable":true,"href":"https:\/\/inspital.com\/es\/wp-json\/wp\/v2\/product_tag?post=18435"}],"curies":[{"name":"wp","href":"https:\/\/api.w.org\/{rel}","templated":true}]}}