{"id":18422,"date":"2025-03-03T16:23:27","date_gmt":"2025-03-03T13:23:27","guid":{"rendered":"https:\/\/inspital.com\/product\/conector-kapkon-at20-53\/"},"modified":"2026-03-06T12:48:33","modified_gmt":"2026-03-06T09:48:33","slug":"conector-kapkon-at20-53","status":"publish","type":"product","link":"https:\/\/inspital.com\/es\/product\/conector-kapkon-at20-53\/","title":{"rendered":"Conector Kapkon AT20.53"},"content":{"rendered":"","protected":false},"excerpt":{"rendered":"<p>El conector Kapkon AT20.53 de INSPITAL garantiza una conexi\u00f3n segura entre equipos de aspiraci\u00f3n y accesorios. Asegura un funcionamiento fiable y una manipulaci\u00f3n estable durante intervenciones quir\u00fargicas. Gracias a su dise\u00f1o compacto, es ideal para su uso en quir\u00f3fano y en centros m\u00e9dicos.  <\/p>\n","protected":false},"featured_media":18423,"template":"","meta":{"_acf_changed":false},"product_brand":[],"product_cat":[618,602,601,603,556,604,608,610,606,609,600,607,611],"product_tag":[],"class_list":{"0":"post-18422","1":"product","2":"type-product","3":"status-publish","4":"has-post-thumbnail","6":"product_cat-aspirador-de-secreciones-2","7":"product_cat-aspirador-de-secreciones","8":"product_cat-bombas-de-aspiracion-medicas","9":"product_cat-dispositivos-de-aspiracion-para-cuidados","10":"product_cat-empresas-de-tecnologia-medica","11":"product_cat-equipo-de-aspiracion","12":"product_cat-equipo-de-aspiracion-de-emergencia","13":"product_cat-equipo-de-aspiracion-medica","14":"product_cat-equipo-de-aspiracion-para-mucosidad","15":"product_cat-equipo-de-aspiracion-quirofano","16":"product_cat-equipos-de-aspiracion-quirurgica","17":"product_cat-filtro-para-equipo-de-aspiracion","18":"product_cat-unidad-de-aspiracion","20":"first","21":"instock","22":"taxable","23":"shipping-taxable","24":"purchasable","25":"product-type-simple"},"acf":[],"_links":{"self":[{"href":"https:\/\/inspital.com\/es\/wp-json\/wp\/v2\/product\/18422","targetHints":{"allow":["GET"]}}],"collection":[{"href":"https:\/\/inspital.com\/es\/wp-json\/wp\/v2\/product"}],"about":[{"href":"https:\/\/inspital.com\/es\/wp-json\/wp\/v2\/types\/product"}],"version-history":[{"count":1,"href":"https:\/\/inspital.com\/es\/wp-json\/wp\/v2\/product\/18422\/revisions"}],"predecessor-version":[{"id":18424,"href":"https:\/\/inspital.com\/es\/wp-json\/wp\/v2\/product\/18422\/revisions\/18424"}],"wp:featuredmedia":[{"embeddable":true,"href":"https:\/\/inspital.com\/es\/wp-json\/wp\/v2\/media\/18423"}],"wp:attachment":[{"href":"https:\/\/inspital.com\/es\/wp-json\/wp\/v2\/media?parent=18422"}],"wp:term":[{"taxonomy":"product_brand","embeddable":true,"href":"https:\/\/inspital.com\/es\/wp-json\/wp\/v2\/product_brand?post=18422"},{"taxonomy":"product_cat","embeddable":true,"href":"https:\/\/inspital.com\/es\/wp-json\/wp\/v2\/product_cat?post=18422"},{"taxonomy":"product_tag","embeddable":true,"href":"https:\/\/inspital.com\/es\/wp-json\/wp\/v2\/product_tag?post=18422"}],"curies":[{"name":"wp","href":"https:\/\/api.w.org\/{rel}","templated":true}]}}