{"id":18414,"date":"2025-03-03T16:26:37","date_gmt":"2025-03-03T13:26:37","guid":{"rendered":"https:\/\/inspital.com\/product\/canula-de-aspiracion-plastico-at20-55\/"},"modified":"2026-03-06T12:46:47","modified_gmt":"2026-03-06T09:46:47","slug":"canula-de-aspiracion-plastico-at20-55","status":"publish","type":"product","link":"https:\/\/inspital.com\/es\/product\/canula-de-aspiracion-plastico-at20-55\/","title":{"rendered":"C\u00e1nula de aspiraci\u00f3n, pl\u00e1stico AT20.55"},"content":{"rendered":"","protected":false},"excerpt":{"rendered":"<div class=\"detail\">\n<div class=\"cnt\">\n<p>No est\u00e9ril<\/p>\n<\/div>\n<\/div>\n","protected":false},"featured_media":18415,"template":"","meta":{"_acf_changed":false},"product_brand":[],"product_cat":[618,602,601,603,556,604,608,610,606,609,600,607,611],"product_tag":[],"class_list":{"0":"post-18414","1":"product","2":"type-product","3":"status-publish","4":"has-post-thumbnail","6":"product_cat-aspirador-de-secreciones-2","7":"product_cat-aspirador-de-secreciones","8":"product_cat-bombas-de-aspiracion-medicas","9":"product_cat-dispositivos-de-aspiracion-para-cuidados","10":"product_cat-empresas-de-tecnologia-medica","11":"product_cat-equipo-de-aspiracion","12":"product_cat-equipo-de-aspiracion-de-emergencia","13":"product_cat-equipo-de-aspiracion-medica","14":"product_cat-equipo-de-aspiracion-para-mucosidad","15":"product_cat-equipo-de-aspiracion-quirofano","16":"product_cat-equipos-de-aspiracion-quirurgica","17":"product_cat-filtro-para-equipo-de-aspiracion","18":"product_cat-unidad-de-aspiracion","20":"first","21":"instock","22":"taxable","23":"shipping-taxable","24":"purchasable","25":"product-type-simple"},"acf":[],"_links":{"self":[{"href":"https:\/\/inspital.com\/es\/wp-json\/wp\/v2\/product\/18414","targetHints":{"allow":["GET"]}}],"collection":[{"href":"https:\/\/inspital.com\/es\/wp-json\/wp\/v2\/product"}],"about":[{"href":"https:\/\/inspital.com\/es\/wp-json\/wp\/v2\/types\/product"}],"version-history":[{"count":1,"href":"https:\/\/inspital.com\/es\/wp-json\/wp\/v2\/product\/18414\/revisions"}],"predecessor-version":[{"id":18416,"href":"https:\/\/inspital.com\/es\/wp-json\/wp\/v2\/product\/18414\/revisions\/18416"}],"wp:featuredmedia":[{"embeddable":true,"href":"https:\/\/inspital.com\/es\/wp-json\/wp\/v2\/media\/18415"}],"wp:attachment":[{"href":"https:\/\/inspital.com\/es\/wp-json\/wp\/v2\/media?parent=18414"}],"wp:term":[{"taxonomy":"product_brand","embeddable":true,"href":"https:\/\/inspital.com\/es\/wp-json\/wp\/v2\/product_brand?post=18414"},{"taxonomy":"product_cat","embeddable":true,"href":"https:\/\/inspital.com\/es\/wp-json\/wp\/v2\/product_cat?post=18414"},{"taxonomy":"product_tag","embeddable":true,"href":"https:\/\/inspital.com\/es\/wp-json\/wp\/v2\/product_tag?post=18414"}],"curies":[{"name":"wp","href":"https:\/\/api.w.org\/{rel}","templated":true}]}}