{"id":18357,"date":"2025-03-12T12:04:48","date_gmt":"2025-03-12T09:04:48","guid":{"rendered":"https:\/\/inspital.com\/product\/imagenes-medicas-ld30-00\/"},"modified":"2026-03-06T12:37:30","modified_gmt":"2026-03-06T09:37:30","slug":"imagenes-medicas-ld30-00","status":"publish","type":"product","link":"https:\/\/inspital.com\/es\/product\/imagenes-medicas-ld30-00\/","title":{"rendered":"Im\u00e1genes m\u00e9dicas LD30.00"},"content":{"rendered":"","protected":false},"excerpt":{"rendered":"<div class=\"detail\">\n<div class=\"cnt\">\n<p><b>Dimensiones:<\/b> 262(L) X 172(A) X 120(H) mm<br \/>\nLa estaci\u00f3n de trabajo de im\u00e1genes m\u00e9dicas es un grabador de im\u00e1genes m\u00e9dicas avanzado. Cuenta con un monitor LCD de 4,3 pulgadas para una f\u00e1cil visualizaci\u00f3n. El sistema se configura r\u00e1pidamente y es f\u00e1cil de usar, ya que detecta autom\u00e1ticamente la conexi\u00f3n de v\u00eddeo.  <\/p>\n<\/div>\n<\/div>\n","protected":false},"featured_media":18358,"template":"","meta":{"_acf_changed":false},"product_brand":[],"product_cat":[556,573,599,571,569,564,572,616,570,575,566,576,577,562,563,574,657,632],"product_tag":[],"class_list":{"0":"post-18357","1":"product","2":"type-product","3":"status-publish","4":"has-post-thumbnail","6":"product_cat-empresas-de-tecnologia-medica","7":"product_cat-fabricante-de-lamparas-quirurgicas","8":"product_cat-fabricante-de-lamparas-quirurgicas-2","9":"product_cat-iluminacion-de-quirofano","10":"product_cat-iluminacion-quirurgica","11":"product_cat-lampara-de-exploracion","12":"product_cat-lampara-de-exploracion-led","13":"product_cat-lampara-de-quirofano-movil-3","14":"product_cat-lampara-de-quirofano-producto-sanitario","15":"product_cat-lampara-led-de-quirofano","16":"product_cat-lampara-quirurgica","17":"product_cat-lampara-quirurgica-de-montaje-en-pared","18":"product_cat-lamparas-quirurgicas-2","19":"product_cat-lamparas-quirurgicas","20":"product_cat-lamparas-quirurgicas-led","21":"product_cat-montaje-de-lamparas-quirurgicas","22":"product_cat-comprar-lampara-de-quirofano","23":"product_cat-luces-quirurgicas-sobre-la-mesa-de-operaciones","25":"first","26":"instock","27":"taxable","28":"shipping-taxable","29":"purchasable","30":"product-type-simple"},"acf":[],"_links":{"self":[{"href":"https:\/\/inspital.com\/es\/wp-json\/wp\/v2\/product\/18357","targetHints":{"allow":["GET"]}}],"collection":[{"href":"https:\/\/inspital.com\/es\/wp-json\/wp\/v2\/product"}],"about":[{"href":"https:\/\/inspital.com\/es\/wp-json\/wp\/v2\/types\/product"}],"version-history":[{"count":1,"href":"https:\/\/inspital.com\/es\/wp-json\/wp\/v2\/product\/18357\/revisions"}],"predecessor-version":[{"id":18359,"href":"https:\/\/inspital.com\/es\/wp-json\/wp\/v2\/product\/18357\/revisions\/18359"}],"wp:featuredmedia":[{"embeddable":true,"href":"https:\/\/inspital.com\/es\/wp-json\/wp\/v2\/media\/18358"}],"wp:attachment":[{"href":"https:\/\/inspital.com\/es\/wp-json\/wp\/v2\/media?parent=18357"}],"wp:term":[{"taxonomy":"product_brand","embeddable":true,"href":"https:\/\/inspital.com\/es\/wp-json\/wp\/v2\/product_brand?post=18357"},{"taxonomy":"product_cat","embeddable":true,"href":"https:\/\/inspital.com\/es\/wp-json\/wp\/v2\/product_cat?post=18357"},{"taxonomy":"product_tag","embeddable":true,"href":"https:\/\/inspital.com\/es\/wp-json\/wp\/v2\/product_tag?post=18357"}],"curies":[{"name":"wp","href":"https:\/\/api.w.org\/{rel}","templated":true}]}}