{"id":18338,"date":"2025-03-17T17:16:03","date_gmt":"2025-03-17T14:16:03","guid":{"rendered":"https:\/\/inspital.com\/product\/unidad-de-suministro-de-techo-con-articulacion-simple-fx40-10v\/"},"modified":"2026-03-06T12:34:15","modified_gmt":"2026-03-06T09:34:15","slug":"unidad-de-suministro-de-techo-con-articulacion-simple-fx40-10v","status":"publish","type":"product","link":"https:\/\/inspital.com\/es\/product\/unidad-de-suministro-de-techo-con-articulacion-simple-fx40-10v\/","title":{"rendered":"Unidad de suministro de techo con articulaci\u00f3n simple FX40.10V"},"content":{"rendered":"","protected":false},"excerpt":{"rendered":"<p>Este sistema de suministro m\u00e9dico de techo ha sido dise\u00f1ado para centros sanitarios que buscan soluciones econ\u00f3micas sin renunciar a la calidad. Combina la ingenier\u00eda alemana con una alta funcionalidad y es especialmente adecuado para \u00e1reas que requieren un suministro de medios fiable y eficiente con cargas medias. <\/p>\n","protected":false},"featured_media":18343,"template":"","meta":{"_acf_changed":false},"product_brand":[],"product_cat":[556,613,614,615,669],"product_tag":[],"class_list":{"0":"post-18338","1":"product","2":"type-product","3":"status-publish","4":"has-post-thumbnail","6":"product_cat-empresas-de-tecnologia-medica","7":"product_cat-unidades-de-suministro-de-techo","8":"product_cat-unidades-de-suministro-de-techo-para-quirofano","9":"product_cat-unidades-de-suministro-de-techo-quirurgicas","10":"product_cat-columna-de-techo-para-clinica","12":"first","13":"instock","14":"taxable","15":"shipping-taxable","16":"purchasable","17":"product-type-simple"},"acf":[],"_links":{"self":[{"href":"https:\/\/inspital.com\/es\/wp-json\/wp\/v2\/product\/18338","targetHints":{"allow":["GET"]}}],"collection":[{"href":"https:\/\/inspital.com\/es\/wp-json\/wp\/v2\/product"}],"about":[{"href":"https:\/\/inspital.com\/es\/wp-json\/wp\/v2\/types\/product"}],"version-history":[{"count":1,"href":"https:\/\/inspital.com\/es\/wp-json\/wp\/v2\/product\/18338\/revisions"}],"predecessor-version":[{"id":18344,"href":"https:\/\/inspital.com\/es\/wp-json\/wp\/v2\/product\/18338\/revisions\/18344"}],"wp:featuredmedia":[{"embeddable":true,"href":"https:\/\/inspital.com\/es\/wp-json\/wp\/v2\/media\/18343"}],"wp:attachment":[{"href":"https:\/\/inspital.com\/es\/wp-json\/wp\/v2\/media?parent=18338"}],"wp:term":[{"taxonomy":"product_brand","embeddable":true,"href":"https:\/\/inspital.com\/es\/wp-json\/wp\/v2\/product_brand?post=18338"},{"taxonomy":"product_cat","embeddable":true,"href":"https:\/\/inspital.com\/es\/wp-json\/wp\/v2\/product_cat?post=18338"},{"taxonomy":"product_tag","embeddable":true,"href":"https:\/\/inspital.com\/es\/wp-json\/wp\/v2\/product_tag?post=18338"}],"curies":[{"name":"wp","href":"https:\/\/api.w.org\/{rel}","templated":true}]}}