{"id":18335,"date":"2025-03-17T15:21:12","date_gmt":"2025-03-17T12:21:12","guid":{"rendered":"https:\/\/inspital.com\/product\/unidad-de-suministro-de-techo-motorizada-fx40-15m\/"},"modified":"2026-03-06T12:34:15","modified_gmt":"2026-03-06T09:34:15","slug":"unidad-de-suministro-de-techo-motorizada-fx40-15m","status":"publish","type":"product","link":"https:\/\/inspital.com\/es\/product\/unidad-de-suministro-de-techo-motorizada-fx40-15m\/","title":{"rendered":"Unidad de suministro de techo motorizada FX40.15M"},"content":{"rendered":"","protected":false},"excerpt":{"rendered":"<p>La funci\u00f3n motorizada mejora la accesibilidad y el transporte de equipos m\u00e9dicos. El brazo robusto ofrece altas capacidades de carga y garantiza un soporte fiable. <\/p>\n<p>Los sistemas de columnas de techo m\u00e9dicos son soluciones avanzadas dise\u00f1adas para optimizar los flujos de trabajo, mejorar la seguridad del paciente y garantizar la higiene en quir\u00f3fanos y unidades de cuidados intensivos.<\/p>\n","protected":false},"featured_media":18336,"template":"","meta":{"_acf_changed":false},"product_brand":[],"product_cat":[556,613,614,615,669],"product_tag":[],"class_list":{"0":"post-18335","1":"product","2":"type-product","3":"status-publish","4":"has-post-thumbnail","6":"product_cat-empresas-de-tecnologia-medica","7":"product_cat-unidades-de-suministro-de-techo","8":"product_cat-unidades-de-suministro-de-techo-para-quirofano","9":"product_cat-unidades-de-suministro-de-techo-quirurgicas","10":"product_cat-columna-de-techo-para-clinica","12":"first","13":"instock","14":"taxable","15":"shipping-taxable","16":"purchasable","17":"product-type-simple"},"acf":[],"_links":{"self":[{"href":"https:\/\/inspital.com\/es\/wp-json\/wp\/v2\/product\/18335","targetHints":{"allow":["GET"]}}],"collection":[{"href":"https:\/\/inspital.com\/es\/wp-json\/wp\/v2\/product"}],"about":[{"href":"https:\/\/inspital.com\/es\/wp-json\/wp\/v2\/types\/product"}],"version-history":[{"count":1,"href":"https:\/\/inspital.com\/es\/wp-json\/wp\/v2\/product\/18335\/revisions"}],"predecessor-version":[{"id":18337,"href":"https:\/\/inspital.com\/es\/wp-json\/wp\/v2\/product\/18335\/revisions\/18337"}],"wp:featuredmedia":[{"embeddable":true,"href":"https:\/\/inspital.com\/es\/wp-json\/wp\/v2\/media\/18336"}],"wp:attachment":[{"href":"https:\/\/inspital.com\/es\/wp-json\/wp\/v2\/media?parent=18335"}],"wp:term":[{"taxonomy":"product_brand","embeddable":true,"href":"https:\/\/inspital.com\/es\/wp-json\/wp\/v2\/product_brand?post=18335"},{"taxonomy":"product_cat","embeddable":true,"href":"https:\/\/inspital.com\/es\/wp-json\/wp\/v2\/product_cat?post=18335"},{"taxonomy":"product_tag","embeddable":true,"href":"https:\/\/inspital.com\/es\/wp-json\/wp\/v2\/product_tag?post=18335"}],"curies":[{"name":"wp","href":"https:\/\/api.w.org\/{rel}","templated":true}]}}