{"id":18329,"date":"2025-04-03T15:46:17","date_gmt":"2025-04-03T12:46:17","guid":{"rendered":"https:\/\/inspital.com\/product\/lampara-de-exploracion-led-tipo-de-rail-lp10-05\/"},"modified":"2026-03-06T12:32:38","modified_gmt":"2026-03-06T09:32:38","slug":"lampara-de-exploracion-led-tipo-de-rail-lp10-05","status":"publish","type":"product","link":"https:\/\/inspital.com\/es\/product\/lampara-de-exploracion-led-tipo-de-rail-lp10-05\/","title":{"rendered":"L\u00e1mpara de exploraci\u00f3n LED, tipo de ra\u00edl LP10.05"},"content":{"rendered":"","protected":false},"excerpt":{"rendered":"<div class=\"detail\">\n<div class=\"cnt\">\n<p>Las l\u00e1mparas quir\u00fargicas LED INSPITAL cumplen todos los requisitos de iluminaci\u00f3n quir\u00fargica de los quir\u00f3fanos. La tecnolog\u00eda LED de nueva generaci\u00f3n ayuda a los cirujanos a trabajar y ver con claridad el campo operatorio. Las l\u00e1mparas LED INSPITAL se pueden adaptar a quir\u00f3fanos de cualquier tama\u00f1o, incluidos los grandes de tipo h\u00edbrido, con una amplia variedad de modelos y combinaciones. <\/p>\n<\/div>\n<\/div>\n","protected":false},"featured_media":18333,"template":"","meta":{"_acf_changed":false},"product_brand":[],"product_cat":[556,573,599,571,569,564,572,616,570,575,566,576,577,562,563,574,657,632],"product_tag":[],"class_list":{"0":"post-18329","1":"product","2":"type-product","3":"status-publish","4":"has-post-thumbnail","6":"product_cat-empresas-de-tecnologia-medica","7":"product_cat-fabricante-de-lamparas-quirurgicas","8":"product_cat-fabricante-de-lamparas-quirurgicas-2","9":"product_cat-iluminacion-de-quirofano","10":"product_cat-iluminacion-quirurgica","11":"product_cat-lampara-de-exploracion","12":"product_cat-lampara-de-exploracion-led","13":"product_cat-lampara-de-quirofano-movil-3","14":"product_cat-lampara-de-quirofano-producto-sanitario","15":"product_cat-lampara-led-de-quirofano","16":"product_cat-lampara-quirurgica","17":"product_cat-lampara-quirurgica-de-montaje-en-pared","18":"product_cat-lamparas-quirurgicas-2","19":"product_cat-lamparas-quirurgicas","20":"product_cat-lamparas-quirurgicas-led","21":"product_cat-montaje-de-lamparas-quirurgicas","22":"product_cat-comprar-lampara-de-quirofano","23":"product_cat-luces-quirurgicas-sobre-la-mesa-de-operaciones","25":"first","26":"instock","27":"taxable","28":"shipping-taxable","29":"purchasable","30":"product-type-simple"},"acf":[],"_links":{"self":[{"href":"https:\/\/inspital.com\/es\/wp-json\/wp\/v2\/product\/18329","targetHints":{"allow":["GET"]}}],"collection":[{"href":"https:\/\/inspital.com\/es\/wp-json\/wp\/v2\/product"}],"about":[{"href":"https:\/\/inspital.com\/es\/wp-json\/wp\/v2\/types\/product"}],"version-history":[{"count":1,"href":"https:\/\/inspital.com\/es\/wp-json\/wp\/v2\/product\/18329\/revisions"}],"predecessor-version":[{"id":18334,"href":"https:\/\/inspital.com\/es\/wp-json\/wp\/v2\/product\/18329\/revisions\/18334"}],"wp:featuredmedia":[{"embeddable":true,"href":"https:\/\/inspital.com\/es\/wp-json\/wp\/v2\/media\/18333"}],"wp:attachment":[{"href":"https:\/\/inspital.com\/es\/wp-json\/wp\/v2\/media?parent=18329"}],"wp:term":[{"taxonomy":"product_brand","embeddable":true,"href":"https:\/\/inspital.com\/es\/wp-json\/wp\/v2\/product_brand?post=18329"},{"taxonomy":"product_cat","embeddable":true,"href":"https:\/\/inspital.com\/es\/wp-json\/wp\/v2\/product_cat?post=18329"},{"taxonomy":"product_tag","embeddable":true,"href":"https:\/\/inspital.com\/es\/wp-json\/wp\/v2\/product_tag?post=18329"}],"curies":[{"name":"wp","href":"https:\/\/api.w.org\/{rel}","templated":true}]}}