{"id":18325,"date":"2025-03-17T17:59:11","date_gmt":"2025-03-17T14:59:11","guid":{"rendered":"https:\/\/inspital.com\/product\/unidad-de-suministro-de-techo-con-doble-articulacion-fx40-20d\/"},"modified":"2026-03-06T12:32:37","modified_gmt":"2026-03-06T09:32:37","slug":"unidad-de-suministro-de-techo-con-doble-articulacion-fx40-20d","status":"publish","type":"product","link":"https:\/\/inspital.com\/es\/product\/unidad-de-suministro-de-techo-con-doble-articulacion-fx40-20d\/","title":{"rendered":"Unidad de suministro de techo con doble articulaci\u00f3n FX40.20D"},"content":{"rendered":"","protected":false},"excerpt":{"rendered":"<p>Este sistema m\u00e9dico de suministro de techo de doble brazo ha sido dise\u00f1ado para centros sanitarios que buscan soluciones econ\u00f3micas sin renunciar a la calidad. Combina la ingenier\u00eda alemana con una alta funcionalidad y es especialmente adecuado para \u00e1reas donde se requiere un suministro de medios fiable y eficiente con una carga media. <\/p>\n","protected":false},"featured_media":18327,"template":"","meta":{"_acf_changed":false},"product_brand":[],"product_cat":[556,613,614,615,669],"product_tag":[],"class_list":{"0":"post-18325","1":"product","2":"type-product","3":"status-publish","4":"has-post-thumbnail","6":"product_cat-empresas-de-tecnologia-medica","7":"product_cat-unidades-de-suministro-de-techo","8":"product_cat-unidades-de-suministro-de-techo-para-quirofano","9":"product_cat-unidades-de-suministro-de-techo-quirurgicas","10":"product_cat-columna-de-techo-para-clinica","12":"first","13":"instock","14":"taxable","15":"shipping-taxable","16":"purchasable","17":"product-type-simple"},"acf":[],"_links":{"self":[{"href":"https:\/\/inspital.com\/es\/wp-json\/wp\/v2\/product\/18325","targetHints":{"allow":["GET"]}}],"collection":[{"href":"https:\/\/inspital.com\/es\/wp-json\/wp\/v2\/product"}],"about":[{"href":"https:\/\/inspital.com\/es\/wp-json\/wp\/v2\/types\/product"}],"version-history":[{"count":1,"href":"https:\/\/inspital.com\/es\/wp-json\/wp\/v2\/product\/18325\/revisions"}],"predecessor-version":[{"id":18328,"href":"https:\/\/inspital.com\/es\/wp-json\/wp\/v2\/product\/18325\/revisions\/18328"}],"wp:featuredmedia":[{"embeddable":true,"href":"https:\/\/inspital.com\/es\/wp-json\/wp\/v2\/media\/18327"}],"wp:attachment":[{"href":"https:\/\/inspital.com\/es\/wp-json\/wp\/v2\/media?parent=18325"}],"wp:term":[{"taxonomy":"product_brand","embeddable":true,"href":"https:\/\/inspital.com\/es\/wp-json\/wp\/v2\/product_brand?post=18325"},{"taxonomy":"product_cat","embeddable":true,"href":"https:\/\/inspital.com\/es\/wp-json\/wp\/v2\/product_cat?post=18325"},{"taxonomy":"product_tag","embeddable":true,"href":"https:\/\/inspital.com\/es\/wp-json\/wp\/v2\/product_tag?post=18325"}],"curies":[{"name":"wp","href":"https:\/\/api.w.org\/{rel}","templated":true}]}}