{"id":18244,"date":"2025-04-30T15:30:06","date_gmt":"2025-04-30T12:30:06","guid":{"rendered":"https:\/\/inspital.com\/product\/colgante-de-techo-para-unidad-de-cuidados-intensivos-fx40-15d\/"},"modified":"2026-03-06T12:15:14","modified_gmt":"2026-03-06T09:15:14","slug":"colgante-de-techo-para-unidad-de-cuidados-intensivos-fx40-15d","status":"publish","type":"product","link":"https:\/\/inspital.com\/es\/product\/colgante-de-techo-para-unidad-de-cuidados-intensivos-fx40-15d\/","title":{"rendered":"Colgante de techo para Unidad de Cuidados Intensivos FX40.15D"},"content":{"rendered":"","protected":false},"excerpt":{"rendered":"<p>Este sistema m\u00e9dico de suministro de techo de doble brazo ha sido dise\u00f1ado para centros sanitarios que buscan soluciones econ\u00f3micas sin renunciar a la calidad. Combina la ingenier\u00eda alemana con una alta funcionalidad y es especialmente adecuado para \u00e1reas donde se requiere un suministro de medios fiable y eficiente con una carga media. <\/p>\n","protected":false},"featured_media":18246,"template":"","meta":{"_acf_changed":false},"product_brand":[],"product_cat":[556,613,614,615,669],"product_tag":[],"class_list":{"0":"post-18244","1":"product","2":"type-product","3":"status-publish","4":"has-post-thumbnail","6":"product_cat-empresas-de-tecnologia-medica","7":"product_cat-unidades-de-suministro-de-techo","8":"product_cat-unidades-de-suministro-de-techo-para-quirofano","9":"product_cat-unidades-de-suministro-de-techo-quirurgicas","10":"product_cat-columna-de-techo-para-clinica","12":"first","13":"instock","14":"taxable","15":"shipping-taxable","16":"purchasable","17":"product-type-simple"},"acf":[],"_links":{"self":[{"href":"https:\/\/inspital.com\/es\/wp-json\/wp\/v2\/product\/18244","targetHints":{"allow":["GET"]}}],"collection":[{"href":"https:\/\/inspital.com\/es\/wp-json\/wp\/v2\/product"}],"about":[{"href":"https:\/\/inspital.com\/es\/wp-json\/wp\/v2\/types\/product"}],"version-history":[{"count":1,"href":"https:\/\/inspital.com\/es\/wp-json\/wp\/v2\/product\/18244\/revisions"}],"predecessor-version":[{"id":18247,"href":"https:\/\/inspital.com\/es\/wp-json\/wp\/v2\/product\/18244\/revisions\/18247"}],"wp:featuredmedia":[{"embeddable":true,"href":"https:\/\/inspital.com\/es\/wp-json\/wp\/v2\/media\/18246"}],"wp:attachment":[{"href":"https:\/\/inspital.com\/es\/wp-json\/wp\/v2\/media?parent=18244"}],"wp:term":[{"taxonomy":"product_brand","embeddable":true,"href":"https:\/\/inspital.com\/es\/wp-json\/wp\/v2\/product_brand?post=18244"},{"taxonomy":"product_cat","embeddable":true,"href":"https:\/\/inspital.com\/es\/wp-json\/wp\/v2\/product_cat?post=18244"},{"taxonomy":"product_tag","embeddable":true,"href":"https:\/\/inspital.com\/es\/wp-json\/wp\/v2\/product_tag?post=18244"}],"curies":[{"name":"wp","href":"https:\/\/api.w.org\/{rel}","templated":true}]}}