{"id":18220,"date":"2025-05-08T10:16:11","date_gmt":"2025-05-08T07:16:11","guid":{"rendered":"https:\/\/inspital.com\/product\/aro-de-cabeza-de-gel-pediatrico-ot60-51\/"},"modified":"2026-04-10T12:15:56","modified_gmt":"2026-04-10T09:15:56","slug":"aro-de-cabeza-de-gel-pediatrico-ot60-51","status":"publish","type":"product","link":"https:\/\/inspital.com\/es\/product\/aro-de-cabeza-de-gel-pediatrico-ot60-51\/","title":{"rendered":"Aro de cabeza de gel, pedi\u00e1trico OT60.51"},"content":{"rendered":"","protected":false},"excerpt":{"rendered":"<div class=\"detail\">\n<div class=\"cnt\">\n<div class=\"detail\">\n<div class=\"cnt\">\n<div class=\"detail\">\n<div class=\"cnt\">\n<div class=\"detail\">\n<div class=\"cnt\">\n<p>Profilaxis de \u00falceras por presi\u00f3n durante la cirug\u00eda<\/p>\n<p>Ayudas de posicionamiento vers\u00e1tiles para colocar correctamente a los pacientes en el quir\u00f3fano y reducir las presiones.<\/p>\n<\/div>\n<\/div>\n<\/div>\n<\/div>\n<\/div>\n<\/div>\n<\/div>\n<\/div>\n","protected":false},"featured_media":18221,"template":"","meta":{"_acf_changed":false},"product_brand":[],"product_cat":[582,592,593,583,591,587,556,589,585,581,579,580,578,588,584,590,586,665,661,653,639,643],"product_tag":[],"class_list":{"0":"post-18220","1":"product","2":"type-product","3":"status-publish","4":"has-post-thumbnail","6":"product_cat-accesorios-para-mesa-de-operaciones","7":"product_cat-almohadillas-de-gel","8":"product_cat-cojines-de-gel","9":"product_cat-colchonetas-para-mesa-de-operaciones","10":"product_cat-comprar-mesa-de-operaciones-2","11":"product_cat-comprar-mesa-de-operaciones","12":"product_cat-empresas-de-tecnologia-medica","13":"product_cat-estructura-de-la-mesa-de-quirofano","14":"product_cat-instrumentos-para-mesa-de-operaciones","15":"product_cat-los-accesorios-para-mesas-de-operaciones","16":"product_cat-mesa-de-operaciones","17":"product_cat-mesa-de-operaciones-movil","18":"product_cat-mesa-de-quirofano","19":"product_cat-posicionamiento-de-la-mesa-de-operaciones","20":"product_cat-posicionamiento-en-mesa-quirurgica","21":"product_cat-preparar-la-mesa-de-quirofano","22":"product_cat-sistemas-de-mesas-de-quirofano","23":"product_cat-accesorios-de-posicionamiento-para-mesas-de-operaciones","24":"product_cat-fabricante-de-mesas-de-operaciones","25":"product_cat-imagenes-de-mesa-de-operaciones","26":"product_cat-mesa-de-operaciones-para-pacientes","27":"product_cat-mesa-de-quirofano-hospitalaria","29":"first","30":"instock","31":"taxable","32":"shipping-taxable","33":"purchasable","34":"product-type-simple"},"acf":{"seo_title_01":"","seo_text_01":""},"_links":{"self":[{"href":"https:\/\/inspital.com\/es\/wp-json\/wp\/v2\/product\/18220","targetHints":{"allow":["GET"]}}],"collection":[{"href":"https:\/\/inspital.com\/es\/wp-json\/wp\/v2\/product"}],"about":[{"href":"https:\/\/inspital.com\/es\/wp-json\/wp\/v2\/types\/product"}],"version-history":[{"count":1,"href":"https:\/\/inspital.com\/es\/wp-json\/wp\/v2\/product\/18220\/revisions"}],"predecessor-version":[{"id":18222,"href":"https:\/\/inspital.com\/es\/wp-json\/wp\/v2\/product\/18220\/revisions\/18222"}],"wp:featuredmedia":[{"embeddable":true,"href":"https:\/\/inspital.com\/es\/wp-json\/wp\/v2\/media\/18221"}],"wp:attachment":[{"href":"https:\/\/inspital.com\/es\/wp-json\/wp\/v2\/media?parent=18220"}],"wp:term":[{"taxonomy":"product_brand","embeddable":true,"href":"https:\/\/inspital.com\/es\/wp-json\/wp\/v2\/product_brand?post=18220"},{"taxonomy":"product_cat","embeddable":true,"href":"https:\/\/inspital.com\/es\/wp-json\/wp\/v2\/product_cat?post=18220"},{"taxonomy":"product_tag","embeddable":true,"href":"https:\/\/inspital.com\/es\/wp-json\/wp\/v2\/product_tag?post=18220"}],"curies":[{"name":"wp","href":"https:\/\/api.w.org\/{rel}","templated":true}]}}