{"id":18211,"date":"2025-05-20T16:13:19","date_gmt":"2025-05-20T13:13:19","guid":{"rendered":"https:\/\/inspital.com\/product\/colchoneta-de-gel-para-mesa-de-operaciones-pediatrica-ot60-63\/"},"modified":"2026-04-10T12:15:55","modified_gmt":"2026-04-10T09:15:55","slug":"colchoneta-de-gel-para-mesa-de-operaciones-pediatrica-ot60-63","status":"publish","type":"product","link":"https:\/\/inspital.com\/es\/product\/colchoneta-de-gel-para-mesa-de-operaciones-pediatrica-ot60-63\/","title":{"rendered":"Colchoneta de gel para mesa de operaciones, pedi\u00e1trica OT60.63"},"content":{"rendered":"","protected":false},"excerpt":{"rendered":"<div class=\"detail\">\n<div class=\"cnt\">\n<div class=\"detail\">\n<div class=\"cnt\">\n<div class=\"detail\">\n<div class=\"cnt\">\n<div class=\"detail\">\n<div class=\"cnt\">\n<p>Profilaxis de \u00falceras por presi\u00f3n durante la cirug\u00eda<\/p>\n<p>Cojines de gel universales y vers\u00e1tiles para un posicionamiento seguro y un alivio eficaz de la presi\u00f3n durante las intervenciones quir\u00fargicas.<\/p>\n<\/div>\n<\/div>\n<\/div>\n<\/div>\n<\/div>\n<\/div>\n<\/div>\n<\/div>\n","protected":false},"featured_media":18212,"template":"","meta":{"_acf_changed":false},"product_brand":[],"product_cat":[582,592,593,594,595,587,591,556,589,585,581,579,580,578,590,586,661,653,639,643],"product_tag":[],"class_list":{"0":"post-18211","1":"product","2":"type-product","3":"status-publish","4":"has-post-thumbnail","6":"product_cat-accesorios-para-mesa-de-operaciones","7":"product_cat-almohadillas-de-gel","8":"product_cat-cojines-de-gel","9":"product_cat-colchoneta-para-mesa-de-operaciones","10":"product_cat-colchoneta-termica-para-mesa-de-quirofano","11":"product_cat-comprar-mesa-de-operaciones","12":"product_cat-comprar-mesa-de-operaciones-2","13":"product_cat-empresas-de-tecnologia-medica","14":"product_cat-estructura-de-la-mesa-de-quirofano","15":"product_cat-instrumentos-para-mesa-de-operaciones","16":"product_cat-los-accesorios-para-mesas-de-operaciones","17":"product_cat-mesa-de-operaciones","18":"product_cat-mesa-de-operaciones-movil","19":"product_cat-mesa-de-quirofano","20":"product_cat-preparar-la-mesa-de-quirofano","21":"product_cat-sistemas-de-mesas-de-quirofano","22":"product_cat-fabricante-de-mesas-de-operaciones","23":"product_cat-imagenes-de-mesa-de-operaciones","24":"product_cat-mesa-de-operaciones-para-pacientes","25":"product_cat-mesa-de-quirofano-hospitalaria","27":"first","28":"instock","29":"taxable","30":"shipping-taxable","31":"purchasable","32":"product-type-simple"},"acf":{"seo_title_01":"","seo_text_01":""},"_links":{"self":[{"href":"https:\/\/inspital.com\/es\/wp-json\/wp\/v2\/product\/18211","targetHints":{"allow":["GET"]}}],"collection":[{"href":"https:\/\/inspital.com\/es\/wp-json\/wp\/v2\/product"}],"about":[{"href":"https:\/\/inspital.com\/es\/wp-json\/wp\/v2\/types\/product"}],"version-history":[{"count":1,"href":"https:\/\/inspital.com\/es\/wp-json\/wp\/v2\/product\/18211\/revisions"}],"predecessor-version":[{"id":18213,"href":"https:\/\/inspital.com\/es\/wp-json\/wp\/v2\/product\/18211\/revisions\/18213"}],"wp:featuredmedia":[{"embeddable":true,"href":"https:\/\/inspital.com\/es\/wp-json\/wp\/v2\/media\/18212"}],"wp:attachment":[{"href":"https:\/\/inspital.com\/es\/wp-json\/wp\/v2\/media?parent=18211"}],"wp:term":[{"taxonomy":"product_brand","embeddable":true,"href":"https:\/\/inspital.com\/es\/wp-json\/wp\/v2\/product_brand?post=18211"},{"taxonomy":"product_cat","embeddable":true,"href":"https:\/\/inspital.com\/es\/wp-json\/wp\/v2\/product_cat?post=18211"},{"taxonomy":"product_tag","embeddable":true,"href":"https:\/\/inspital.com\/es\/wp-json\/wp\/v2\/product_tag?post=18211"}],"curies":[{"name":"wp","href":"https:\/\/api.w.org\/{rel}","templated":true}]}}