{"id":17648,"date":"2025-04-10T14:05:08","date_gmt":"2025-04-10T11:05:08","guid":{"rendered":"https:\/\/inspital.com\/aviso-legal\/"},"modified":"2026-03-05T13:13:27","modified_gmt":"2026-03-05T10:13:27","slug":"aviso-legal","status":"publish","type":"page","link":"https:\/\/inspital.com\/es\/aviso-legal\/","title":{"rendered":"Aviso legal"},"content":{"rendered":"\t\t<div data-elementor-type=\"wp-page\" data-elementor-id=\"17648\" class=\"elementor elementor-17648 elementor-6591\" data-elementor-post-type=\"page\">\n\t\t\t\t<div class=\"wd-negative-gap elementor-element elementor-element-08e0108 wd-section-stretch e-flex e-con-boxed e-con e-parent\" data-id=\"08e0108\" data-element_type=\"container\" data-e-type=\"container\" data-settings=\"{&quot;background_background&quot;:&quot;classic&quot;}\">\n\t\t\t\t\t<div class=\"e-con-inner\">\n\t\t<div class=\"elementor-element elementor-element-f54ba50 e-con-full e-flex e-con e-child\" data-id=\"f54ba50\" data-element_type=\"container\" data-e-type=\"container\">\n\t\t\t\t<div class=\"elementor-element elementor-element-28a7c7a elementor-widget elementor-widget-heading\" data-id=\"28a7c7a\" data-element_type=\"widget\" data-e-type=\"widget\" data-widget_type=\"heading.default\">\n\t\t\t\t<div class=\"elementor-widget-container\">\n\t\t\t\t\t<h1 class=\"elementor-heading-title elementor-size-default\">Aviso legal<\/h1>\t\t\t\t<\/div>\n\t\t\t\t<\/div>\n\t\t\t\t<div class=\"elementor-element elementor-element-7bc4ed4 wd-nowrap-md wd-el-breadcrumbs text-left elementor-widget elementor-widget-wd_wc_breadcrumb\" data-id=\"7bc4ed4\" data-element_type=\"widget\" data-e-type=\"widget\" data-widget_type=\"wd_wc_breadcrumb.default\">\n\t\t\t\t<div class=\"elementor-widget-container\">\n\t\t\t\t\t<nav class=\"wd-breadcrumbs woocommerce-breadcrumb\" aria-label=\"Breadcrumb\">\t\t\t\t<span class=\"wd-last\">\n\t\t\t\t\tInicio\t\t\t\t<\/span>\n\t\t\t<\/nav>\t\t\t\t<\/div>\n\t\t\t\t<\/div>\n\t\t\t\t<\/div>\n\t\t<div class=\"elementor-element elementor-element-ec2fe17 e-con-full elementor-hidden-mobile e-flex e-con e-child\" data-id=\"ec2fe17\" data-element_type=\"container\" data-e-type=\"container\">\n\t\t\t\t<div class=\"elementor-element elementor-element-6638c7e elementor-widget elementor-widget-image\" data-id=\"6638c7e\" data-element_type=\"widget\" data-e-type=\"widget\" data-widget_type=\"image.default\">\n\t\t\t\t<div class=\"elementor-widget-container\">\n\t\t\t\t\t\t\t\t\t\t\t\t\t\t\t<img loading=\"lazy\" decoding=\"async\" width=\"1024\" height=\"291\" src=\"https:\/\/inspital.com\/wp-content\/uploads\/2024\/03\/Benotigen-Sie-Hilfe-1024x291.png\" class=\"attachment-large size-large wp-image-17563\" alt=\"\" srcset=\"https:\/\/inspital.com\/wp-content\/uploads\/2024\/03\/Benotigen-Sie-Hilfe-1024x291.png 1024w, https:\/\/inspital.com\/wp-content\/uploads\/2024\/03\/Benotigen-Sie-Hilfe-300x85.png 300w, https:\/\/inspital.com\/wp-content\/uploads\/2024\/03\/Benotigen-Sie-Hilfe-768x218.png 768w, https:\/\/inspital.com\/wp-content\/uploads\/2024\/03\/Benotigen-Sie-Hilfe-1200x341.png 1200w, https:\/\/inspital.com\/wp-content\/uploads\/2024\/03\/Benotigen-Sie-Hilfe-150x43.png 150w, https:\/\/inspital.com\/wp-content\/uploads\/2024\/03\/Benotigen-Sie-Hilfe.png 1408w\" sizes=\"auto, (max-width: 1024px) 100vw, 1024px\" \/>\t\t\t\t\t\t\t\t\t\t\t\t\t\t\t<\/div>\n\t\t\t\t<\/div>\n\t\t\t\t<div class=\"elementor-element elementor-element-c7b83a9 elementor-widget elementor-widget-wd_text_block\" data-id=\"c7b83a9\" data-element_type=\"widget\" data-e-type=\"widget\" data-widget_type=\"wd_text_block.default\">\n\t\t\t\t<div class=\"elementor-widget-container\">\n\t\t\t\t\t\t\t<div class=\"wd-text-block reset-last-child text-left color-title color-scheme-dark\">\n\t\t\t\n\t\t\t<p>\u00bfNecesitas ayuda?<span style=\"font-size: 16px;\"><\/span><\/p>\n\t\t\t\t\t<\/div>\n\t\t\t\t\t\t<\/div>\n\t\t\t\t<\/div>\n\t\t\t\t<div class=\"elementor-element elementor-element-6176918 elementor-widget elementor-widget-button\" data-id=\"6176918\" data-element_type=\"widget\" data-e-type=\"widget\" data-widget_type=\"button.default\">\n\t\t\t\t<div class=\"elementor-widget-container\">\n\t\t\t\t\t\t\t\t\t<div class=\"elementor-button-wrapper\">\n\t\t\t\t\t<a class=\"elementor-button elementor-size-sm\" role=\"button\">\n\t\t\t\t\t\t<span class=\"elementor-button-content-wrapper\">\n\t\t\t\t\t\t<span class=\"elementor-button-icon\">\n\t\t\t\t<svg aria-hidden=\"true\" class=\"e-font-icon-svg e-fas-arrow-right\" viewBox=\"0 0 448 512\" xmlns=\"http:\/\/www.w3.org\/2000\/svg\"><path d=\"M190.5 66.9l22.2-22.2c9.4-9.4 24.6-9.4 33.9 0L441 239c9.4 9.4 9.4 24.6 0 33.9L246.6 467.3c-9.4 9.4-24.6 9.4-33.9 0l-22.2-22.2c-9.5-9.5-9.3-25 .4-34.3L311.4 296H24c-13.3 0-24-10.7-24-24v-32c0-13.3 10.7-24 24-24h287.4L190.9 101.2c-9.8-9.3-10-24.8-.4-34.3z\"><\/path><\/svg>\t\t\t<\/span>\n\t\t\t\t\t\t\t\t\t<span class=\"elementor-button-text\">M\u00e1s informaci\u00f3n<\/span>\n\t\t\t\t\t<\/span>\n\t\t\t\t\t<\/a>\n\t\t\t\t<\/div>\n\t\t\t\t\t\t\t\t<\/div>\n\t\t\t\t<\/div>\n\t\t\t\t<\/div>\n\t\t\t\t\t<\/div>\n\t\t\t\t<\/div>\n\t\t<div class=\"elementor-element elementor-element-54dc60d e-con-full e-flex e-con e-child\" data-id=\"54dc60d\" data-element_type=\"container\" data-e-type=\"container\">\n\t\t<div class=\"elementor-element elementor-element-ae8ff0e e-con-full e-flex e-con e-child\" data-id=\"ae8ff0e\" data-element_type=\"container\" data-e-type=\"container\" data-settings=\"{&quot;background_background&quot;:&quot;classic&quot;}\">\n\t\t\t\t<div class=\"elementor-element elementor-element-c23de8d color-scheme-inherit text-left elementor-widget elementor-widget-text-editor\" data-id=\"c23de8d\" data-element_type=\"widget\" data-e-type=\"widget\" data-widget_type=\"text-editor.default\">\n\t\t\t\t<div class=\"elementor-widget-container\">\n\t\t\t\t\t\t\t\t\t<h1>Aviso legal<\/h1>\n\n<p>Inspital Medical Technology GmbH<br>Mosel Str. 23<br>41464 Neuss<\/p>\n\n<p>Registro mercantil: HRB 86533<br>Tribunal de registro: Amtsgericht D\u00fcsseldorf<\/p>\n\n<p><strong>Representado por:<\/strong><br>Gerentes: <br>\u0130brahim Elis<br>Taha Beser<\/p>\n\n<h2>Contacto<\/h2>\n<p>Tel\u00e9fono: +49 2131 291 75 00<br>Correo electr\u00f3nico: info@inspital.com<\/p>\n\n<h2>NIF-IVA<\/h2>\n<p>N\u00famero de identificaci\u00f3n del impuesto sobre el valor a\u00f1adido seg\u00fan el art\u00edculo 27 a de la Ley del Impuesto sobre el Valor A\u00f1adido:<br>DE 324739636<\/p>\n\n<h2>Responsable editorial<\/h2>\n<p>Taha Beser, Mosel Str. 23 41464 Neuss<\/p>\n\n<h2>Resoluci\u00f3n de litigios de consumo\/Organismo de arbitraje universal<\/h2>\n<p>No estamos dispuestos ni obligados a participar en procedimientos de resoluci\u00f3n de litigios ante un organismo de arbitraje de consumo.<\/p>\n\nReferencias y enlaces\nEste sitio web puede contener hiperv\u00ednculos a sitios web de terceros. Inspital Medical Technology GmbH declara expresamente que, en el momento de establecer los enlaces, no se detectaron contenidos ilegales en las p\u00e1ginas enlazadas. Inspital Medical Technology GmbH no tiene influencia alguna sobre el dise\u00f1o actual y futuro, los contenidos o la autor\u00eda de las p\u00e1ginas enlazadas. Inspital Medical Technology no asume ninguna responsabilidad por los contenidos de estos sitios web ni los hace suyos, ya que Inspital Medical Technology GmbH no controla la informaci\u00f3n enlazada y no es responsable de los contenidos e informaciones all\u00ed facilitados. Su uso se realiza por cuenta y riesgo del usuario.    \n\nDerechos de autor y protecci\u00f3n de marcas\nTodos los derechos reservados. Todos los textos, im\u00e1genes, gr\u00e1ficos, archivos multimedia y el dise\u00f1o est\u00e1n sujetos a los derechos de autor y a las leyes de protecci\u00f3n de la propiedad intelectual. Cualquier uso posterior requiere el consentimiento expreso de Inspital Medical Technology GmbH.\nSi partes o formulaciones individuales de este texto no se ajustaran, dejaran de ajustarse o no se ajustaran completamente a la situaci\u00f3n jur\u00eddica vigente, el contenido y la validez de las partes restantes del documento no se ver\u00e1n afectados.  \t\t\t\t\t\t\t\t<\/div>\n\t\t\t\t<\/div>\n\t\t\t\t<\/div>\n\t\t\t\t<\/div>\n\t\t\t\t<\/div>\n\t\t","protected":false},"excerpt":{"rendered":"<p>Aviso legal Home \u00bfNecesitas ayuda? M\u00e1s informaci\u00f3n Aviso legal Inspital Medical Technology GmbHMosel Str. 2341464 Neuss Registro mercantil: HRB 86533Tribunal<\/p>\n","protected":false},"author":1,"featured_media":0,"parent":0,"menu_order":0,"comment_status":"closed","ping_status":"closed","template":"","meta":{"_acf_changed":false,"footnotes":""},"class_list":["post-17648","page","type-page","status-publish","hentry"],"acf":[],"_links":{"self":[{"href":"https:\/\/inspital.com\/es\/wp-json\/wp\/v2\/pages\/17648","targetHints":{"allow":["GET"]}}],"collection":[{"href":"https:\/\/inspital.com\/es\/wp-json\/wp\/v2\/pages"}],"about":[{"href":"https:\/\/inspital.com\/es\/wp-json\/wp\/v2\/types\/page"}],"author":[{"embeddable":true,"href":"https:\/\/inspital.com\/es\/wp-json\/wp\/v2\/users\/1"}],"replies":[{"embeddable":true,"href":"https:\/\/inspital.com\/es\/wp-json\/wp\/v2\/comments?post=17648"}],"version-history":[{"count":1,"href":"https:\/\/inspital.com\/es\/wp-json\/wp\/v2\/pages\/17648\/revisions"}],"predecessor-version":[{"id":17649,"href":"https:\/\/inspital.com\/es\/wp-json\/wp\/v2\/pages\/17648\/revisions\/17649"}],"wp:attachment":[{"href":"https:\/\/inspital.com\/es\/wp-json\/wp\/v2\/media?parent=17648"}],"curies":[{"name":"wp","href":"https:\/\/api.w.org\/{rel}","templated":true}]}}