{"id":9869,"date":"2025-04-30T15:24:42","date_gmt":"2025-04-30T12:24:42","guid":{"rendered":"https:\/\/inspital.com\/?post_type=product&#038;p=9869"},"modified":"2026-02-20T16:42:56","modified_gmt":"2026-02-20T13:42:56","slug":"pendel-deckenversorgungseinheit-fx40-05","status":"publish","type":"product","link":"https:\/\/inspital.com\/de\/produkt\/pendel-fx40-05\/","title":{"rendered":"Deckenversorgungseinheit ohne Arm FX40.05"},"content":{"rendered":"","protected":false},"excerpt":{"rendered":"<p>Diese medizinischen Deckenversorgungseinheiten mit hoher Traglast wurden f\u00fcr Gesundheitseinrichtungen entwickelt, die kosteneffiziente L\u00f6sungen suchen, ohne auf Qualit\u00e4t zu verzichten. Sie vereinen deutsche Ingenieurskunst mit hoher Funktionalit\u00e4t und sind ideal f\u00fcr Arbeitsumgebungen, in denen eine zuverl\u00e4ssige und leistungsstarke Medienversorgung erforderlich ist.<\/p>\n","protected":false},"featured_media":10245,"template":"","meta":{"_acf_changed":false},"product_brand":[],"product_cat":[91,224,222,476],"product_tag":[],"class_list":{"0":"post-9869","1":"product","2":"type-product","3":"status-publish","4":"has-post-thumbnail","6":"product_cat-deckenversorgungseinheiten","7":"product_cat-deckenversorgungseinheiten-chirurgie","8":"product_cat-deckenversorgungseinheiten-op","9":"product_cat-firmen-fuer-medizintechnik","11":"first","12":"instock","13":"taxable","14":"shipping-taxable","15":"purchasable","16":"product-type-simple"},"acf":[],"_links":{"self":[{"href":"https:\/\/inspital.com\/de\/wp-json\/wp\/v2\/product\/9869","targetHints":{"allow":["GET"]}}],"collection":[{"href":"https:\/\/inspital.com\/de\/wp-json\/wp\/v2\/product"}],"about":[{"href":"https:\/\/inspital.com\/de\/wp-json\/wp\/v2\/types\/product"}],"version-history":[{"count":4,"href":"https:\/\/inspital.com\/de\/wp-json\/wp\/v2\/product\/9869\/revisions"}],"predecessor-version":[{"id":15276,"href":"https:\/\/inspital.com\/de\/wp-json\/wp\/v2\/product\/9869\/revisions\/15276"}],"wp:featuredmedia":[{"embeddable":true,"href":"https:\/\/inspital.com\/de\/wp-json\/wp\/v2\/media\/10245"}],"wp:attachment":[{"href":"https:\/\/inspital.com\/de\/wp-json\/wp\/v2\/media?parent=9869"}],"wp:term":[{"taxonomy":"product_brand","embeddable":true,"href":"https:\/\/inspital.com\/de\/wp-json\/wp\/v2\/product_brand?post=9869"},{"taxonomy":"product_cat","embeddable":true,"href":"https:\/\/inspital.com\/de\/wp-json\/wp\/v2\/product_cat?post=9869"},{"taxonomy":"product_tag","embeddable":true,"href":"https:\/\/inspital.com\/de\/wp-json\/wp\/v2\/product_tag?post=9869"}],"curies":[{"name":"wp","href":"https:\/\/api.w.org\/{rel}","templated":true}]}}