{"id":5997,"date":"2025-04-04T10:42:46","date_gmt":"2025-04-04T07:42:46","guid":{"rendered":"https:\/\/inspital.com\/?post_type=product&#038;p=5997"},"modified":"2026-02-20T16:43:01","modified_gmt":"2026-02-20T13:43:01","slug":"deckenversorgungseinheit-fx40-10s","status":"publish","type":"product","link":"https:\/\/inspital.com\/de\/produkt\/pendel\/","title":{"rendered":"Deckenversorgungseinheit mit Einfachem Gelenk FX40.10S"},"content":{"rendered":"","protected":false},"excerpt":{"rendered":"<p>Dieses medizinische Deckenversorgungssystem wurde f\u00fcr Gesundheitseinrichtungen entwickelt, die nach wirtschaftlichen L\u00f6sungen suchen, ohne dabei auf Qualit\u00e4t zu verzichten. Es verbindet deutsche Ingenieurskunst mit hoher Funktionalit\u00e4t und eignet sich besonders f\u00fcr Bereiche, in denen eine zuverl\u00e4ssige und effiziente Medienversorgung bei mittlerer Belastung erforderlich ist.<\/p>\n","protected":false},"featured_media":11280,"template":"","meta":{"_acf_changed":false},"product_brand":[],"product_cat":[91,224,222,476],"product_tag":[],"class_list":{"0":"post-5997","1":"product","2":"type-product","3":"status-publish","4":"has-post-thumbnail","6":"product_cat-deckenversorgungseinheiten","7":"product_cat-deckenversorgungseinheiten-chirurgie","8":"product_cat-deckenversorgungseinheiten-op","9":"product_cat-firmen-fuer-medizintechnik","11":"first","12":"instock","13":"taxable","14":"shipping-taxable","15":"purchasable","16":"product-type-simple"},"acf":[],"_links":{"self":[{"href":"https:\/\/inspital.com\/de\/wp-json\/wp\/v2\/product\/5997","targetHints":{"allow":["GET"]}}],"collection":[{"href":"https:\/\/inspital.com\/de\/wp-json\/wp\/v2\/product"}],"about":[{"href":"https:\/\/inspital.com\/de\/wp-json\/wp\/v2\/types\/product"}],"version-history":[{"count":4,"href":"https:\/\/inspital.com\/de\/wp-json\/wp\/v2\/product\/5997\/revisions"}],"predecessor-version":[{"id":15285,"href":"https:\/\/inspital.com\/de\/wp-json\/wp\/v2\/product\/5997\/revisions\/15285"}],"wp:featuredmedia":[{"embeddable":true,"href":"https:\/\/inspital.com\/de\/wp-json\/wp\/v2\/media\/11280"}],"wp:attachment":[{"href":"https:\/\/inspital.com\/de\/wp-json\/wp\/v2\/media?parent=5997"}],"wp:term":[{"taxonomy":"product_brand","embeddable":true,"href":"https:\/\/inspital.com\/de\/wp-json\/wp\/v2\/product_brand?post=5997"},{"taxonomy":"product_cat","embeddable":true,"href":"https:\/\/inspital.com\/de\/wp-json\/wp\/v2\/product_cat?post=5997"},{"taxonomy":"product_tag","embeddable":true,"href":"https:\/\/inspital.com\/de\/wp-json\/wp\/v2\/product_tag?post=5997"}],"curies":[{"name":"wp","href":"https:\/\/api.w.org\/{rel}","templated":true}]}}