{"id":4868,"date":"2025-03-17T15:21:12","date_gmt":"2025-03-17T12:21:12","guid":{"rendered":"https:\/\/inspital.com\/?post_type=product&#038;p=4868"},"modified":"2026-02-20T16:43:04","modified_gmt":"2026-02-20T13:43:04","slug":"robustes-motorisiertes-pendel","status":"publish","type":"product","link":"https:\/\/inspital.com\/de\/produkt\/robustes-motorisiertes-pendel\/","title":{"rendered":"Motorisierte Deckenversorgungseinheit FX40.15M"},"content":{"rendered":"","protected":false},"excerpt":{"rendered":"<p>Die motorisierte Funktion verbessert die Zug\u00e4nglichkeit und den Transport von medizinischen Ger\u00e4ten. Der robuste Arm bietet hohe Tragf\u00e4higkeiten und gew\u00e4hrleistet zuverl\u00e4ssige Unterst\u00fctzung.<\/p>\n<p>Medizinische Pendelsysteme sind fortschrittliche L\u00f6sungen, die entwickelt wurden, um Arbeitsabl\u00e4ufe zu optimieren, die Patientensicherheit zu verbessern und die Hygiene in Operationss\u00e4len und Intensivstationen zu gew\u00e4hrleisten.<\/p>\n","protected":false},"featured_media":4869,"template":"","meta":{"_acf_changed":false},"product_brand":[],"product_cat":[91,224,222,476],"product_tag":[],"class_list":{"0":"post-4868","1":"product","2":"type-product","3":"status-publish","4":"has-post-thumbnail","6":"product_cat-deckenversorgungseinheiten","7":"product_cat-deckenversorgungseinheiten-chirurgie","8":"product_cat-deckenversorgungseinheiten-op","9":"product_cat-firmen-fuer-medizintechnik","11":"first","12":"instock","13":"taxable","14":"shipping-taxable","15":"purchasable","16":"product-type-simple"},"acf":[],"_links":{"self":[{"href":"https:\/\/inspital.com\/de\/wp-json\/wp\/v2\/product\/4868","targetHints":{"allow":["GET"]}}],"collection":[{"href":"https:\/\/inspital.com\/de\/wp-json\/wp\/v2\/product"}],"about":[{"href":"https:\/\/inspital.com\/de\/wp-json\/wp\/v2\/types\/product"}],"version-history":[{"count":6,"href":"https:\/\/inspital.com\/de\/wp-json\/wp\/v2\/product\/4868\/revisions"}],"predecessor-version":[{"id":15289,"href":"https:\/\/inspital.com\/de\/wp-json\/wp\/v2\/product\/4868\/revisions\/15289"}],"wp:featuredmedia":[{"embeddable":true,"href":"https:\/\/inspital.com\/de\/wp-json\/wp\/v2\/media\/4869"}],"wp:attachment":[{"href":"https:\/\/inspital.com\/de\/wp-json\/wp\/v2\/media?parent=4868"}],"wp:term":[{"taxonomy":"product_brand","embeddable":true,"href":"https:\/\/inspital.com\/de\/wp-json\/wp\/v2\/product_brand?post=4868"},{"taxonomy":"product_cat","embeddable":true,"href":"https:\/\/inspital.com\/de\/wp-json\/wp\/v2\/product_cat?post=4868"},{"taxonomy":"product_tag","embeddable":true,"href":"https:\/\/inspital.com\/de\/wp-json\/wp\/v2\/product_tag?post=4868"}],"curies":[{"name":"wp","href":"https:\/\/api.w.org\/{rel}","templated":true}]}}