{"id":3455,"date":"2025-03-03T16:23:27","date_gmt":"2025-03-03T13:23:27","guid":{"rendered":"https:\/\/inspital.com\/?post_type=product&#038;p=3455"},"modified":"2026-02-20T16:48:01","modified_gmt":"2026-02-20T13:48:01","slug":"kapkon-verbindungsstueck-at20-53","status":"publish","type":"product","link":"https:\/\/inspital.com\/de\/produkt\/kapkon-verbindungsstueck-at20-53\/","title":{"rendered":"Kapkon Verbindungsst\u00fcck AT20.53"},"content":{"rendered":"","protected":false},"excerpt":{"rendered":"<p>Das Kapkon-Verbindungsst\u00fcck AT20.53 von INSPITAL sorgt f\u00fcr sichere Verbindung zwischen Absaugger\u00e4ten und Zubeh\u00f6r. Es gew\u00e4hrleistet zuverl\u00e4ssige Funktion und stabile Handhabung w\u00e4hrend chirurgischer Eingriffe. Durch seine kompakte Bauweise eignet es sich ideal f\u00fcr den Einsatz im OP und in medizinischen Einrichtungen.<\/p>\n","protected":false},"featured_media":3456,"template":"","meta":{"_acf_changed":false},"product_brand":[],"product_cat":[302,270,278,274,284,286,234,226,32,476,288,276,230],"product_tag":[],"class_list":{"0":"post-3455","1":"product","2":"type-product","3":"status-publish","4":"has-post-thumbnail","6":"product_cat-absaugeinheit","7":"product_cat-absauggeraet","8":"product_cat-absauggeraet-filter","9":"product_cat-absauggeraet-fuer-schleim","10":"product_cat-absauggeraet-notfall","11":"product_cat-absauggeraet-op","12":"product_cat-absauggeraete-pflege","13":"product_cat-absaugpumpen-medizin","14":"product_cat-chirurgische-absauggeraete","15":"product_cat-firmen-fuer-medizintechnik","16":"product_cat-medizinisches-absauggeraet","17":"product_cat-sekret-absauggeraet","18":"product_cat-sekretsauger","20":"first","21":"instock","22":"taxable","23":"shipping-taxable","24":"purchasable","25":"product-type-simple"},"acf":[],"_links":{"self":[{"href":"https:\/\/inspital.com\/de\/wp-json\/wp\/v2\/product\/3455","targetHints":{"allow":["GET"]}}],"collection":[{"href":"https:\/\/inspital.com\/de\/wp-json\/wp\/v2\/product"}],"about":[{"href":"https:\/\/inspital.com\/de\/wp-json\/wp\/v2\/types\/product"}],"version-history":[{"count":5,"href":"https:\/\/inspital.com\/de\/wp-json\/wp\/v2\/product\/3455\/revisions"}],"predecessor-version":[{"id":14853,"href":"https:\/\/inspital.com\/de\/wp-json\/wp\/v2\/product\/3455\/revisions\/14853"}],"wp:featuredmedia":[{"embeddable":true,"href":"https:\/\/inspital.com\/de\/wp-json\/wp\/v2\/media\/3456"}],"wp:attachment":[{"href":"https:\/\/inspital.com\/de\/wp-json\/wp\/v2\/media?parent=3455"}],"wp:term":[{"taxonomy":"product_brand","embeddable":true,"href":"https:\/\/inspital.com\/de\/wp-json\/wp\/v2\/product_brand?post=3455"},{"taxonomy":"product_cat","embeddable":true,"href":"https:\/\/inspital.com\/de\/wp-json\/wp\/v2\/product_cat?post=3455"},{"taxonomy":"product_tag","embeddable":true,"href":"https:\/\/inspital.com\/de\/wp-json\/wp\/v2\/product_tag?post=3455"}],"curies":[{"name":"wp","href":"https:\/\/api.w.org\/{rel}","templated":true}]}}