{"id":3415,"date":"2025-03-03T15:08:28","date_gmt":"2025-03-03T12:08:28","guid":{"rendered":"https:\/\/inspital.com\/?post_type=product&#038;p=3415"},"modified":"2026-02-20T16:48:03","modified_gmt":"2026-02-20T13:48:03","slug":"chirurgisches-absauggeraet-su60-10","status":"publish","type":"product","link":"https:\/\/inspital.com\/de\/produkt\/chirurgisches-absauggeraet-su6010\/","title":{"rendered":"Chirurgisches Absaugger\u00e4t SU60.10"},"content":{"rendered":"\t\t<div data-elementor-type=\"product-post\" data-elementor-id=\"3415\" class=\"elementor elementor-3415\" data-elementor-post-type=\"product\">\n\t\t\t\t<div class=\"elementor-element elementor-element-7f1446c e-con-full wd-section-stretch e-flex e-con e-parent\" data-id=\"7f1446c\" data-element_type=\"container\" data-e-type=\"container\">\n\t\t<div class=\"elementor-element elementor-element-8cf5209 e-con-full wd-section-stretch-content e-flex e-con e-child\" data-id=\"8cf5209\" data-element_type=\"container\" data-e-type=\"container\" data-settings=\"{&quot;background_background&quot;:&quot;classic&quot;}\">\n\t\t<div class=\"elementor-element elementor-element-8aca9f7 e-flex e-con-boxed e-con e-child\" data-id=\"8aca9f7\" data-element_type=\"container\" data-e-type=\"container\">\n\t\t\t\t\t<div class=\"e-con-inner\">\n\t\t\t\t<div class=\"elementor-element elementor-element-615b7ac wd-width-100 elementor-widget elementor-widget-wd_title\" data-id=\"615b7ac\" data-element_type=\"widget\" data-e-type=\"widget\" data-widget_type=\"wd_title.default\">\n\t\t\t\t<div class=\"elementor-widget-container\">\n\t\t\t\t\t\t\t<div class=\"title-wrapper wd-set-mb reset-last-child wd-title-color-white wd-title-style-default wd-title-size-default text-left\">\n\n\t\t\t\n\t\t\t<div class=\"liner-continer\">\n\t\t\t\t<h2 class=\"woodmart-title-container title wd-fontsize-l\">Die Highlights.<br \/>\n<\/h2> \n\t\t\t\t\t\t\t<\/div>\n\n\t\t\t\t\t<\/div>\n\t\t\t\t\t\t<\/div>\n\t\t\t\t<\/div>\n\t\t\t\t<div class=\"elementor-element elementor-element-e9eda40 elementor-hidden-mobile elementor-widget elementor-widget-wd_button\" data-id=\"e9eda40\" data-element_type=\"widget\" data-e-type=\"widget\" data-widget_type=\"wd_button.default\">\n\t\t\t\t<div class=\"elementor-widget-container\">\n\t\t\t\t\t\t\t<div class=\"wd-button-wrapper text-center\" >\n\t\t\t<a class=\"btn btn-style-default btn-shape-round btn-size-large btn-color-white btn-icon-pos-right\"  href=\"#\">\n\t\t\t\t<span class=\"wd-btn-text\" data-elementor-setting-key=\"text\">\n\t\t\t\t\tAngebot einholen\t\t\t\t<\/span>\n\n\t\t\t\t\t\t\t<\/a>\n\t\t<\/div>\n\t\t\t\t\t\t<\/div>\n\t\t\t\t<\/div>\n\t\t\t\t\t<\/div>\n\t\t\t\t<\/div>\n\t\t<div class=\"elementor-element elementor-element-c06d369 e-con-full e-flex e-con e-child\" data-id=\"c06d369\" data-element_type=\"container\" data-e-type=\"container\">\n\t\t\t\t<div class=\"elementor-element elementor-element-fc4121a elementor-widget elementor-widget-n-carousel\" data-id=\"fc4121a\" data-element_type=\"widget\" data-e-type=\"widget\" data-settings=\"{&quot;carousel_items&quot;:[{&quot;slide_title&quot;:&quot;Slide #1&quot;,&quot;_id&quot;:&quot;0d7a077&quot;},{&quot;slide_title&quot;:&quot;Slide #1&quot;,&quot;_id&quot;:&quot;4691987&quot;},{&quot;slide_title&quot;:&quot;Slide #1&quot;,&quot;_id&quot;:&quot;aeaf665&quot;}],&quot;slides_to_show&quot;:&quot;3&quot;,&quot;image_spacing_custom&quot;:{&quot;unit&quot;:&quot;px&quot;,&quot;size&quot;:30,&quot;sizes&quot;:[]},&quot;autoplay_speed&quot;:1500,&quot;speed&quot;:5000,&quot;slides_to_show_laptop&quot;:&quot;3&quot;,&quot;slides_to_show_tablet&quot;:&quot;2&quot;,&quot;slides_to_show_mobile&quot;:&quot;1&quot;,&quot;autoplay&quot;:&quot;yes&quot;,&quot;pause_on_hover&quot;:&quot;yes&quot;,&quot;pause_on_interaction&quot;:&quot;yes&quot;,&quot;infinite&quot;:&quot;yes&quot;,&quot;offset_sides&quot;:&quot;none&quot;,&quot;image_spacing_custom_laptop&quot;:{&quot;unit&quot;:&quot;px&quot;,&quot;size&quot;:&quot;&quot;,&quot;sizes&quot;:[]},&quot;image_spacing_custom_tablet&quot;:{&quot;unit&quot;:&quot;px&quot;,&quot;size&quot;:&quot;&quot;,&quot;sizes&quot;:[]},&quot;image_spacing_custom_mobile&quot;:{&quot;unit&quot;:&quot;px&quot;,&quot;size&quot;:&quot;&quot;,&quot;sizes&quot;:[]}}\" data-widget_type=\"nested-carousel.default\">\n\t\t\t\t<div class=\"elementor-widget-container\">\n\t\t\t\t\t\t\t<div class=\"e-n-carousel swiper\" role=\"region\" aria-roledescription=\"carousel\" aria-label=\"Karussell\" dir=\"ltr\">\n\t\t\t<div class=\"swiper-wrapper\" aria-live=\"off\">\n\t\t\t\t\t\t\t\t\t\t<div class=\"swiper-slide\" data-slide=\"1\" role=\"group\" aria-roledescription=\"slide\" aria-label=\"1 von 3\">\n\t\t\t\t\t\t\t<div class=\"wd-negative-gap elementor-element elementor-element-310ce21 e-flex e-con-boxed e-con e-child\" data-id=\"310ce21\" data-element_type=\"container\" data-e-type=\"container\">\n\t\t\t\t\t<div class=\"e-con-inner\">\n\t\t<div class=\"elementor-element elementor-element-68df334 e-con-full e-flex e-con e-child\" data-id=\"68df334\" data-element_type=\"container\" data-e-type=\"container\" data-settings=\"{&quot;background_background&quot;:&quot;classic&quot;}\">\n\t\t<div class=\"elementor-element elementor-element-67312c9 e-con-full e-flex e-con e-child\" data-id=\"67312c9\" data-element_type=\"container\" data-e-type=\"container\">\n\t\t\t\t<div class=\"elementor-element elementor-element-d975c9f wd-width-100 elementor-widget elementor-widget-wd_title\" data-id=\"d975c9f\" data-element_type=\"widget\" data-e-type=\"widget\" data-widget_type=\"wd_title.default\">\n\t\t\t\t<div class=\"elementor-widget-container\">\n\t\t\t\t\t\t\t<div class=\"title-wrapper wd-set-mb reset-last-child wd-title-color-black wd-title-style-default wd-title-size-default text-left\">\n\n\t\t\t\n\t\t\t<div class=\"liner-continer\">\n\t\t\t\t<h2 class=\"woodmart-title-container title wd-fontsize-l\">Leiser und vibrationsfreier Betrieb<\/h2> \n\t\t\t\t\t\t\t<\/div>\n\n\t\t\t\t\t\t\t<div class=\"title-after_title reset-last-child wd-fontsize-xs\">\n\t\t\t\t\t<p>Entwickelt f\u00fcr minimale Ger\u00e4usch- und Vibrationsentwicklung, um eine ruhige und konzentrierte OP-Umgebung f\u00fcr das medizinische Team und die Patienten zu gew\u00e4hrleisten.<\/p>\t\t\t\t<\/div>\n\t\t\t\t\t<\/div>\n\t\t\t\t\t\t<\/div>\n\t\t\t\t<\/div>\n\t\t\t\t<\/div>\n\t\t\t\t<\/div>\n\t\t\t\t\t<\/div>\n\t\t\t\t<\/div>\n\t\t\t\t\t\t\t\t<\/div>\n\t\t\t\t\t\t\t\t\t\t\t<div class=\"swiper-slide\" data-slide=\"2\" role=\"group\" aria-roledescription=\"slide\" aria-label=\"2 von 3\">\n\t\t\t\t\t\t\t<div class=\"wd-negative-gap elementor-element elementor-element-5126e3d e-flex e-con-boxed e-con e-child\" data-id=\"5126e3d\" data-element_type=\"container\" data-e-type=\"container\">\n\t\t\t\t\t<div class=\"e-con-inner\">\n\t\t<div class=\"elementor-element elementor-element-f00314f e-con-full e-flex e-con e-child\" data-id=\"f00314f\" data-element_type=\"container\" data-e-type=\"container\" data-settings=\"{&quot;background_background&quot;:&quot;classic&quot;}\">\n\t\t<div class=\"elementor-element elementor-element-9d7167e e-con-full e-flex e-con e-child\" data-id=\"9d7167e\" data-element_type=\"container\" data-e-type=\"container\">\n\t\t\t\t<div class=\"elementor-element elementor-element-9abb753 wd-width-100 elementor-widget elementor-widget-wd_title\" data-id=\"9abb753\" data-element_type=\"widget\" data-e-type=\"widget\" data-widget_type=\"wd_title.default\">\n\t\t\t\t<div class=\"elementor-widget-container\">\n\t\t\t\t\t\t\t<div class=\"title-wrapper wd-set-mb reset-last-child wd-title-color-black wd-title-style-default wd-title-size-default text-left\">\n\n\t\t\t\n\t\t\t<div class=\"liner-continer\">\n\t\t\t\t<h2 class=\"woodmart-title-container title wd-fontsize-l\">Benutzerfreundliches Design<\/h2> \n\t\t\t\t\t\t\t<\/div>\n\n\t\t\t\t\t\t\t<div class=\"title-after_title reset-last-child wd-fontsize-xs\">\n\t\t\t\t\tEinfach zu bedienen und zu warten, wodurch ein effizienter Arbeitsablauf sichergestellt und Ausfallzeiten w\u00e4hrend kritischer Eingriffe minimiert werden.\t\t\t\t<\/div>\n\t\t\t\t\t<\/div>\n\t\t\t\t\t\t<\/div>\n\t\t\t\t<\/div>\n\t\t\t\t<\/div>\n\t\t\t\t<\/div>\n\t\t\t\t\t<\/div>\n\t\t\t\t<\/div>\n\t\t\t\t\t\t\t\t<\/div>\n\t\t\t\t\t\t\t\t\t\t\t<div class=\"swiper-slide\" data-slide=\"3\" role=\"group\" aria-roledescription=\"slide\" aria-label=\"3 von 3\">\n\t\t\t\t\t\t\t<div class=\"wd-negative-gap elementor-element elementor-element-b8ff6d7 e-flex e-con-boxed e-con e-child\" data-id=\"b8ff6d7\" data-element_type=\"container\" data-e-type=\"container\">\n\t\t\t\t\t<div class=\"e-con-inner\">\n\t\t<div class=\"elementor-element elementor-element-c3c09dc e-con-full e-flex e-con e-child\" data-id=\"c3c09dc\" data-element_type=\"container\" data-e-type=\"container\" data-settings=\"{&quot;background_background&quot;:&quot;classic&quot;}\">\n\t\t<div class=\"elementor-element elementor-element-d98b181 e-con-full e-flex e-con e-child\" data-id=\"d98b181\" data-element_type=\"container\" data-e-type=\"container\">\n\t\t\t\t<div class=\"elementor-element elementor-element-15086fb wd-width-100 elementor-widget elementor-widget-wd_title\" data-id=\"15086fb\" data-element_type=\"widget\" data-e-type=\"widget\" data-widget_type=\"wd_title.default\">\n\t\t\t\t<div class=\"elementor-widget-container\">\n\t\t\t\t\t\t\t<div class=\"title-wrapper wd-set-mb reset-last-child wd-title-color-black wd-title-style-default wd-title-size-default text-left\">\n\n\t\t\t\n\t\t\t<div class=\"liner-continer\">\n\t\t\t\t<h2 class=\"woodmart-title-container title wd-fontsize-l\">Schnelle L\u00f6sung<\/h2> \n\t\t\t\t\t\t\t<\/div>\n\n\t\t\t\t\t\t\t<div class=\"title-after_title reset-last-child wd-fontsize-xs\">\n\t\t\t\t\tDie tragbaren Absaugger\u00e4te von Inspital lassen sich dank ihres praktischen Designs leicht transportieren und bedienen.\t\t\t\t<\/div>\n\t\t\t\t\t<\/div>\n\t\t\t\t\t\t<\/div>\n\t\t\t\t<\/div>\n\t\t\t\t<\/div>\n\t\t\t\t<\/div>\n\t\t\t\t\t<\/div>\n\t\t\t\t<\/div>\n\t\t\t\t\t\t\t\t<\/div>\n\t\t\t\t\t\t\t\t<\/div>\n\t\t<\/div>\n\t\t\t\t\t\t<\/div>\n\t\t\t\t<\/div>\n\t\t\t\t<\/div>\n\t\t\t\t<\/div>\n\t\t\t\t<\/div>\n\t\t<div class=\"elementor-element elementor-element-e002be9 e-con-full wd-section-stretch-content e-flex e-con e-child\" data-id=\"e002be9\" data-element_type=\"container\" data-e-type=\"container\" data-settings=\"{&quot;background_background&quot;:&quot;classic&quot;}\">\n\t\t<div class=\"elementor-element elementor-element-94539e5 e-flex e-con-boxed e-con e-child\" data-id=\"94539e5\" data-element_type=\"container\" data-e-type=\"container\">\n\t\t\t\t\t<div class=\"e-con-inner\">\n\t\t\t\t<div class=\"elementor-element elementor-element-b946179 wd-width-100 elementor-widget elementor-widget-wd_title\" data-id=\"b946179\" data-element_type=\"widget\" data-e-type=\"widget\" data-widget_type=\"wd_title.default\">\n\t\t\t\t<div class=\"elementor-widget-container\">\n\t\t\t\t\t\t\t<div class=\"title-wrapper wd-set-mb reset-last-child wd-title-color-black wd-title-style-default wd-title-size-default text-left\">\n\n\t\t\t\n\t\t\t<div class=\"liner-continer\">\n\t\t\t\t<h2 class=\"woodmart-title-container title wd-fontsize-l\">Kundenfotos.<br \/>\n<\/h2> \n\t\t\t\t\t\t\t<\/div>\n\n\t\t\t\t\t<\/div>\n\t\t\t\t\t\t<\/div>\n\t\t\t\t<\/div>\n\t\t\t\t\t<\/div>\n\t\t\t\t<\/div>\n\t\t<div class=\"elementor-element elementor-element-af6b610 e-con-full wd-section-stretch e-flex e-con e-child\" data-id=\"af6b610\" data-element_type=\"container\" data-e-type=\"container\">\n\t\t\t\t<div class=\"elementor-element elementor-element-38964a5 elementor-widget elementor-widget-image-carousel\" data-id=\"38964a5\" data-element_type=\"widget\" data-e-type=\"widget\" data-settings=\"{&quot;slides_to_show&quot;:&quot;4&quot;,&quot;navigation&quot;:&quot;none&quot;,&quot;autoplay_speed&quot;:0,&quot;speed&quot;:5000,&quot;autoplay&quot;:&quot;yes&quot;,&quot;infinite&quot;:&quot;yes&quot;,&quot;image_spacing_custom&quot;:{&quot;unit&quot;:&quot;px&quot;,&quot;size&quot;:20,&quot;sizes&quot;:[]},&quot;image_spacing_custom_laptop&quot;:{&quot;unit&quot;:&quot;px&quot;,&quot;size&quot;:&quot;&quot;,&quot;sizes&quot;:[]},&quot;image_spacing_custom_tablet&quot;:{&quot;unit&quot;:&quot;px&quot;,&quot;size&quot;:&quot;&quot;,&quot;sizes&quot;:[]},&quot;image_spacing_custom_mobile&quot;:{&quot;unit&quot;:&quot;px&quot;,&quot;size&quot;:&quot;&quot;,&quot;sizes&quot;:[]}}\" data-widget_type=\"image-carousel.default\">\n\t\t\t\t<div class=\"elementor-widget-container\">\n\t\t\t\t\t\t\t<div class=\"elementor-image-carousel-wrapper swiper\" role=\"region\" aria-roledescription=\"carousel\" aria-label=\"Bild Karussell\" dir=\"ltr\">\n\t\t\t<div class=\"elementor-image-carousel swiper-wrapper\" aria-live=\"off\">\n\t\t\t\t\t\t\t\t<div class=\"swiper-slide\" role=\"group\" aria-roledescription=\"slide\" aria-label=\"1 von 7\"><a data-elementor-open-lightbox=\"yes\" data-elementor-lightbox-slideshow=\"38964a5\" data-elementor-lightbox-title=\"inspital-absauggerate-kundenfotos-002\" data-e-action-hash=\"#elementor-action%3Aaction%3Dlightbox%26settings%3DeyJpZCI6Njc0MywidXJsIjoiaHR0cHM6XC9cL2luc3BpdGFsLmNvbVwvd3AtY29udGVudFwvdXBsb2Fkc1wvMjAyNVwvMDRcL2luc3BpdGFsLWFic2F1Z2dlcmF0ZS1rdW5kZW5mb3Rvcy0wMDIuanBnIiwic2xpZGVzaG93IjoiMzg5NjRhNSJ9\" href=\"https:\/\/inspital.com\/wp-content\/uploads\/2025\/04\/inspital-absauggerate-kundenfotos-002.jpg\"><figure class=\"swiper-slide-inner\"><img decoding=\"async\" class=\"swiper-slide-image\" src=\"https:\/\/inspital.com\/wp-content\/uploads\/2025\/04\/inspital-absauggerate-kundenfotos-002.jpg\" alt=\"inspital-absauggerate-kundenfotos-002\" \/><\/figure><\/a><\/div><div class=\"swiper-slide\" role=\"group\" aria-roledescription=\"slide\" aria-label=\"2 von 7\"><a data-elementor-open-lightbox=\"yes\" data-elementor-lightbox-slideshow=\"38964a5\" data-elementor-lightbox-title=\"inspital-absauggerate-kundenfotos-003\" data-e-action-hash=\"#elementor-action%3Aaction%3Dlightbox%26settings%3DeyJpZCI6Njc0NCwidXJsIjoiaHR0cHM6XC9cL2luc3BpdGFsLmNvbVwvd3AtY29udGVudFwvdXBsb2Fkc1wvMjAyNVwvMDRcL2luc3BpdGFsLWFic2F1Z2dlcmF0ZS1rdW5kZW5mb3Rvcy0wMDMuanBnIiwic2xpZGVzaG93IjoiMzg5NjRhNSJ9\" href=\"https:\/\/inspital.com\/wp-content\/uploads\/2025\/04\/inspital-absauggerate-kundenfotos-003.jpg\"><figure class=\"swiper-slide-inner\"><img decoding=\"async\" class=\"swiper-slide-image\" src=\"https:\/\/inspital.com\/wp-content\/uploads\/2025\/04\/inspital-absauggerate-kundenfotos-003.jpg\" alt=\"inspital-absauggerate-kundenfotos-003\" \/><\/figure><\/a><\/div><div class=\"swiper-slide\" role=\"group\" aria-roledescription=\"slide\" aria-label=\"3 von 7\"><a data-elementor-open-lightbox=\"yes\" data-elementor-lightbox-slideshow=\"38964a5\" data-elementor-lightbox-title=\"inspital-kundenfotos-005\" data-e-action-hash=\"#elementor-action%3Aaction%3Dlightbox%26settings%3DeyJpZCI6NjU0NSwidXJsIjoiaHR0cHM6XC9cL2luc3BpdGFsLmNvbVwvd3AtY29udGVudFwvdXBsb2Fkc1wvMjAyNVwvMDRcL2luc3BpdGFsLWt1bmRlbmZvdG9zLTAwNS5qcGciLCJzbGlkZXNob3ciOiIzODk2NGE1In0%3D\" href=\"https:\/\/inspital.com\/wp-content\/uploads\/2025\/04\/inspital-kundenfotos-005.jpg\"><figure class=\"swiper-slide-inner\"><img decoding=\"async\" class=\"swiper-slide-image\" src=\"https:\/\/inspital.com\/wp-content\/uploads\/2025\/04\/inspital-kundenfotos-005.jpg\" alt=\"inspital-kundenfotos-005\" \/><\/figure><\/a><\/div><div class=\"swiper-slide\" role=\"group\" aria-roledescription=\"slide\" aria-label=\"4 von 7\"><a data-elementor-open-lightbox=\"yes\" data-elementor-lightbox-slideshow=\"38964a5\" data-elementor-lightbox-title=\"inspital-absauggerate-kundenfotos-006\" data-e-action-hash=\"#elementor-action%3Aaction%3Dlightbox%26settings%3DeyJpZCI6Njc0OCwidXJsIjoiaHR0cHM6XC9cL2luc3BpdGFsLmNvbVwvd3AtY29udGVudFwvdXBsb2Fkc1wvMjAyNVwvMDRcL2luc3BpdGFsLWFic2F1Z2dlcmF0ZS1rdW5kZW5mb3Rvcy0wMDYuanBnIiwic2xpZGVzaG93IjoiMzg5NjRhNSJ9\" href=\"https:\/\/inspital.com\/wp-content\/uploads\/2025\/04\/inspital-absauggerate-kundenfotos-006.jpg\"><figure class=\"swiper-slide-inner\"><img decoding=\"async\" class=\"swiper-slide-image\" src=\"https:\/\/inspital.com\/wp-content\/uploads\/2025\/04\/inspital-absauggerate-kundenfotos-006.jpg\" alt=\"inspital-absauggerate-kundenfotos-006\" \/><\/figure><\/a><\/div><div class=\"swiper-slide\" role=\"group\" aria-roledescription=\"slide\" aria-label=\"5 von 7\"><a data-elementor-open-lightbox=\"yes\" data-elementor-lightbox-slideshow=\"38964a5\" data-elementor-lightbox-title=\"inspital-absauggerate-kundenfotos-004\" data-e-action-hash=\"#elementor-action%3Aaction%3Dlightbox%26settings%3DeyJpZCI6Njc0NSwidXJsIjoiaHR0cHM6XC9cL2luc3BpdGFsLmNvbVwvd3AtY29udGVudFwvdXBsb2Fkc1wvMjAyNVwvMDRcL2luc3BpdGFsLWFic2F1Z2dlcmF0ZS1rdW5kZW5mb3Rvcy0wMDQuanBnIiwic2xpZGVzaG93IjoiMzg5NjRhNSJ9\" href=\"https:\/\/inspital.com\/wp-content\/uploads\/2025\/04\/inspital-absauggerate-kundenfotos-004.jpg\"><figure class=\"swiper-slide-inner\"><img decoding=\"async\" class=\"swiper-slide-image\" src=\"https:\/\/inspital.com\/wp-content\/uploads\/2025\/04\/inspital-absauggerate-kundenfotos-004.jpg\" alt=\"inspital-absauggerate-kundenfotos-004\" \/><\/figure><\/a><\/div><div class=\"swiper-slide\" role=\"group\" aria-roledescription=\"slide\" aria-label=\"6 von 7\"><a data-elementor-open-lightbox=\"yes\" data-elementor-lightbox-slideshow=\"38964a5\" data-elementor-lightbox-title=\"inspital-absauggerate-kundenfotos-001\" data-e-action-hash=\"#elementor-action%3Aaction%3Dlightbox%26settings%3DeyJpZCI6Njc0NiwidXJsIjoiaHR0cHM6XC9cL2luc3BpdGFsLmNvbVwvd3AtY29udGVudFwvdXBsb2Fkc1wvMjAyNVwvMDRcL2luc3BpdGFsLWFic2F1Z2dlcmF0ZS1rdW5kZW5mb3Rvcy0wMDEuanBnIiwic2xpZGVzaG93IjoiMzg5NjRhNSJ9\" href=\"https:\/\/inspital.com\/wp-content\/uploads\/2025\/04\/inspital-absauggerate-kundenfotos-001.jpg\"><figure class=\"swiper-slide-inner\"><img decoding=\"async\" class=\"swiper-slide-image\" src=\"https:\/\/inspital.com\/wp-content\/uploads\/2025\/04\/inspital-absauggerate-kundenfotos-001.jpg\" alt=\"inspital-absauggerate-kundenfotos-001\" \/><\/figure><\/a><\/div><div class=\"swiper-slide\" role=\"group\" aria-roledescription=\"slide\" aria-label=\"7 von 7\"><a data-elementor-open-lightbox=\"yes\" data-elementor-lightbox-slideshow=\"38964a5\" data-elementor-lightbox-title=\"inspital-absauggerate-kundenfotos-005\" data-e-action-hash=\"#elementor-action%3Aaction%3Dlightbox%26settings%3DeyJpZCI6Njc0NywidXJsIjoiaHR0cHM6XC9cL2luc3BpdGFsLmNvbVwvd3AtY29udGVudFwvdXBsb2Fkc1wvMjAyNVwvMDRcL2luc3BpdGFsLWFic2F1Z2dlcmF0ZS1rdW5kZW5mb3Rvcy0wMDUuanBnIiwic2xpZGVzaG93IjoiMzg5NjRhNSJ9\" href=\"https:\/\/inspital.com\/wp-content\/uploads\/2025\/04\/inspital-absauggerate-kundenfotos-005.jpg\"><figure class=\"swiper-slide-inner\"><img decoding=\"async\" class=\"swiper-slide-image\" src=\"https:\/\/inspital.com\/wp-content\/uploads\/2025\/04\/inspital-absauggerate-kundenfotos-005.jpg\" alt=\"inspital-absauggerate-kundenfotos-005\" \/><\/figure><\/a><\/div>\t\t\t<\/div>\n\t\t\t\t\t\t\t\n\t\t\t\t\t\t\t\t\t<\/div>\n\t\t\t\t\t\t<\/div>\n\t\t\t\t<\/div>\n\t\t\t\t<\/div>\n\t\t\t\t<\/div>\n\t\t\t\t<\/div>\n\t\t","protected":false},"excerpt":{"rendered":"<div class=\"detail\">\n<div class=\"cnt\">\n<p>INSPITAL Chirurgische Absaugger\u00e4te sind f\u00fcr das Absaugen von chirurgischen Fl\u00fcssigkeiten, Gasen und anderen Abf\u00e4llen im Operationsbereich w\u00e4hrend und nach der Operation ausgelegt. Das Ger\u00e4t erzeugt dank seiner wartungsfreien \u00f6lfreien Vakuumpumpe eine stabile Vakuumleistung bei eingestelltem Vakuumniveau. Dank der gro\u00dfen Auswahl an Zubeh\u00f6r eignet sich das Ger\u00e4t sehr gut f\u00fcr viele verschiedene Abteilungen im Krankenhaus.<\/p>\n<\/div>\n<\/div>\n","protected":false},"featured_media":3417,"template":"","meta":{"_acf_changed":false},"product_brand":[],"product_cat":[302,270,278,274,284,286,234,226,32,476,288,272,276,230],"product_tag":[],"class_list":{"0":"post-3415","1":"product","2":"type-product","3":"status-publish","4":"has-post-thumbnail","6":"product_cat-absaugeinheit","7":"product_cat-absauggeraet","8":"product_cat-absauggeraet-filter","9":"product_cat-absauggeraet-fuer-schleim","10":"product_cat-absauggeraet-notfall","11":"product_cat-absauggeraet-op","12":"product_cat-absauggeraete-pflege","13":"product_cat-absaugpumpen-medizin","14":"product_cat-chirurgische-absauggeraete","15":"product_cat-firmen-fuer-medizintechnik","16":"product_cat-medizinisches-absauggeraet","17":"product_cat-mobiles-absauggeraet","18":"product_cat-sekret-absauggeraet","19":"product_cat-sekretsauger","21":"first","22":"instock","23":"taxable","24":"shipping-taxable","25":"purchasable","26":"product-type-simple"},"acf":[],"_links":{"self":[{"href":"https:\/\/inspital.com\/de\/wp-json\/wp\/v2\/product\/3415","targetHints":{"allow":["GET"]}}],"collection":[{"href":"https:\/\/inspital.com\/de\/wp-json\/wp\/v2\/product"}],"about":[{"href":"https:\/\/inspital.com\/de\/wp-json\/wp\/v2\/types\/product"}],"version-history":[{"count":6,"href":"https:\/\/inspital.com\/de\/wp-json\/wp\/v2\/product\/3415\/revisions"}],"predecessor-version":[{"id":15313,"href":"https:\/\/inspital.com\/de\/wp-json\/wp\/v2\/product\/3415\/revisions\/15313"}],"wp:featuredmedia":[{"embeddable":true,"href":"https:\/\/inspital.com\/de\/wp-json\/wp\/v2\/media\/3417"}],"wp:attachment":[{"href":"https:\/\/inspital.com\/de\/wp-json\/wp\/v2\/media?parent=3415"}],"wp:term":[{"taxonomy":"product_brand","embeddable":true,"href":"https:\/\/inspital.com\/de\/wp-json\/wp\/v2\/product_brand?post=3415"},{"taxonomy":"product_cat","embeddable":true,"href":"https:\/\/inspital.com\/de\/wp-json\/wp\/v2\/product_cat?post=3415"},{"taxonomy":"product_tag","embeddable":true,"href":"https:\/\/inspital.com\/de\/wp-json\/wp\/v2\/product_tag?post=3415"}],"curies":[{"name":"wp","href":"https:\/\/api.w.org\/{rel}","templated":true}]}}