{"id":3409,"date":"2025-03-03T15:01:14","date_gmt":"2025-03-03T12:01:14","guid":{"rendered":"https:\/\/inspital.com\/?post_type=product&#038;p=3409"},"modified":"2026-04-02T13:16:25","modified_gmt":"2026-04-02T10:16:25","slug":"untersuchungsleuchte-ld02-05","status":"publish","type":"product","link":"https:\/\/inspital.com\/de\/produkt\/mobile-untersuchungsleuchte-ld0205\/","title":{"rendered":"Mobile Untersuchungsleuchte LD02.05"},"content":{"rendered":"","protected":false},"excerpt":{"rendered":"<div class=\"detail\">\n<div class=\"cnt\">\n<p>INSPITAL LED-Operationsleuchten erf\u00fcllen alle chirurgischen Beleuchtungsanforderungen von Operationss\u00e4len. Die LED-Technologie der neuen Generation hilft den Chirurgen, den Operationsbereich klar zu bedienen und zu sehen. INSPITAL LED-Leuchten k\u00f6nnen in jeder Gr\u00f6\u00dfe von Operationss\u00e4len angepasst werden, einschlie\u00dflich gro\u00dfer Hybridtypen mit einer Vielzahl von Modellen und Kombinationen.<\/p>\n<\/div>\n<\/div>\n","protected":false},"featured_media":3410,"template":"","meta":{"_acf_changed":false},"product_brand":[],"product_cat":[34,304,264,260,476,492,266,268,262,240,629,489,495,485,654,280,479,473,215,218,220,306],"product_tag":[],"class_list":{"0":"post-3409","1":"product","2":"type-product","3":"status-publish","4":"has-post-thumbnail","6":"product_cat-op-leuchten","7":"product_cat-beleuchtung-op-saal","8":"product_cat-fahrbare-op-lampe","9":"product_cat-op-leuchte-fahrbar","10":"product_cat-firmen-fuer-medizintechnik","11":"product_cat-led-op-lampe","12":"product_cat-mobile-untersuchungsleuchten","13":"product_cat-op-beleuchtung","14":"product_cat-op-lampe","15":"product_cat-op-leuchte-mobil","16":"product_cat-op-leuchten-ueber-op-tisch","17":"product_cat-op-lampe-mobil","18":"product_cat-op-lampe-wandmontage","19":"product_cat-op-leuchte-hersteller","20":"product_cat-op-leuchte-kaufen","21":"product_cat-op-leuchte-medizinprodukt","22":"product_cat-op-leuchte-montage","23":"product_cat-op-leuchten-hersteller","24":"product_cat-operationsleuchten","25":"product_cat-operationsleuchten-led","26":"product_cat-untersuchungsleuchte","27":"product_cat-untersuchungsleuchte-led","29":"first","30":"instock","31":"taxable","32":"shipping-taxable","33":"purchasable","34":"product-type-simple"},"acf":[],"_links":{"self":[{"href":"https:\/\/inspital.com\/de\/wp-json\/wp\/v2\/product\/3409","targetHints":{"allow":["GET"]}}],"collection":[{"href":"https:\/\/inspital.com\/de\/wp-json\/wp\/v2\/product"}],"about":[{"href":"https:\/\/inspital.com\/de\/wp-json\/wp\/v2\/types\/product"}],"version-history":[{"count":8,"href":"https:\/\/inspital.com\/de\/wp-json\/wp\/v2\/product\/3409\/revisions"}],"predecessor-version":[{"id":15208,"href":"https:\/\/inspital.com\/de\/wp-json\/wp\/v2\/product\/3409\/revisions\/15208"}],"wp:featuredmedia":[{"embeddable":true,"href":"https:\/\/inspital.com\/de\/wp-json\/wp\/v2\/media\/3410"}],"wp:attachment":[{"href":"https:\/\/inspital.com\/de\/wp-json\/wp\/v2\/media?parent=3409"}],"wp:term":[{"taxonomy":"product_brand","embeddable":true,"href":"https:\/\/inspital.com\/de\/wp-json\/wp\/v2\/product_brand?post=3409"},{"taxonomy":"product_cat","embeddable":true,"href":"https:\/\/inspital.com\/de\/wp-json\/wp\/v2\/product_cat?post=3409"},{"taxonomy":"product_tag","embeddable":true,"href":"https:\/\/inspital.com\/de\/wp-json\/wp\/v2\/product_tag?post=3409"}],"curies":[{"name":"wp","href":"https:\/\/api.w.org\/{rel}","templated":true}]}}